{"id":93669,"date":"2026-03-05T14:06:27","date_gmt":"2026-03-05T17:06:27","guid":{"rendered":"https:\/\/www.ecommerceupdate.com.br\/produto\/de-zero-a-1-milhao-no-mercado-livre\/"},"modified":"2026-03-13T15:43:17","modified_gmt":"2026-03-13T18:43:17","slug":"de-zero-a-1-milhao-no-mercado-livre","status":"publish","type":"product","link":"https:\/\/www.ecommerceupdate.com.br\/lv\/produto\/de-zero-a-1-milhao-no-mercado-livre\/","title":{"rendered":"Nulle l\u012bdz 1 miljonam br\u012bvaj\u0101 tirg\u016b"},"content":{"rendered":"<div class=\"woocommerce-product-details\">\n<h3>Produkta inform\u0101cija<\/h3>\n<ul>\n<li>ASIN: B0FP5QCW2Z<\/li>\n<li>Pieejam\u012bba: Uzziniet vair\u0101k<\/li>\n<li>Public\u0113\u0161anas datums: 2025. gada 28. augusts<\/li>\n<li>Izdevums: 1a<\/li>\n<li>Valoda: portug\u0101\u013cu<\/li>\n<li>Faila izm\u0113rs: 2.6 MB<\/li>\n<li>Fonta konfigur\u0101cija: nav iesp\u0113jota<\/li>\n<li>V\u0101rdu kr\u0101juma padomi: nav iesp\u0113jots<\/li>\n<li>Form\u0101ts: Drukas kopija<\/li>\n<li>Lapas apgrie\u0161ana: nav iesp\u0113jota<\/li>\n<li>Las\u012b\u0161anas vecums: 16 18 gadi<\/li>\n<li>Visvair\u0101k p\u0101rdoto pre\u010du reitings: Nr. 342 074 Kindle veikal\u0101 (Iepaz\u012bstieties ar 100 lab\u0101kajiem Kindle veikala kategorij\u0101) Nr. 189 uz\u0146\u0113muma atv\u0113r\u0161an\u0101 Nr. 307 mazaj\u0101 uz\u0146\u0113mum\u0101 Nr. 1339 uz\u0146\u0113mum\u0101 Enterprise<\/li>\n<li>189 Uz\u0146\u0113muma atv\u0113r\u0161an\u0101<\/li>\n<li>307 Mazaj\u0101 biznes\u0101<\/li>\n<li>1339 uz\u0146\u0113mum\u0101 Enterprise<\/li>\n<\/ul><\/div>","protected":false},"excerpt":{"rendered":"<p>Nulle l\u012bdz 1 miljonam br\u012bvaj\u0101 tirg\u016b<br \/>P\u0101rv\u0113rtiet savas idejas miljon\u0101ru p\u0101rdo\u0161an\u0101!<\/p>\n<p>\u0160\u012b rokasgr\u0101mata atkl\u0101j soli pa solim, lai izv\u0113l\u0113tos uzvar\u0113ju\u0161os produktus, izveidotu neatvair\u0101mas rekl\u0101mas un palielin\u0101tu p\u0101rdo\u0161anas apjomu, lai Mercado Livre p\u0101rsniegtu R$ 1 miljonu.<\/p>\n<p>Atkl\u0101jiet daudzsolo\u0161\u0101s 2025. gada ni\u0161as, izvairieties no k\u013c\u016bd\u0101m, kas p\u0101rtrauc 80% no p\u0101rdev\u0113jiem, un ieg\u016bstiet piek\u013cuvi kontrolsarakstiem, unik\u0101l\u0101m izkl\u0101jlap\u0101m un praktisk\u0101m strat\u0113\u0123ij\u0101m, ko piem\u0113rot \u0161odien.<\/p>\n<p>Br\u012bvais tirgus ir v\u0101rti uz pan\u0101kumiem e-komercij\u0101 Ar \u0161o gr\u0101matu jums b\u016bs karte, lai k\u013c\u016btu par miljon\u0101ru p\u0101rdev\u0113ju.<\/p>","protected":false},"featured_media":93669,"comment_status":"open","ping_status":"closed","template":"","meta":[],"product_cat":[1611,1629,1595],"product_tag":[],"class_list":{"0":"post-93669","1":"product","2":"type-product","3":"status-publish","4":"has-post-thumbnail","6":"product_brand-por-fernando-campos-autor-formato-ebook-kindle","7":"product_cat-administracao-negocios-e-economia","8":"product_cat-desenvolvimento-de-negocios-e-empreendedorismo","9":"product_cat-livros","11":"first","12":"instock","13":"shipping-taxable","14":"purchasable","15":"product-type-simple"},"aioseo_notices":[],"_links":{"self":[{"href":"https:\/\/www.ecommerceupdate.com.br\/lv\/wp-json\/wp\/v2\/product\/93669","targetHints":{"allow":["GET"]}}],"collection":[{"href":"https:\/\/www.ecommerceupdate.com.br\/lv\/wp-json\/wp\/v2\/product"}],"about":[{"href":"https:\/\/www.ecommerceupdate.com.br\/lv\/wp-json\/wp\/v2\/types\/product"}],"replies":[{"embeddable":true,"href":"https:\/\/www.ecommerceupdate.com.br\/lv\/wp-json\/wp\/v2\/comments?post=93669"}],"wp:featuredmedia":[{"embeddable":true,"href":"https:\/\/www.ecommerceupdate.com.br\/lv\/wp-json\/wp\/v2\/product\/93669"}],"wp:attachment":[{"href":"https:\/\/www.ecommerceupdate.com.br\/lv\/wp-json\/wp\/v2\/media?parent=93669"}],"wp:term":[{"taxonomy":"product_cat","embeddable":true,"href":"https:\/\/www.ecommerceupdate.com.br\/lv\/wp-json\/wp\/v2\/product_cat?post=93669"},{"taxonomy":"product_tag","embeddable":true,"href":"https:\/\/www.ecommerceupdate.com.br\/lv\/wp-json\/wp\/v2\/product_tag?post=93669"}],"curies":[{"name":"wp","href":"https:\/\/api.w.org\/{rel}","templated":true}]}}