{"id":93857,"date":"2026-03-05T21:55:38","date_gmt":"2026-03-06T00:55:38","guid":{"rendered":"https:\/\/www.ecommerceupdate.com.br\/produto\/marketing-de-varejo\/"},"modified":"2026-04-13T23:21:05","modified_gmt":"2026-04-14T02:21:05","slug":"marketing-de-varejo","status":"publish","type":"product","link":"https:\/\/www.ecommerceupdate.com.br\/lv\/produto\/marketing-de-varejo\/","title":{"rendered":"Mazumtirdzniec\u012bbas m\u0101rketings"},"content":{"rendered":"<div class=\"woocommerce-product-details\">\n<h3>Produkta inform\u0101cija<\/h3>\n<ul>\n<li>Izdevniec\u012bba: Atlas<\/li>\n<li>Public\u0113\u0161anas datums: 2006. gada 17. novembris<\/li>\n<li>Izdevums: 4a<\/li>\n<li>Valoda: portug\u0101\u013cu<\/li>\n<li>Lapu skaits : 376 lpp<\/li>\n<li>ISBN-10:8522445524<\/li>\n<li>ISBN-13:978-8522445523<\/li>\n<li>Produkta svars: 640g<\/li>\n<li>Izm\u0113ri: 23,8 x 17 x 2 cm<\/li>\n<li>Visvair\u0101k p\u0101rdoto pre\u010du reitings: Nr. 578 843 gr\u0101mat\u0101s (Iepaz\u012bstieties ar 100 lab\u0101kajiem gr\u0101matu kategorij\u0101) Nr. 2 011 m\u0101rketing\u0101 Nr. 10 292 vad\u012bb\u0101 un vad\u012bb\u0101 Nr. 39 195 br\u012bvdien\u0101s un festiv\u0101los B\u0113rni un b\u0113rni<\/li>\n<li>2011 m\u0101rketing\u0101<\/li>\n<li>10 292 vad\u012bb\u0101 un vad\u012bb\u0101<\/li>\n<li>39.195 Sv\u0113tkos un festiv\u0101los B\u0113rni un b\u0113rni un jaunie\u0161i<\/li>\n<li>Klientu atsauksmes: 5,0 5,0 no 5 zvaigzn\u0113m (1)<\/li>\n<\/ul><\/div>","protected":false},"excerpt":{"rendered":"<p>Pakalpojumu kl\u0101st\u0101 ir mazumtirdzniec\u012bbas darb\u012bba, kas rada nodarbin\u0101t\u012bbu lielai da\u013cai Braz\u012blijas iedz\u012bvot\u0101ju. Neskatoties uz t\u0101s noz\u012bmi ekonomik\u0101 un sabiedr\u012bb\u0101, \u0161aj\u0101 t\u0113m\u0101 ir maz specializ\u0113tu gr\u0101matu. Lai aizpild\u012btu \u0161o robu Braz\u012blijas tirgus literat\u016br\u0101, autors p\u0113t\u012bja \u0101rzemju un nacion\u0101los darbus, kas papildus vi\u0146a mazumtirdzniec\u012bbas m\u0101rketinga skolot\u0101ja pieredzei nodro\u0161in\u0101ja praktiskas un aktu\u0101las gr\u0101matas sagatavo\u0161anu, kas piel\u0101gota Braz\u012blijas vajadz\u012bb\u0101m. Rakst\u012bts objekt\u012bv\u0101 un vienk\u0101r\u0161\u0101 valod\u0101, darbs \u013cauj las\u012bt\u0101jam pielietot m\u0101rketinga metodes sav\u0101 mazumtirdzniec\u012bbas uz\u0146\u0113mum\u0101, neatkar\u012bgi no t\u0101, vai tas ir liels, vid\u0113js, mazs vai mikro, un atbilst sav\u0101m debat\u0113m par past\u0101v\u012bgajiem jaut\u0101jumiem un ekonomisko caurstr\u0101vo \u0161o jaut\u0101jumu.<\/p>","protected":false},"featured_media":93857,"comment_status":"open","ping_status":"closed","template":"","meta":{"_aipt_faq_data":""},"product_cat":[1611,1595,1618],"product_tag":[],"class_list":{"0":"post-93857","1":"product","2":"type-product","3":"status-publish","4":"has-post-thumbnail","6":"product_brand-edicao-portugus-por-alexandre-l-las-casas-autor","7":"product_cat-administracao-negocios-e-economia","8":"product_cat-livros","9":"product_cat-marketing-e-vendas","11":"first","12":"instock","13":"shipping-taxable","14":"purchasable","15":"product-type-simple"},"aioseo_notices":[],"_links":{"self":[{"href":"https:\/\/www.ecommerceupdate.com.br\/lv\/wp-json\/wp\/v2\/product\/93857","targetHints":{"allow":["GET"]}}],"collection":[{"href":"https:\/\/www.ecommerceupdate.com.br\/lv\/wp-json\/wp\/v2\/product"}],"about":[{"href":"https:\/\/www.ecommerceupdate.com.br\/lv\/wp-json\/wp\/v2\/types\/product"}],"replies":[{"embeddable":true,"href":"https:\/\/www.ecommerceupdate.com.br\/lv\/wp-json\/wp\/v2\/comments?post=93857"}],"wp:featuredmedia":[{"embeddable":true,"href":"https:\/\/www.ecommerceupdate.com.br\/lv\/wp-json\/wp\/v2\/product\/93857"}],"wp:attachment":[{"href":"https:\/\/www.ecommerceupdate.com.br\/lv\/wp-json\/wp\/v2\/media?parent=93857"}],"wp:term":[{"taxonomy":"product_cat","embeddable":true,"href":"https:\/\/www.ecommerceupdate.com.br\/lv\/wp-json\/wp\/v2\/product_cat?post=93857"},{"taxonomy":"product_tag","embeddable":true,"href":"https:\/\/www.ecommerceupdate.com.br\/lv\/wp-json\/wp\/v2\/product_tag?post=93857"}],"curies":[{"name":"wp","href":"https:\/\/api.w.org\/{rel}","templated":true}]}}