{"id":93898,"date":"2026-03-06T07:21:58","date_gmt":"2026-03-06T10:21:58","guid":{"rendered":"https:\/\/www.ecommerceupdate.com.br\/produto\/aspectos-de-operacoes-multicanais-e-omnichannel\/"},"modified":"2026-03-13T15:49:55","modified_gmt":"2026-03-13T18:49:55","slug":"aspectos-de-operacoes-multicanais-e-omnichannel","status":"publish","type":"product","link":"https:\/\/www.ecommerceupdate.com.br\/lv\/produto\/aspectos-de-operacoes-multicanais-e-omnichannel\/","title":{"rendered":"Daudzkan\u0101lu un daudzkan\u0101lu darb\u012bbu aspekti"},"content":{"rendered":"<div class=\"woocommerce-product-details\">\n<h3>Produkta inform\u0101cija<\/h3>\n<ul>\n<li>Izdevniec\u012bba: InterSaberes<\/li>\n<li>Public\u0113\u0161anas datums: 2022. gada 28. febru\u0101ris<\/li>\n<li>Izdevums: 1a<\/li>\n<li>Valoda: portug\u0101\u013cu<\/li>\n<li>Lapu skaits : 266 lapas<\/li>\n<li>ISBN-10:655517367X<\/li>\n<li>ISBN-13:978-6555173673<\/li>\n<li>Produkta svars: 300g<\/li>\n<li>Izm\u0113ri: 14 x 1,4 x 21 cm<\/li>\n<li>Visvair\u0101k p\u0101rdoto pre\u010du reitings: Nr. 483 474 gr\u0101mat\u0101s (Iepaz\u012bstieties ar 100 lab\u0101kajiem gr\u0101matu kategorij\u0101) Nr. 316 t\u012bmek\u013ca m\u0101rketing\u0101 Nr. 1 221 m\u0101rketing\u0101 Nr. 9 004 vad\u012bb\u0101 un vad\u012bb\u0101<\/li>\n<li>316 T\u012bmek\u013ca m\u0101rketing\u0101<\/li>\n<li>1221 m\u0101rketing\u0101<\/li>\n<li>9004 vad\u012bb\u0101 un vad\u012bb\u0101<\/li>\n<li>Klientu v\u0113rt\u0113jumi: 5.0 5.0 no 5 zvaigzn\u0113m (4)<\/li>\n<\/ul><\/div>","protected":false},"excerpt":{"rendered":"<p>Iedom\u0101jieties \u0161\u0101du situ\u0101ciju: j\u016bs atrodaties veikal\u0101, j\u016bs piesaista produkts, j\u016bs p\u0101rbaud\u0101t funkcijas un, visbeidzot, j\u016bs nolemjat to nepirkt. V\u0113l\u0101k, kad esat m\u0101j\u0101s, j\u016bs no\u017e\u0113lojat, ka neesat ieg\u0101d\u0101jies produktu, bet atcerieties, ka tam veikalam, kur\u0101 j\u016bs bij\u0101t, ir tie\u0161saistes p\u0101rdo\u0161anas pieteikums.Viegli, vai ne? No j\u016bsu m\u0101jas komforta j\u016bs p\u0113rkat to produktu, kuram jau ir bijis prieks \u201cvai ar rok\u0101m\u201d un joproj\u0101m varat to sa\u0146emt, neizejot no m\u0101j\u0101m. \u0160o pat\u0113r\u0113t\u0101ju pieredzi var piedz\u012bvot tikai uz\u0146\u0113mumos, kas darbojas vair\u0101k\u0101s platform\u0101s (multichanalize), kas var b\u016bt virtu\u0101ls pirkums vai var b\u016bt medijs.<\/p>","protected":false},"featured_media":0,"comment_status":"open","ping_status":"closed","template":"","meta":[],"product_cat":[1611,1595,1618],"product_tag":[],"class_list":{"0":"post-93898","1":"product","2":"type-product","3":"status-publish","5":"product_brand-por-las-ribeiro-autor-dayanna-dos-santos-costa-maciel-autor","6":"product_cat-administracao-negocios-e-economia","7":"product_cat-livros","8":"product_cat-marketing-e-vendas","10":"first","11":"instock","12":"sale","13":"shipping-taxable","14":"purchasable","15":"product-type-simple"},"aioseo_notices":[],"_links":{"self":[{"href":"https:\/\/www.ecommerceupdate.com.br\/lv\/wp-json\/wp\/v2\/product\/93898","targetHints":{"allow":["GET"]}}],"collection":[{"href":"https:\/\/www.ecommerceupdate.com.br\/lv\/wp-json\/wp\/v2\/product"}],"about":[{"href":"https:\/\/www.ecommerceupdate.com.br\/lv\/wp-json\/wp\/v2\/types\/product"}],"replies":[{"embeddable":true,"href":"https:\/\/www.ecommerceupdate.com.br\/lv\/wp-json\/wp\/v2\/comments?post=93898"}],"wp:attachment":[{"href":"https:\/\/www.ecommerceupdate.com.br\/lv\/wp-json\/wp\/v2\/media?parent=93898"}],"wp:term":[{"taxonomy":"product_cat","embeddable":true,"href":"https:\/\/www.ecommerceupdate.com.br\/lv\/wp-json\/wp\/v2\/product_cat?post=93898"},{"taxonomy":"product_tag","embeddable":true,"href":"https:\/\/www.ecommerceupdate.com.br\/lv\/wp-json\/wp\/v2\/product_tag?post=93898"}],"curies":[{"name":"wp","href":"https:\/\/api.w.org\/{rel}","templated":true}]}}