{"id":93906,"date":"2026-03-06T07:24:32","date_gmt":"2026-03-06T10:24:32","guid":{"rendered":"https:\/\/www.ecommerceupdate.com.br\/produto\/omnichannel-marketing-a-complete-guide-2021-edition\/"},"modified":"2026-03-08T14:06:11","modified_gmt":"2026-03-08T17:06:11","slug":"omnichannel-marketing-a-complete-guide-2021-edition","status":"publish","type":"product","link":"https:\/\/www.ecommerceupdate.com.br\/lv\/produto\/omnichannel-marketing-a-complete-guide-2021-edition\/","title":{"rendered":"Daudzkan\u0101lu m\u0101rketings Piln\u012bga rokasgr\u0101mata 2021. gada izdevums"},"content":{"rendered":"<div class=\"woocommerce-product-details\">\n<h3>Produkta inform\u0101cija<\/h3>\n<ul>\n<li>Valoda: ang\u013cu<\/li>\n<li>ISBN-10:186742052X<\/li>\n<li>ISBN-13:978-1867420521<\/li>\n<li>Produkta svars: 549g<\/li>\n<li>Izm\u0113ri: 15.24 x 2.03 x 22.86 cm<\/li>\n<li>Klientu atsauksmes: 5,0 5,0 no 5 zvaigzn\u0113m (1)<\/li>\n<\/ul><\/div>","protected":false},"excerpt":{"rendered":"<p>Preces inform\u0101cija Valoda: English ISBN-10 : 186742052X ISBN-13 : 978-1867420521 Preces svars : 549g Izm\u0113ri: 15.24 x 2.03 x 22.86 cm Klientu v\u0113rt\u0113jumi: 5.0 5.0 no 5 zvaigzn\u0113m (1)<\/p>","protected":false},"featured_media":0,"comment_status":"open","ping_status":"closed","template":"","meta":{"_aipt_faq_data":""},"product_cat":[1595,1610],"product_tag":[],"class_list":{"0":"post-93906","1":"product","2":"type-product","3":"status-publish","5":"product_brand-edicao-ingls","6":"product_cat-livros","7":"product_cat-livros-internacionais","9":"first","10":"instock","11":"shipping-taxable","12":"purchasable","13":"product-type-simple"},"aioseo_notices":[],"_links":{"self":[{"href":"https:\/\/www.ecommerceupdate.com.br\/lv\/wp-json\/wp\/v2\/product\/93906","targetHints":{"allow":["GET"]}}],"collection":[{"href":"https:\/\/www.ecommerceupdate.com.br\/lv\/wp-json\/wp\/v2\/product"}],"about":[{"href":"https:\/\/www.ecommerceupdate.com.br\/lv\/wp-json\/wp\/v2\/types\/product"}],"replies":[{"embeddable":true,"href":"https:\/\/www.ecommerceupdate.com.br\/lv\/wp-json\/wp\/v2\/comments?post=93906"}],"wp:attachment":[{"href":"https:\/\/www.ecommerceupdate.com.br\/lv\/wp-json\/wp\/v2\/media?parent=93906"}],"wp:term":[{"taxonomy":"product_cat","embeddable":true,"href":"https:\/\/www.ecommerceupdate.com.br\/lv\/wp-json\/wp\/v2\/product_cat?post=93906"},{"taxonomy":"product_tag","embeddable":true,"href":"https:\/\/www.ecommerceupdate.com.br\/lv\/wp-json\/wp\/v2\/product_tag?post=93906"}],"curies":[{"name":"wp","href":"https:\/\/api.w.org\/{rel}","templated":true}]}}