{"id":94143,"date":"2026-03-08T22:08:53","date_gmt":"2026-03-09T01:08:53","guid":{"rendered":"https:\/\/www.ecommerceupdate.com.br\/produto\/kindle-paperwhite-signature-edition-32-gb-geracao-mais-recente-o-kindle-mais-rapido-ja-lancado-com-luz-frontal-autoadaptavel-carregamento-sem-fio-e-bateria-que-dura-semanas-cor-preta-metalica\/"},"modified":"2026-05-03T12:41:22","modified_gmt":"2026-05-03T15:41:22","slug":"kindle-paperwhite-signature-edition-32-gb-geracao-mais-recente-o-kindle-mais-rapido-ja-lancado-com-luz-frontal-autoadaptavel-carregamento-sem-fio-e-bateria-que-dura-semanas-cor-preta-metalica","status":"publish","type":"product","link":"https:\/\/www.ecommerceupdate.com.br\/lv\/produto\/kindle-paperwhite-signature-edition-32-gb-geracao-mais-recente-o-kindle-mais-rapido-ja-lancado-com-luz-frontal-autoadaptavel-carregamento-sem-fio-e-bateria-que-dura-semanas-cor-preta-metalica\/","title":{"rendered":"Kindle Paperwhite Signature Edition 32 GB (jaun\u0101k\u0101 paaudze) (\u0101tr\u0101kais Kindle, k\u0101ds jebkad izlaists, ar pa\u0161piel\u0101gojo\u0161u priek\u0161\u0113jo gaismu, bezvadu uzl\u0101di un akumulatora darb\u012bbas laiku, kas ilgst ned\u0113\u013cas (\u0101tr\u0101k\u0101 meln\u0101 kr\u0101sa met\u0101liska"},"content":{"rendered":"<p><br \/>\nO Kindle mais r\u00e1pido j\u00e1 lan\u00e7ado &#8211; A tela Paperwhite de 7\u201d de \u00faltima gera\u00e7\u00e3o conta com alto contraste e trocas de p\u00e1gina 25% mais r\u00e1pidas.<br \/>\nPronto para viagem &#8211; O design ultrafino tem uma tela antirreflexo maior para garantir a nitidez das p\u00e1ginas, onde voc\u00ea estiver.<br \/>\nEmbarque em uma jornada liter\u00e1ria &#8211; O Kindle n\u00e3o tem acesso a redes sociais, notifica\u00e7\u00f5es ou outros aplicativos que tiram a sua aten\u00e7\u00e3o.<br \/>\nAdapta-se ao seu ambiente &#8211; A luz frontal autoadapt\u00e1vel permite que voc\u00ea leia sob a luz mais intensa do sol ou \u00e0 noite.<br \/>\nBateria para maratonar suas hist\u00f3rias favoritas &#8211; Uma \u00fanica carga por USB-C ou com o carregador sem fio Made for Amazon (vendido separadamente) dura at\u00e9 12 semanas.<br \/>\n\u00c0 prova d\u2019\u00e1gua e de preocupa\u00e7\u00f5es &#8211; Leve suas hist\u00f3rias para a piscina, banheira ou para onde voc\u00ea quiser.<br \/>\nImensa variedade de livros &#8211; Obtenha acesso imediato a mais de 3 milh\u00f5es de t\u00edtulos na Loja Kindle e assine o Kindle Unlimited para ter acesso a ainda mais conte\u00fado.<br \/>\n[amz_corss_sell asin=&#8221;B0CFPHTMDX&#8221;]<\/p>\n","protected":false},"excerpt":{"rendered":"<p>Liel\u0101k\u0101 priek\u0161roc\u012bba ir \u0101tr\u0101k\u0101 las\u012b\u0161anas pieredze, k\u0101da jebkad ir uzs\u0101kta, ar pa\u0161piel\u0101gojo\u0161u priek\u0161\u0113jo gaismu, kas autom\u0101tiski piel\u0101go apgaismojumu videi, nodro\u0161inot papla\u0161in\u0101tu komfortu pat nakts las\u012b\u0161an\u0101. Turkl\u0101t tas pied\u0101v\u0101 progres\u012bvas tehnolo\u0123isk\u0101s funkcijas, kas paaugstina las\u012b\u0161anas pieredzi, p\u0101rsniedzot cer\u012bbas.<\/p>","protected":false},"featured_media":0,"comment_status":"open","ping_status":"closed","template":"","meta":[],"product_cat":[1593],"product_tag":[2580,2329,2581],"class_list":{"0":"post-94143","1":"product","2":"type-product","3":"status-publish","4":"product_cat-sem-categoria","5":"product_tag-auto-adjusting-front-light-kindle","6":"product_tag-kindle-paperwhite-signature-edition-32gb","7":"product_tag-wireless-charging-kindle-paperwhite-for-travel","8":"pa_brand-visite-a-loja-kindle-da-amazon","10":"first","11":"instock","12":"sale","13":"shipping-taxable","14":"purchasable","15":"product-type-simple"},"aioseo_notices":[],"_links":{"self":[{"href":"https:\/\/www.ecommerceupdate.com.br\/lv\/wp-json\/wp\/v2\/product\/94143","targetHints":{"allow":["GET"]}}],"collection":[{"href":"https:\/\/www.ecommerceupdate.com.br\/lv\/wp-json\/wp\/v2\/product"}],"about":[{"href":"https:\/\/www.ecommerceupdate.com.br\/lv\/wp-json\/wp\/v2\/types\/product"}],"replies":[{"embeddable":true,"href":"https:\/\/www.ecommerceupdate.com.br\/lv\/wp-json\/wp\/v2\/comments?post=94143"}],"wp:attachment":[{"href":"https:\/\/www.ecommerceupdate.com.br\/lv\/wp-json\/wp\/v2\/media?parent=94143"}],"wp:term":[{"taxonomy":"product_cat","embeddable":true,"href":"https:\/\/www.ecommerceupdate.com.br\/lv\/wp-json\/wp\/v2\/product_cat?post=94143"},{"taxonomy":"product_tag","embeddable":true,"href":"https:\/\/www.ecommerceupdate.com.br\/lv\/wp-json\/wp\/v2\/product_tag?post=94143"}],"curies":[{"name":"wp","href":"https:\/\/api.w.org\/{rel}","templated":true}]}}