{"id":94283,"date":"2026-03-11T13:13:03","date_gmt":"2026-03-11T16:13:03","guid":{"rendered":"https:\/\/www.ecommerceupdate.com.br\/produto\/a-psicologia-da-midia-social\/"},"modified":"2026-03-13T15:55:35","modified_gmt":"2026-03-13T18:55:35","slug":"a-psicologia-da-midia-social","status":"publish","type":"product","link":"https:\/\/www.ecommerceupdate.com.br\/lv\/produto\/a-psicologia-da-midia-social\/","title":{"rendered":"Soci\u0101lo mediju psiholo\u0123ija"},"content":{"rendered":"<div class=\"woocommerce-product-details\"><\/div>","protected":false},"excerpt":{"rendered":"<p>Vai m\u0113s patie\u0161\u0101m esam pa\u0161i soci\u0101lajos medijos? Vai ir k\u0101ds labums sazin\u0101ties ar cilv\u0113kiem, kurus m\u0113s tik tikko paz\u012bstam? K\u0101p\u0113c da\u017ei cilv\u0113ki p\u0101r\u0101k daudz dal\u0101s soci\u0101lajos medijos?<br \/> Soci\u0101lo mediju psiholo\u0123ija p\u0113ta, k\u0101 m\u016bsu ikdienas dz\u012bve notiek tie\u0161saist\u0113 un k\u0101 t\u0101 var ietekm\u0113t m\u016bsu identit\u0101ti, labkl\u0101j\u012bbu un pakalpojumus. \u0160aj\u0101 gr\u0101mat\u0101 ir apl\u016bkots, k\u0101 m\u016bsu profili, m\u016bsu kontakti, m\u016bsu statusa atjaunin\u0101jumi un k\u0101 fotoatt\u0113li, kurus m\u0113s kop\u012bgojam tie\u0161saist\u0113, var b\u016bt veids. lai izteiktu sevi un papla\u0161in\u0101tu m\u016bsu kontaktu t\u012bklu, bet ar\u012b uzsv\u0113rts, k\u0101 pla\u0161sazi\u0146as l\u012bdzek\u013ci tiek aiztur\u0113ti<br \/> soci\u0101l\u0101s probl\u0113mas, tostarp priv\u0101tuma probl\u0113mas.<br \/> Soci\u0101lo mediju psiholo\u0123ija FOMO l\u012bdz frapingam, apak\u0161tv\u012bto\u0161anai l\u012bdz pa\u0161bild\u0113m par\u0101da, k\u0101 t\u012bkli ir att\u012bst\u012bju\u0161i piln\u012bgi jaunu komunik\u0101cijas pasauli un lab\u0101k vai slikt\u0101k, visticam\u0101k, ar\u012b turpm\u0101k b\u016bs b\u016btiska da\u013ca no t\u0101, k\u0101 m\u0113s viens otru saprotam k\u0101 cilv\u0113kus.<\/p>","protected":false},"featured_media":94283,"comment_status":"open","ping_status":"closed","template":"","meta":[],"product_cat":[1638,1595,1637],"product_tag":[],"class_list":{"0":"post-94283","1":"product","2":"type-product","3":"status-publish","4":"has-post-thumbnail","6":"product_brand-edicao-portugus-por-ciarn-mc-mahon-autor","7":"product_cat-ciencias-sociais","8":"product_cat-livros","9":"product_cat-politica-filosofia-e-ciencias-sociais","11":"first","12":"instock","13":"sale","14":"shipping-taxable","15":"purchasable","16":"product-type-simple"},"aioseo_notices":[],"_links":{"self":[{"href":"https:\/\/www.ecommerceupdate.com.br\/lv\/wp-json\/wp\/v2\/product\/94283","targetHints":{"allow":["GET"]}}],"collection":[{"href":"https:\/\/www.ecommerceupdate.com.br\/lv\/wp-json\/wp\/v2\/product"}],"about":[{"href":"https:\/\/www.ecommerceupdate.com.br\/lv\/wp-json\/wp\/v2\/types\/product"}],"replies":[{"embeddable":true,"href":"https:\/\/www.ecommerceupdate.com.br\/lv\/wp-json\/wp\/v2\/comments?post=94283"}],"wp:featuredmedia":[{"embeddable":true,"href":"https:\/\/www.ecommerceupdate.com.br\/lv\/wp-json\/wp\/v2\/product\/94283"}],"wp:attachment":[{"href":"https:\/\/www.ecommerceupdate.com.br\/lv\/wp-json\/wp\/v2\/media?parent=94283"}],"wp:term":[{"taxonomy":"product_cat","embeddable":true,"href":"https:\/\/www.ecommerceupdate.com.br\/lv\/wp-json\/wp\/v2\/product_cat?post=94283"},{"taxonomy":"product_tag","embeddable":true,"href":"https:\/\/www.ecommerceupdate.com.br\/lv\/wp-json\/wp\/v2\/product_tag?post=94283"}],"curies":[{"name":"wp","href":"https:\/\/api.w.org\/{rel}","templated":true}]}}