{"id":94354,"date":"2026-03-12T13:40:08","date_gmt":"2026-03-12T16:40:08","guid":{"rendered":"https:\/\/www.ecommerceupdate.com.br\/produto\/e-commerce-conceitos-implementacao-e-gestao\/"},"modified":"2026-03-13T15:57:10","modified_gmt":"2026-03-13T18:57:10","slug":"e-commerce-conceitos-implementacao-e-gestao","status":"publish","type":"product","link":"https:\/\/www.ecommerceupdate.com.br\/lv\/produto\/e-commerce-conceitos-implementacao-e-gestao\/","title":{"rendered":"E-komercija: koncepcijas, ievie\u0161ana un vad\u012bba"},"content":{"rendered":"<div class=\"woocommerce-product-details\">\n<h3>Produkta inform\u0101cija<\/h3>\n<ul>\n<li>Izdevniec\u012bba: InterSaberes<\/li>\n<li>Public\u0113\u0161anas datums: 2016. gada 1. augusts<\/li>\n<li>Izdevums: 1a<\/li>\n<li>Valoda: portug\u0101\u013cu<\/li>\n<li>Lapu skaits : 310 lpp<\/li>\n<li>ISBN-10:8559722084<\/li>\n<li>ISBN-13:978-8559722086<\/li>\n<li>Produkta svars: 350g<\/li>\n<li>Las\u012b\u0161anas vecums: 12 gadi un vair\u0101k<\/li>\n<li>Izm\u0113ri: 20,8 x 14,2 x 1,6 cm<\/li>\n<li>Visvair\u0101k p\u0101rdoto pre\u010du reitings: 157 849. vieta gr\u0101mat\u0101s (Satiecies ar 100 lab\u0101kajiem gr\u0101matu kategorij\u0101) 3 428. vieta vad\u012bb\u0101 un vad\u012bb\u0101<\/li>\n<li>3428 vad\u012bb\u0101 un vad\u012bb\u0101<\/li>\n<li>Klientu atsauksmes: 4,7 4,7 no 5 zvaigzn\u0113m (34)<\/li>\n<\/ul><\/div>","protected":false},"excerpt":{"rendered":"<p>L\u012bdz ar inform\u0101cijas un komunik\u0101cijas tehnolo\u0123iju pa\u0101trin\u0101tu att\u012bst\u012bbu, e-komercijas visumu veidojo\u0161o koncepciju, strat\u0113\u0123iju un r\u012bku apg\u016b\u0161ana ir k\u013cuvusi par fundament\u0101lu visiem tiem, kas v\u0113las g\u016bt pan\u0101kumus uz\u0146\u0113m\u0113jdarb\u012bbas vid\u0113 N\u0101c kop\u0101 ar mums p\u0101rdom\u0101t priek\u0161roc\u012bbas un izaicin\u0101jumus, kas parasti sastopami e-komercij\u0101, un lab\u0101k p\u0101rzin\u0101t \u0161aj\u0101 darb\u012bb\u0101 iesaist\u012bto tehnolo\u0123iju darb\u012bbu \u0160\u012b las\u012bjuma beig\u0101s var\u0113si uztvert aspektus, kas at\u0161\u0137ir digit\u0101lo tirgu no tradicion\u0101l\u0101 un \u0161\u012bs zin\u0101\u0161anas vari pielietot sava ikdienas darba praks\u0113.<\/p>","protected":false},"featured_media":94354,"comment_status":"open","ping_status":"closed","template":"","meta":[],"product_cat":[1611,1621,1595],"product_tag":[],"class_list":{"0":"post-94354","1":"product","2":"type-product","3":"status-publish","4":"has-post-thumbnail","6":"product_brand-edicao-portugus-por-nara-stefano-autor-izabel-cristina-zattar-autor","7":"product_cat-administracao-negocios-e-economia","8":"product_cat-gestao-e-lideranca","9":"product_cat-livros","11":"first","12":"instock","13":"sale","14":"shipping-taxable","15":"purchasable","16":"product-type-simple"},"aioseo_notices":[],"_links":{"self":[{"href":"https:\/\/www.ecommerceupdate.com.br\/lv\/wp-json\/wp\/v2\/product\/94354","targetHints":{"allow":["GET"]}}],"collection":[{"href":"https:\/\/www.ecommerceupdate.com.br\/lv\/wp-json\/wp\/v2\/product"}],"about":[{"href":"https:\/\/www.ecommerceupdate.com.br\/lv\/wp-json\/wp\/v2\/types\/product"}],"replies":[{"embeddable":true,"href":"https:\/\/www.ecommerceupdate.com.br\/lv\/wp-json\/wp\/v2\/comments?post=94354"}],"wp:featuredmedia":[{"embeddable":true,"href":"https:\/\/www.ecommerceupdate.com.br\/lv\/wp-json\/wp\/v2\/product\/94354"}],"wp:attachment":[{"href":"https:\/\/www.ecommerceupdate.com.br\/lv\/wp-json\/wp\/v2\/media?parent=94354"}],"wp:term":[{"taxonomy":"product_cat","embeddable":true,"href":"https:\/\/www.ecommerceupdate.com.br\/lv\/wp-json\/wp\/v2\/product_cat?post=94354"},{"taxonomy":"product_tag","embeddable":true,"href":"https:\/\/www.ecommerceupdate.com.br\/lv\/wp-json\/wp\/v2\/product_tag?post=94354"}],"curies":[{"name":"wp","href":"https:\/\/api.w.org\/{rel}","templated":true}]}}