{"id":94357,"date":"2026-03-12T13:40:51","date_gmt":"2026-03-12T16:40:51","guid":{"rendered":"https:\/\/www.ecommerceupdate.com.br\/produto\/e-commerce-uma-via-de-mao-dupla\/"},"modified":"2026-03-13T15:57:33","modified_gmt":"2026-03-13T18:57:33","slug":"e-commerce-uma-via-de-mao-dupla","status":"publish","type":"product","link":"https:\/\/www.ecommerceupdate.com.br\/lv\/produto\/e-commerce-uma-via-de-mao-dupla\/","title":{"rendered":"E-komercija: divvirzienu iela."},"content":{"rendered":"<div class=\"woocommerce-product-details\"><\/div>","protected":false},"excerpt":{"rendered":"<p>Ar daudzu gadu pieredzi da\u017e\u0101d\u0101s e-komercijas jom\u0101s, \u010detri profesion\u0101\u013ci no da\u017e\u0101d\u0101m jom\u0101m ir san\u0101ku\u0161i kop\u0101, lai dokument\u0113tu savas zin\u0101\u0161anas un pieredzi darb\u0101 ar tie\u0161saistes p\u0101rdo\u0161anu \u0160is darbs nes 360. scen\u0101riju par to, kas nepiecie\u0161ams, lai p\u0101rvald\u012btu da\u017e\u0101das e-komercijas komandas un strat\u0113\u0123ijas, izmantojot t\u0101das t\u0113mas k\u0101 biznesa pl\u0101no\u0161ana, digit\u0101lais m\u0101rketings, birokr\u0101tija, lo\u0123istika, p\u0101rdo\u0161anas platforma, maks\u0101jumu sist\u0113mas, cita starp\u0101. Tas ir ce\u013cvedis no A l\u012bdz Z, kas pal\u012bdz profesion\u0101\u013ciem, kuri uzs\u0101k savu e-komerciju vai kuri ir t\u0101s vad\u012bb\u0101, vai nu veikala visp\u0101r\u0113j\u0101 administr\u0101cij\u0101, vai konkr\u0113t\u0101 komand\u0101.<\/p>","protected":false},"featured_media":94357,"comment_status":"open","ping_status":"closed","template":"","meta":[],"product_cat":[1611,1621,1595],"product_tag":[],"class_list":{"0":"post-94357","1":"product","2":"type-product","3":"status-publish","4":"has-post-thumbnail","6":"product_brand-por-denis-andrade-e-gabriela-schilling-edmilson-maleski-jessica-fragoso-autor-viseu-editor","7":"product_cat-administracao-negocios-e-economia","8":"product_cat-gestao-e-lideranca","9":"product_cat-livros","11":"first","12":"instock","13":"shipping-taxable","14":"purchasable","15":"product-type-simple"},"aioseo_notices":[],"_links":{"self":[{"href":"https:\/\/www.ecommerceupdate.com.br\/lv\/wp-json\/wp\/v2\/product\/94357","targetHints":{"allow":["GET"]}}],"collection":[{"href":"https:\/\/www.ecommerceupdate.com.br\/lv\/wp-json\/wp\/v2\/product"}],"about":[{"href":"https:\/\/www.ecommerceupdate.com.br\/lv\/wp-json\/wp\/v2\/types\/product"}],"replies":[{"embeddable":true,"href":"https:\/\/www.ecommerceupdate.com.br\/lv\/wp-json\/wp\/v2\/comments?post=94357"}],"wp:featuredmedia":[{"embeddable":true,"href":"https:\/\/www.ecommerceupdate.com.br\/lv\/wp-json\/wp\/v2\/product\/94357"}],"wp:attachment":[{"href":"https:\/\/www.ecommerceupdate.com.br\/lv\/wp-json\/wp\/v2\/media?parent=94357"}],"wp:term":[{"taxonomy":"product_cat","embeddable":true,"href":"https:\/\/www.ecommerceupdate.com.br\/lv\/wp-json\/wp\/v2\/product_cat?post=94357"},{"taxonomy":"product_tag","embeddable":true,"href":"https:\/\/www.ecommerceupdate.com.br\/lv\/wp-json\/wp\/v2\/product_tag?post=94357"}],"curies":[{"name":"wp","href":"https:\/\/api.w.org\/{rel}","templated":true}]}}