{"id":94361,"date":"2026-03-12T13:41:57","date_gmt":"2026-03-12T16:41:57","guid":{"rendered":"https:\/\/www.ecommerceupdate.com.br\/produto\/amazon-fba-masterclass-navigating-the-e-commerce-revolution\/"},"modified":"2026-03-13T15:57:57","modified_gmt":"2026-03-13T18:57:57","slug":"amazon-fba-masterclass-navigating-the-e-commerce-revolution","status":"publish","type":"product","link":"https:\/\/www.ecommerceupdate.com.br\/lv\/produto\/amazon-fba-masterclass-navigating-the-e-commerce-revolution\/","title":{"rendered":"Amazon FBA meistarklase: navig\u0101cija e-komercijas revol\u016bcij\u0101"},"content":{"rendered":"<div class=\"woocommerce-product-details\">\n<h3>Produkta inform\u0101cija<\/h3>\n<ul>\n<li>ASIN: B0CDNMNTJP<\/li>\n<li>Izdev\u0113js: Patst\u0101v\u012bgi public\u0113ts<\/li>\n<li>Public\u0113\u0161anas datums: 2023. gada 5. augusts<\/li>\n<li>Valoda: ang\u013cu<\/li>\n<li>ISBN-13:979-8856122717<\/li>\n<li>Produkta svars: 127g<\/li>\n<li>Izm\u0113ri: 21.59 x 0.18 x 27.94 cm<\/li>\n<li>Klientu atsauksmes: 3,7 3,7 no 5 zvaigzn\u0113m (4)<\/li>\n<\/ul><\/div>","protected":false},"excerpt":{"rendered":"<p>Amazon FBA meistarklase: navig\u0101cija e-komercijas revol\u016bcij\u0101Vai esat gatavs atsl\u0113gt durvis uz finansi\u0101lo br\u012bv\u012bbu un uz\u0146emties atbild\u012bbu par savu likteni? Laipni l\u016bdzam Amazon FBA meistarklas\u0113, kur m\u0113s j\u016bs virz\u012bsim p\u0101rveidojo\u0161\u0101 ce\u013cojum\u0101 pa e-komercijas virzo\u0161o pasauli.\u0160aj\u0101 visaptvero\u0161aj\u0101 un ieskatu pilnaj\u0101 gr\u0101mat\u0101 m\u0113s sniedzam Amazon programmas Fulfillment by Amazon (FBA) dzi\u013cumos, nodro\u0161inot j\u016bs ar zin\u0101\u0161an\u0101m un zin\u0101\u0161an\u0101m, lai sasniegtu ce\u013cu uz virszemes.<\/p>\n<p><span>Aptveriet e-komercijas revol\u016bciju: atkl\u0101jiet nep\u0101rsp\u0113jamo Amazon FBA potenci\u0101lu, jo m\u0113s atkl\u0101jam bezgal\u012bg\u0101s iesp\u0113jas, ko tas pied\u0101v\u0101 gan topo\u0161ajiem uz\u0146\u0113m\u0113jiem, gan pieredz\u0113ju\u0161iem uz\u0146\u0113mumu \u012bpa\u0161niekiem. Atvadieties no tradicion\u0101lajiem mazumtirdzniec\u012bbas mode\u013ciem un apsveiciet tie\u0161saistes p\u0101rdo\u0161anas n\u0101kotni.<\/span><\/p>\n<p>Aptveriet e-komercijas revol\u016bciju: atkl\u0101jiet nep\u0101rsp\u0113jamo Amazon FBA potenci\u0101lu, jo m\u0113s atkl\u0101jam bezgal\u012bg\u0101s iesp\u0113jas, ko tas pied\u0101v\u0101 gan topo\u0161ajiem uz\u0146\u0113m\u0113jiem, gan pieredz\u0113ju\u0161iem uz\u0146\u0113mumu \u012bpa\u0161niekiem. Atvadieties no tradicion\u0101lajiem mazumtirdzniec\u012bbas mode\u013ciem un apsveiciet tie\u0161saistes p\u0101rdo\u0161anas n\u0101kotni.<\/p>\n<p><span>Neatvair\u0101mu sarakstu izveide: iem\u0101cieties izveidot tver\u0161anas produktu sarakstus, kas veido klientus un palielina rekl\u0101mguvumu l\u012bmeni. Atkl\u0101jiet vizu\u0101li pievilc\u012bgu produktu att\u0113lu m\u0101kslu, izce\u013cot savus sarakstus un atst\u0101jot palieko\u0161u iespaidu.<\/span><\/p>\n<p>Neatvair\u0101mu sarakstu izveide: iem\u0101cieties izveidot tver\u0161anas produktu sarakstus, kas veido klientus un palielina rekl\u0101mguvumu l\u012bmeni. Atkl\u0101jiet vizu\u0101li pievilc\u012bgu produktu att\u0113lu m\u0101kslu, izce\u013cot savus sarakstus un atst\u0101jot palieko\u0161u iespaidu.<\/p>\n<p><span>Z\u012bmola veido\u0161anas sp\u0113ks: z\u012bmola veido\u0161anas noz\u012bmes izpratne un unik\u0101las identit\u0101tes rad\u012b\u0161ana, kas sasaucas ar j\u016bsu m\u0113r\u0137auditoriju, veicinot lojalit\u0101ti un uztic\u0113\u0161anos. Izp\u0113tiet realit\u0101ti \u0101rpus Amazon, kad m\u0113s vad\u0101m j\u016bs, veidojot daudzkan\u0101lu kl\u0101tb\u016btni.<\/span><\/p>\n<p>Z\u012bmola veido\u0161anas sp\u0113ks: z\u012bmola veido\u0161anas noz\u012bmes izpratne un unik\u0101las identit\u0101tes rad\u012b\u0161ana, kas sasaucas ar j\u016bsu m\u0113r\u0137auditoriju, veicinot lojalit\u0101ti un uztic\u0113\u0161anos. Izp\u0113tiet realit\u0101ti \u0101rpus Amazon, kad m\u0113s vad\u0101m j\u016bs, veidojot daudzkan\u0101lu kl\u0101tb\u016btni.<\/p>\n<p><span>Izlai\u0161anas un m\u0101rketinga strat\u0113\u0123ijas: atkl\u0101jiet nosl\u0113pumus ietekm\u012bgai produkta izlai\u0161anai, kas rada ros\u012bbu, piesaista agr\u012bnos klientus un katapult\u0113 j\u016bsu produktu l\u012bdz bestsellera statusam. Izmantojiet soci\u0101lo mediju m\u0101rketinga potenci\u0101lu, lai sasniegtu jaunas auditorijas un izveidotu plauksto\u0161u tie\u0161saistes kopienu.<\/span><\/p>\n<p>Izlai\u0161anas un m\u0101rketinga strat\u0113\u0123ijas: atkl\u0101jiet nosl\u0113pumus ietekm\u012bgai produkta izlai\u0161anai, kas rada ros\u012bbu, piesaista agr\u012bnos klientus un katapult\u0113 j\u016bsu produktu l\u012bdz bestsellera statusam. Izmantojiet soci\u0101lo mediju m\u0101rketinga potenci\u0101lu, lai sasniegtu jaunas auditorijas un izveidotu plauksto\u0161u tie\u0161saistes kopienu.<\/p>\n<p><span>Izcil\u012bba klientu apkalpo\u0161an\u0101: izmantojiet klientu dom\u0101\u0161anas veidu, iepriecinot pirc\u0113jus ar izcilu servisu un nodro\u0161inot vi\u0146u apmierin\u0101t\u012bbu. Ieg\u016bstiet prasmes p\u0101rvald\u012bt atdevi un risin\u0101t negat\u012bvas atsauksmes.<\/span><\/p>\n<p>Izcil\u012bba klientu apkalpo\u0161an\u0101: izmantojiet klientu dom\u0101\u0161anas veidu, iepriecinot pirc\u0113jus ar izcilu servisu un nodro\u0161inot vi\u0146u apmierin\u0101t\u012bbu. Ieg\u016bstiet prasmes p\u0101rvald\u012bt atdevi un risin\u0101t negat\u012bvas atsauksmes.<\/p>\n<p><span>J\u016bsu uz\u0146\u0113muma m\u0113rogo\u0161ana: pl\u0101nojiet un izstr\u0101d\u0101jiet strat\u0113\u0123iju m\u0113rogojam\u012bbai, papla\u0161iniet savu produktu portfeli un iekarojiet jaunus tirgus. Uzziniet, k\u0101 izmantot \u0101rpakalpojumus un automatiz\u0101ciju, lai racionaliz\u0113tu darb\u012bbu.<\/span><\/p>\n<p>J\u016bsu uz\u0146\u0113muma m\u0113rogo\u0161ana: pl\u0101nojiet un izstr\u0101d\u0101jiet strat\u0113\u0123iju m\u0113rogojam\u012bbai, papla\u0161iniet savu produktu portfeli un iekarojiet jaunus tirgus. Uzziniet, k\u0101 izmantot \u0101rpakalpojumus un automatiz\u0101ciju, lai racionaliz\u0113tu darb\u012bbu.<\/p>\n<p><span>Navig\u0101cija Izaicin\u0101jumi: Sagatavojieties \u0161\u0137\u0113r\u0161\u013ciem, kas rodas, vadot tie\u0161saistes biznesu, un apg\u016bstiet efekt\u012bvas strat\u0113\u0123ijas, lai orient\u0113tos un iekarotu tos.<\/span><\/p>\n<p>Navigation Challenges: Sagatavojieties \u0161\u0137\u0113r\u0161\u013ciem, kas rodas, vadot tie\u0161saistes biznesu, un apg\u016bstiet efekt\u012bvas strat\u0113\u0123ijas, lai orient\u0113tos un iekarotu tos. Piel\u0101gojieties tirgus mai\u0146\u0101m un main\u012bgajai pat\u0113r\u0113t\u0101ju uzved\u012bbai. Secin\u0101jums: Uzplaukstiet e-komercijas revol\u016bcij\u0101 Apsveicam! J\u016bs esat pabeidzis Amazon FBA meistarklasi un tagad esat apr\u012bkots ar zin\u0101\u0161an\u0101m un r\u012bkiem, lai vad\u012btu e-komercijas revol\u016bciju.Galvenie pas\u0101kumi:<span>Izmantojiet bezgal\u012bg\u0101s iesp\u0113jas, ko pied\u0101v\u0101 FBA, un iez\u012bm\u0113jiet savu kursu uz finansi\u0101lo br\u012bv\u012bbu un ilgsto\u0161iem pan\u0101kumiem.<\/span>Izmantojiet bezgal\u012bg\u0101s iesp\u0113jas, ko pied\u0101v\u0101 FBA, un iez\u012bm\u0113jiet savu kursu uz finansi\u0101lo br\u012bv\u012bbu un ilgsto\u0161iem pan\u0101kumiem.<span>Izveidojiet z\u012bmolu, kas iztur laika p\u0101rbaudi un veicina klientu lojalit\u0101ti.<\/span>Izveidojiet z\u012bmolu, kas iztur laika p\u0101rbaudi un veicina klientu lojalit\u0101ti.<span>Izmantojiet soci\u0101lo mediju un rekl\u0101mas sp\u0113ku, lai palielin\u0101tu p\u0101rdo\u0161anas apjomu un sasniegtu jaunas auditorijas.<\/span>Izmantojiet soci\u0101lo mediju un rekl\u0101mas sp\u0113ku, lai palielin\u0101tu p\u0101rdo\u0161anas apjomu un sasniegtu jaunas auditorijas.<span>Lai izveidotu loj\u0101lu klientu b\u0101zi, pie\u0161\u0137iriet priorit\u0101ti izcilai klientu apkalpo\u0161anai.<\/span>Lai izveidotu loj\u0101lu klientu b\u0101zi, pie\u0161\u0137iriet priorit\u0101ti izcilai klientu apkalpo\u0161anai.<span>Pl\u0101nojiet m\u0113rogojam\u012bbu un izp\u0113tiet iesp\u0113jas \u0101rpus Amazon platformas.<\/span>Pl\u0101nojiet m\u0113rogojam\u012bbu un izp\u0113tiet iesp\u0113jas \u0101rpus Amazon platformas.<span>Esiet gatavi st\u0101ties pret\u012b izaicin\u0101jumiem un piel\u0101goties dinamiskam tirgum.<\/span>Esiet gatavi st\u0101ties pret\u012b izaicin\u0101jumiem un piel\u0101goties dinamiskam tirgum Uzs\u0101kot \u0161o aizraujo\u0161o ce\u013cojumu, atcerieties, ka triumfa atsl\u0113ga sl\u0113pjas ne tikai pe\u013c\u0146\u0101, bet ar\u012b z\u012bmola izveid\u0113, kas iztur laika p\u0101rbaudi.E-komercijas ainava ir arvien att\u012bsto\u0161a, bet bru\u0146ota ar \u0161\u012bs meistarklases atzi\u0146\u0101m, jums ir sp\u0113ks orient\u0113ties \u0161aj\u0101s p\u0101rmai\u0146\u0101s un p\u0101rv\u0113rst t\u0101s par izaugsmes iesp\u0113j\u0101m. T\u0101tad, ieejiet pasaul\u0113 un Amazones kust\u012bb\u0101, t\u0101d\u0113j\u0101di k\u013c\u016bstot par pasaules pasauli, un pasaules kust\u012bba, ieejiet pasaules pasaul\u0113 un pasaules pasaul\u0113.<\/p>","protected":false},"featured_media":0,"comment_status":"open","ping_status":"closed","template":"","meta":{"_aipt_faq_data":""},"product_cat":[1611,1595,1610],"product_tag":[],"class_list":{"0":"post-94361","1":"product","2":"type-product","3":"status-publish","5":"product_brand-edicao-ingls-por-benjamin-stone-autor","6":"product_cat-administracao-negocios-e-economia","7":"product_cat-livros","8":"product_cat-livros-internacionais","10":"first","11":"instock","12":"shipping-taxable","13":"purchasable","14":"product-type-simple"},"aioseo_notices":[],"_links":{"self":[{"href":"https:\/\/www.ecommerceupdate.com.br\/lv\/wp-json\/wp\/v2\/product\/94361","targetHints":{"allow":["GET"]}}],"collection":[{"href":"https:\/\/www.ecommerceupdate.com.br\/lv\/wp-json\/wp\/v2\/product"}],"about":[{"href":"https:\/\/www.ecommerceupdate.com.br\/lv\/wp-json\/wp\/v2\/types\/product"}],"replies":[{"embeddable":true,"href":"https:\/\/www.ecommerceupdate.com.br\/lv\/wp-json\/wp\/v2\/comments?post=94361"}],"wp:attachment":[{"href":"https:\/\/www.ecommerceupdate.com.br\/lv\/wp-json\/wp\/v2\/media?parent=94361"}],"wp:term":[{"taxonomy":"product_cat","embeddable":true,"href":"https:\/\/www.ecommerceupdate.com.br\/lv\/wp-json\/wp\/v2\/product_cat?post=94361"},{"taxonomy":"product_tag","embeddable":true,"href":"https:\/\/www.ecommerceupdate.com.br\/lv\/wp-json\/wp\/v2\/product_tag?post=94361"}],"curies":[{"name":"wp","href":"https:\/\/api.w.org\/{rel}","templated":true}]}}