{"id":94363,"date":"2026-03-12T13:42:26","date_gmt":"2026-03-12T16:42:26","guid":{"rendered":"https:\/\/www.ecommerceupdate.com.br\/produto\/e-commerce-fgv-management\/"},"modified":"2026-03-13T15:58:12","modified_gmt":"2026-03-13T18:58:12","slug":"e-commerce-fgv-management","status":"publish","type":"product","link":"https:\/\/www.ecommerceupdate.com.br\/lv\/produto\/e-commerce-fgv-management\/","title":{"rendered":"E-komercija (FGV Management)"},"content":{"rendered":"<div class=\"woocommerce-product-details\"><\/div>","protected":false},"excerpt":{"rendered":"<p>\u0160\u012bs gr\u0101matas m\u0113r\u0137is ir sniegt las\u012bt\u0101jam sist\u0113misku skat\u012bjumu uz interneta tehnolo\u0123iju izmanto\u0161anu uz\u0146\u0113m\u0113jdarb\u012bb\u0101 gan e-komercijas oper\u0101cij\u0101s, gan interneta izmanto\u0161an\u0101, kas ir pla\u0161sazi\u0146as l\u012bdzeklis, kas j\u0101izp\u0113ta ar da\u017e\u0101d\u0101m m\u0101rketinga darb\u012bb\u0101m. T\u0101 k\u0101 tas ir priek\u0161mets, kas pak\u013cauts daudz\u0101m izmai\u0146\u0101m, autoru r\u016bpes, vair\u0101k nek\u0101 gatavu recep\u0161u atve\u0161ana, ir izstr\u0101d\u0101t metodolo\u0123iju, lai las\u012bt\u0101js var\u0113tu izstr\u0101d\u0101t savas strat\u0113\u0123ijas tie\u0161saistes biznesam.<\/p>","protected":false},"featured_media":94363,"comment_status":"open","ping_status":"closed","template":"","meta":[],"product_cat":[1611,1613,1595],"product_tag":[],"class_list":{"0":"post-94363","1":"product","2":"type-product","3":"status-publish","4":"has-post-thumbnail","6":"product_brand-por-eduardo-augusto-de-andrade-autor-andr-antunes-autor-andr-bittencourt-do-valle-autor-andre-kischinevsky-autor-1-mais-formato-ebook-kindle","7":"product_cat-administracao-negocios-e-economia","8":"product_cat-industrias-e-profissoes","9":"product_cat-livros","11":"first","12":"instock","13":"sale","14":"shipping-taxable","15":"purchasable","16":"product-type-simple"},"aioseo_notices":[],"_links":{"self":[{"href":"https:\/\/www.ecommerceupdate.com.br\/lv\/wp-json\/wp\/v2\/product\/94363","targetHints":{"allow":["GET"]}}],"collection":[{"href":"https:\/\/www.ecommerceupdate.com.br\/lv\/wp-json\/wp\/v2\/product"}],"about":[{"href":"https:\/\/www.ecommerceupdate.com.br\/lv\/wp-json\/wp\/v2\/types\/product"}],"replies":[{"embeddable":true,"href":"https:\/\/www.ecommerceupdate.com.br\/lv\/wp-json\/wp\/v2\/comments?post=94363"}],"wp:featuredmedia":[{"embeddable":true,"href":"https:\/\/www.ecommerceupdate.com.br\/lv\/wp-json\/wp\/v2\/product\/94363"}],"wp:attachment":[{"href":"https:\/\/www.ecommerceupdate.com.br\/lv\/wp-json\/wp\/v2\/media?parent=94363"}],"wp:term":[{"taxonomy":"product_cat","embeddable":true,"href":"https:\/\/www.ecommerceupdate.com.br\/lv\/wp-json\/wp\/v2\/product_cat?post=94363"},{"taxonomy":"product_tag","embeddable":true,"href":"https:\/\/www.ecommerceupdate.com.br\/lv\/wp-json\/wp\/v2\/product_tag?post=94363"}],"curies":[{"name":"wp","href":"https:\/\/api.w.org\/{rel}","templated":true}]}}