{"id":94506,"date":"2026-03-15T14:34:49","date_gmt":"2026-03-15T17:34:49","guid":{"rendered":"https:\/\/www.ecommerceupdate.com.br\/produto\/todos-somos-uma-marca-construa-seu-ecossistema-de-vendas-por-meio-de-influencia-conteudo-e-experiencia\/"},"modified":"2026-03-15T14:34:55","modified_gmt":"2026-03-15T17:34:55","slug":"todos-somos-uma-marca-construa-seu-ecossistema-de-vendas-por-meio-de-influencia-conteudo-e-experiencia","status":"publish","type":"product","link":"https:\/\/www.ecommerceupdate.com.br\/lv\/produto\/todos-somos-uma-marca-construa-seu-ecossistema-de-vendas-por-meio-de-influencia-conteudo-e-experiencia\/","title":{"rendered":"M\u0113s visi esam z\u012bmols: veidojiet savu p\u0101rdo\u0161anas ekosist\u0113mu, izmantojot ietekmi, saturu un pieredzi"},"content":{"rendered":"<div class=\"woocommerce-product-details\">\n<h3>Produkta inform\u0101cija<\/h3>\n<ul>\n<li>Izdevniec\u012bba: Cilv\u0113ki<\/li>\n<li>Public\u0113\u0161anas datums: 2023. gada 10. j\u016blijs<\/li>\n<li>Izdevums: 1a<\/li>\n<li>Valoda: portug\u0101\u013cu<\/li>\n<li>Lapu skaits : 224 lapas<\/li>\n<li>ISBN-10:6555441933<\/li>\n<li>ISBN-13:978-6555441932<\/li>\n<li>Produkta svars: 320g<\/li>\n<li>Izm\u0113ri: 16 x 2 x 23 cm<\/li>\n<li>Visvair\u0101k p\u0101rdoto pre\u010du reitings: 6235. vieta gr\u0101mat\u0101s (Satiecieties ar 100 lab\u0101kajiem gr\u0101matu kategorij\u0101) 20. vieta p\u0101rdo\u0161an\u0101 un p\u0101rdev\u0113ju 246. viet\u0101 vad\u012bb\u0101 un vad\u012bb\u0101<\/li>\n<li>20 P\u0101rdo\u0161an\u0101 un p\u0101rdev\u0113jos<\/li>\n<li>246 Vad\u012bb\u0101 un vad\u012bb\u0101<\/li>\n<li>Klientu atsauksmes: 4,7 4,7 no 5 zvaigzn\u0113m (232)<\/li>\n<\/ul><\/div>","protected":false},"excerpt":{"rendered":"<p>ATKL\u0100JIET, K\u0100 HUMANIZ\u0112T SAVU BIZNESU UN LAIM\u0112T SAVA KLIENTA UZMAN\u012aBU! Pat\u0113r\u0113t\u0101ja iekaro\u0161ana nekad nav bijusi tik nepiecie\u0161ama, it \u012bpa\u0161i inform\u0101cijas un past\u0101v\u012bgo p\u0101rmai\u0146u laikmeta priek\u0161\u0101.Ir nepiecie\u0161ams z\u012bm\u0113t inteli\u0123entas strat\u0113\u0123ijas, lai notur\u0113tu un piesaist\u012btu klientus, tas viss str\u012bd\u0101 par j\u016bsu visd\u0101rg\u0101ko v\u0113rt\u012bbu: uzman\u012bbu Pat\u0113r\u0113t\u0101ju uzved\u012bba, daudzkan\u0101ls, soci\u0101l\u0101 komercija, m\u0101rketinga saturs, z\u012bmols, klientu pieredze un nozare 4.0 ir da\u017eas no t\u0113m\u0101m, kur\u0101m ir j\u0101b\u016bt to cilv\u0113ku strat\u0113\u0123ij\u0101s, kuri cen\u0161as at\u0161\u0137irt vai izveidot savu biznesu.Mums visiem ir z\u012bmols, Alfredo Soares, komunik\u0101cijas speci\u0101lists, lieliski v\u0101rdi komunik\u0101cijas, interv\u0113\u0161anas nozar\u0113 un p\u0101rveido\u0161anas strat\u0113\u0123ijas, veidojot at\u0161\u0137ir\u012bgu klientu b\u0101zi.\u00a0<span>P\u0101rv\u0113rst cilv\u0113kus p\u0101rdo\u0161anas kan\u0101los;\u00a0\u00a0<\/span>P\u0101rv\u0113rst cilv\u0113kus p\u0101rdo\u0161anas kan\u0101los;\u00a0\u00a0<span>Veidot humaniz\u0113tu biznesu un humaniz\u0113t biznesu;\u00a0<\/span>Veidot humaniz\u0113tu biznesu un humaniz\u0113t biznesu;\u00a0<span>Klientu p\u0101rveido\u0161ana par ietekmes t\u012bklu;\u00a0\u00a0<\/span>Klientu p\u0101rveido\u0161ana par ietekmes t\u012bklu;\u00a0\u00a0<span>Karte pat\u0113r\u0113t\u0101ju uzved\u012bba uz\u0146\u0113mumu izveidei;\u00a0<\/span>Karte pat\u0113r\u0113t\u0101ju uzved\u012bba uz\u0146\u0113mumu izveidei;\u00a0<span>Rad\u012bt pieredzi, lai p\u0101rsteigtu savu klientu;\u00a0<\/span>Rad\u012bt pieredzi, lai p\u0101rsteigtu savu klientu;\u00a0<span>Izveidojiet kopienu, lai iesaist\u012btu un notur\u0113tu klientus.\u00a0<\/span>Izveidojiet kopienu, lai saist\u012btu un notur\u0113tu klientus \u0160odien nepietiek ar sazi\u0146u, z\u012bmoliem ir nepiecie\u0161ams klaus\u012bties, run\u0101t, pozicion\u0113t sevi, izveidot autorit\u0101ti un nov\u0113rot klientus vis\u0101 pirkuma brauciena laik\u0101. \u00a0 <\/p>","protected":false},"featured_media":94506,"comment_status":"open","ping_status":"closed","template":"","meta":[],"product_cat":[1611,1595,1618],"product_tag":[],"class_list":{"0":"post-94506","1":"product","2":"type-product","3":"status-publish","4":"has-post-thumbnail","6":"product_brand-por-alfredo-soares-autor","7":"product_cat-administracao-negocios-e-economia","8":"product_cat-livros","9":"product_cat-marketing-e-vendas","11":"first","12":"instock","13":"sale","14":"shipping-taxable","15":"purchasable","16":"product-type-simple"},"aioseo_notices":[],"_links":{"self":[{"href":"https:\/\/www.ecommerceupdate.com.br\/lv\/wp-json\/wp\/v2\/product\/94506","targetHints":{"allow":["GET"]}}],"collection":[{"href":"https:\/\/www.ecommerceupdate.com.br\/lv\/wp-json\/wp\/v2\/product"}],"about":[{"href":"https:\/\/www.ecommerceupdate.com.br\/lv\/wp-json\/wp\/v2\/types\/product"}],"replies":[{"embeddable":true,"href":"https:\/\/www.ecommerceupdate.com.br\/lv\/wp-json\/wp\/v2\/comments?post=94506"}],"wp:featuredmedia":[{"embeddable":true,"href":"https:\/\/www.ecommerceupdate.com.br\/lv\/wp-json\/wp\/v2\/product\/94506"}],"wp:attachment":[{"href":"https:\/\/www.ecommerceupdate.com.br\/lv\/wp-json\/wp\/v2\/media?parent=94506"}],"wp:term":[{"taxonomy":"product_cat","embeddable":true,"href":"https:\/\/www.ecommerceupdate.com.br\/lv\/wp-json\/wp\/v2\/product_cat?post=94506"},{"taxonomy":"product_tag","embeddable":true,"href":"https:\/\/www.ecommerceupdate.com.br\/lv\/wp-json\/wp\/v2\/product_tag?post=94506"}],"curies":[{"name":"wp","href":"https:\/\/api.w.org\/{rel}","templated":true}]}}