{"id":91273,"date":"2026-02-05T07:17:23","date_gmt":"2026-02-05T10:17:23","guid":{"rendered":"https:\/\/www.ecommerceupdate.org\/produto\/e-marketplace-e-contratacoes-publicas\/"},"modified":"2026-04-07T23:30:46","modified_gmt":"2026-04-08T02:30:46","slug":"e-marketplace-e-contratacoes-publicas","status":"publish","type":"product","link":"https:\/\/www.ecommerceupdate.com.br\/nb\/produto\/e-marketplace-e-contratacoes-publicas\/","title":{"rendered":"E-markedsplass og offentlige anskaffelser"},"content":{"rendered":"<div class=\"woocommerce-product-details\">\n<h3>Produktdetaljer<\/h3>\n<ul>\n<li>Utgiver: JusPodivm<\/li>\n<li>Publiseringsdato: 31. mars 2025<\/li>\n<li>Utgave: 1a<\/li>\n<li>Spr\u00e5k: Portugisisk<\/li>\n<li>Antall sider : 336 sider<\/li>\n<li>ISBN-10:8544257739<\/li>\n<li>ISBN-13:978-8544257739<\/li>\n<li>Produktvekt: 420g<\/li>\n<li>Lesealder: 14 \u00e5r og oppover<\/li>\n<li>M\u00e5l: 23 x 16 x 2 cm<\/li>\n<li>Toppselgerrangering: nr. 290 407 i b\u00f8ker (M\u00f8t topp 100 i kategorien b\u00f8ker) nr. 10 894 i profesjonell og teknisk rett<\/li>\n<li>10 894 i profesjonell og teknisk rett<\/li>\n<\/ul><\/div>","protected":false},"excerpt":{"rendered":"<p>E-markedsplass og offentlige anskaffelser<\/p>","protected":false},"featured_media":0,"comment_status":"open","ping_status":"closed","template":"","meta":[],"product_cat":[1609,1595],"product_tag":[],"class_list":{"0":"post-91273","1":"product","2":"type-product","3":"status-publish","5":"product_brand-edicao-portugus-por-ronny-charles-lopes-de-torres-autor","6":"product_cat-direito","7":"product_cat-livros","9":"first","10":"instock","11":"shipping-taxable","12":"purchasable","13":"product-type-simple"},"aioseo_notices":[],"_links":{"self":[{"href":"https:\/\/www.ecommerceupdate.com.br\/nb\/wp-json\/wp\/v2\/product\/91273","targetHints":{"allow":["GET"]}}],"collection":[{"href":"https:\/\/www.ecommerceupdate.com.br\/nb\/wp-json\/wp\/v2\/product"}],"about":[{"href":"https:\/\/www.ecommerceupdate.com.br\/nb\/wp-json\/wp\/v2\/types\/product"}],"replies":[{"embeddable":true,"href":"https:\/\/www.ecommerceupdate.com.br\/nb\/wp-json\/wp\/v2\/comments?post=91273"}],"wp:attachment":[{"href":"https:\/\/www.ecommerceupdate.com.br\/nb\/wp-json\/wp\/v2\/media?parent=91273"}],"wp:term":[{"taxonomy":"product_cat","embeddable":true,"href":"https:\/\/www.ecommerceupdate.com.br\/nb\/wp-json\/wp\/v2\/product_cat?post=91273"},{"taxonomy":"product_tag","embeddable":true,"href":"https:\/\/www.ecommerceupdate.com.br\/nb\/wp-json\/wp\/v2\/product_tag?post=91273"}],"curies":[{"name":"wp","href":"https:\/\/api.w.org\/{rel}","templated":true}]}}