{"id":93225,"date":"2026-03-01T09:31:52","date_gmt":"2026-03-01T12:31:52","guid":{"rendered":"https:\/\/www.ecommerceupdate.com.br\/produto\/dominando-a-ia\/"},"modified":"2026-04-13T22:44:49","modified_gmt":"2026-04-14T01:44:49","slug":"dominando-a-ia","status":"publish","type":"product","link":"https:\/\/www.ecommerceupdate.com.br\/nb\/produto\/dominando-a-ia\/","title":{"rendered":"Mastering AI"},"content":{"rendered":"<div class=\"woocommerce-product-details\"><\/div>","protected":false},"excerpt":{"rendered":"<p>\u201cHVORDAN AI SETTER DEMOKRATIET I FARE OG ENDRER V\u00c5R M\u00c5TE \u00c5 TENKE P\u00c5\u201d<\/p>\n<p>Fortune magazine journalist Jeremy Kahn trekker p\u00e5 all sin ekspertise og et bredt nettverk av kontakter mellom selskaper og forskere som er i forkant av kunstig intelligens for \u00e5 komme med virkningsfulle sp\u00e5dommer om effekten av denne teknologien i l\u00f8pet av det neste ti\u00e5ret.<\/p>\n<p>Forfatteren sp\u00e5r at AI i l\u00f8pet av de neste fem \u00e5rene vil p\u00e5virke alle \u00f8konomiske sektorer og bedrifter, og dramatisk \u00f8ke effektiviteten og produktiviteten. Men selv om anslag indikerer en lys fremtid, bringer AI ogs\u00e5 med seg en skygge av frykt og usikkerhet.<\/p>\n<p>Med fordelen av \u00e5 ha privilegert tilgang til ledere, forskere, fremtidsforskere og andre hovedpersoner i denne nye virkeligheten, argumenterer Kahn for at hvis AI ikke er n\u00f8ye utformet og strengt regulert, vil det f\u00f8re til l\u00f8nnsreduksjoner og \u00f8kt inntektsulikhet, og p\u00e5tvinge monopoliserte markeder i store deler av \u00f8konomien.<br \/>Mastering AI fungerer som en viktig guide for alle som er ivrige etter \u00e5 forst\u00e5 den eksplosive fremgangen til AI og hva som venter oss fremover.<\/p>","protected":false},"featured_media":93225,"comment_status":"open","ping_status":"closed","template":"","meta":{"_aipt_faq_data":""},"product_cat":[1615,1608,1607],"product_tag":[],"class_list":{"0":"post-93225","1":"product","2":"type-product","3":"status-publish","4":"has-post-thumbnail","6":"product_brand-por-jeremy-kahn-autor-formato-ebook-kindle","7":"product_cat-ciencias","8":"product_cat-ebooks-kindle","9":"product_cat-loja-kindle","11":"first","12":"instock","13":"sale","14":"shipping-taxable","15":"purchasable","16":"product-type-simple"},"aioseo_notices":[],"_links":{"self":[{"href":"https:\/\/www.ecommerceupdate.com.br\/nb\/wp-json\/wp\/v2\/product\/93225","targetHints":{"allow":["GET"]}}],"collection":[{"href":"https:\/\/www.ecommerceupdate.com.br\/nb\/wp-json\/wp\/v2\/product"}],"about":[{"href":"https:\/\/www.ecommerceupdate.com.br\/nb\/wp-json\/wp\/v2\/types\/product"}],"replies":[{"embeddable":true,"href":"https:\/\/www.ecommerceupdate.com.br\/nb\/wp-json\/wp\/v2\/comments?post=93225"}],"wp:featuredmedia":[{"embeddable":true,"href":"https:\/\/www.ecommerceupdate.com.br\/nb\/wp-json\/wp\/v2\/product\/93225"}],"wp:attachment":[{"href":"https:\/\/www.ecommerceupdate.com.br\/nb\/wp-json\/wp\/v2\/media?parent=93225"}],"wp:term":[{"taxonomy":"product_cat","embeddable":true,"href":"https:\/\/www.ecommerceupdate.com.br\/nb\/wp-json\/wp\/v2\/product_cat?post=93225"},{"taxonomy":"product_tag","embeddable":true,"href":"https:\/\/www.ecommerceupdate.com.br\/nb\/wp-json\/wp\/v2\/product_tag?post=93225"}],"curies":[{"name":"wp","href":"https:\/\/api.w.org\/{rel}","templated":true}]}}