{"id":93564,"date":"2026-03-04T20:20:05","date_gmt":"2026-03-04T23:20:05","guid":{"rendered":"https:\/\/www.ecommerceupdate.com.br\/produto\/logistica-aplicada-ao-e-commerce-serie-universitaria\/"},"modified":"2026-03-13T15:36:47","modified_gmt":"2026-03-13T18:36:47","slug":"logistica-aplicada-ao-e-commerce-serie-universitaria","status":"publish","type":"product","link":"https:\/\/www.ecommerceupdate.com.br\/nb\/produto\/logistica-aplicada-ao-e-commerce-serie-universitaria\/","title":{"rendered":"Logistikk brukt p\u00e5 e-handel (University Series)"},"content":{"rendered":"<div class=\"woocommerce-product-details\">\n<h3>Produktdetaljer<\/h3>\n<ul>\n<li>ASIN: B0C2RJGYGP<\/li>\n<li>Utgiver: Editora Senac Sao Paulo<\/li>\n<li>Tilgjengelighet: L\u00e6r mer<\/li>\n<li>Publiseringsdato: 17. april 2023<\/li>\n<li>Utgave: 1a<\/li>\n<li>Spr\u00e5k: Portugisisk<\/li>\n<li>Filst\u00f8rrelse: 3,7 MB<\/li>\n<li>Skjermleser: Kompatibel<\/li>\n<li>Skriftkonfigurasjon: Aktivert<\/li>\n<li>Ordforr\u00e5dstips: Ikke aktivert<\/li>\n<li>Antall sider : 154 sider<\/li>\n<li>ISBN-13:978-8539633098<\/li>\n<li>Page Flip: Aktivert<\/li>\n<li>Toppselgerrangering: nr. 458 764 i Kindle Store (M\u00f8t topp 100 i Kindle Store-kategorien) nr. 245 i e-handel nr. 16 637 i Business &amp; Economics<\/li>\n<li>245 I Elektronisk Handel<\/li>\n<li>16 637 i Business and Economics<\/li>\n<li>Kundeanmeldelser: 4,0 4,0 av 5 stjerner (2)<\/li>\n<\/ul><\/div>","protected":false},"excerpt":{"rendered":"<p>Universitetsserien ble utviklet av Senac Sao Paulo for \u00e5 forberede fagfolk p\u00e5 arbeidsmarkedet. Titlene dekker flere omr\u00e5der, alt fra teoretisk og praktisk kunnskap tilpasset faglige krav til etisk og solid oppl\u00e6ring. <br \/>Logistikk anvendt p\u00e5 e-handel gir en oversikt over hele logistikkoperasjonen utf\u00f8rt i e-handel, og presenterer dynamikken i e-handel og dens forsyningskjede Blant temaene som dekkes er integrasjon av multikanal, ordre - og leveringsflyten og distribusjonsnettverket Boken tar ogs\u00e5 for seg omvendt logistikk av ettersalgsvarer, informasjonsteknologier og logistikkytelsesindikatorer anvendt p\u00e5 e-handel M\u00e5let er \u00e5 gi leseren en oversikt over logistikkoperasjonen som er n\u00f8dvendig for god ytelse av denne typen handel.<\/p>","protected":false},"featured_media":93564,"comment_status":"open","ping_status":"closed","template":"","meta":[],"product_cat":[1611,1613,1595],"product_tag":[],"class_list":{"0":"post-93564","1":"product","2":"type-product","3":"status-publish","4":"has-post-thumbnail","6":"product_brand-por-marcos-alberto-de-oliveira-autor-formato-ebook-kindle","7":"product_cat-administracao-negocios-e-economia","8":"product_cat-industrias-e-profissoes","9":"product_cat-livros","11":"first","12":"instock","13":"shipping-taxable","14":"purchasable","15":"product-type-simple"},"aioseo_notices":[],"_links":{"self":[{"href":"https:\/\/www.ecommerceupdate.com.br\/nb\/wp-json\/wp\/v2\/product\/93564","targetHints":{"allow":["GET"]}}],"collection":[{"href":"https:\/\/www.ecommerceupdate.com.br\/nb\/wp-json\/wp\/v2\/product"}],"about":[{"href":"https:\/\/www.ecommerceupdate.com.br\/nb\/wp-json\/wp\/v2\/types\/product"}],"replies":[{"embeddable":true,"href":"https:\/\/www.ecommerceupdate.com.br\/nb\/wp-json\/wp\/v2\/comments?post=93564"}],"wp:featuredmedia":[{"embeddable":true,"href":"https:\/\/www.ecommerceupdate.com.br\/nb\/wp-json\/wp\/v2\/product\/93564"}],"wp:attachment":[{"href":"https:\/\/www.ecommerceupdate.com.br\/nb\/wp-json\/wp\/v2\/media?parent=93564"}],"wp:term":[{"taxonomy":"product_cat","embeddable":true,"href":"https:\/\/www.ecommerceupdate.com.br\/nb\/wp-json\/wp\/v2\/product_cat?post=93564"},{"taxonomy":"product_tag","embeddable":true,"href":"https:\/\/www.ecommerceupdate.com.br\/nb\/wp-json\/wp\/v2\/product_tag?post=93564"}],"curies":[{"name":"wp","href":"https:\/\/api.w.org\/{rel}","templated":true}]}}