{"id":93859,"date":"2026-03-05T21:56:04","date_gmt":"2026-03-06T00:56:04","guid":{"rendered":"https:\/\/www.ecommerceupdate.com.br\/produto\/crm-no-varejo-do-seu-ze-a-era-das-ias\/"},"modified":"2026-03-13T15:47:00","modified_gmt":"2026-03-13T18:47:00","slug":"crm-no-varejo-do-seu-ze-a-era-das-ias","status":"publish","type":"product","link":"https:\/\/www.ecommerceupdate.com.br\/nb\/produto\/crm-no-varejo-do-seu-ze-a-era-das-ias\/","title":{"rendered":"CRM i detaljhandel: Fra din Ze til \u00e6raen med AI-er"},"content":{"rendered":"<div class=\"woocommerce-product-details\">\n<h3>Produktdetaljer<\/h3>\n<ul>\n<li>ASIN: B0FNXBXWRL<\/li>\n<li>Utgiver: Dialektisk Forlag<\/li>\n<li>Tilgjengelighet: L\u00e6r mer<\/li>\n<li>Publiseringsdato: 27. august 2025<\/li>\n<li>Spr\u00e5k: Portugisisk<\/li>\n<li>Filst\u00f8rrelse: 4,2 MB<\/li>\n<li>Skjermleser: Kompatibel<\/li>\n<li>Skriftkonfigurasjon: Aktivert<\/li>\n<li>Ordforr\u00e5dstips: Ikke aktivert<\/li>\n<li>Antall sider : 171 sider<\/li>\n<li>ISBN-13:978-6527076681<\/li>\n<li>Page Flip: Aktivert<\/li>\n<li>Toppselgerrangering: nr. 124 976 i Kindle Store (M\u00f8t topp 100 i Kindle Store-kategorien) nr. 73 i kundeservice nr. 522 i markedsf\u00f8ringsnr. 4 464 i Business &amp; Economics<\/li>\n<li>73 I Kundeservice<\/li>\n<li>522 I Markedsf\u00f8ring<\/li>\n<li>4 464 i Business and Economics<\/li>\n<li>Kundebed\u00f8mmelser: 5.0 5.0 out of 5 stars (2)<\/li>\n<\/ul><\/div>","protected":false},"excerpt":{"rendered":"<p>\u201cCRM i detaljhandel: Fra din Ze til ERA of\u201d AIs er en praktisk, strategisk og engasjerende lesning om hvordan du virkelig bygger kunderelasjoner; i digital, i butikk og ved hvert kontaktpunkt.<\/p>\n<p>Med et solid fundament og tilgjengelig spr\u00e5k kombinerer boken teori, virkelige eksempler og praktiske rammer for \u00e5 vise at CRM g\u00e5r langt utover et verkt\u00f8y: det er kultur, det er prosess og det er mennesker.<\/p>\n<p>Fra nabolagshandelshefte til kunstig intelligens-applikasjoner, sporer denne boken utviklingen av detaljhandelsforhold, og avsl\u00f8rer hvordan data, teknologi og aktiv lytting kombineres for \u00e5 generere konsistent salg, lojalitet og merkevareverdi.<\/p>\n<p>Skrevet av de som har praktisk erfaring i faget, tilbyr innholdet trygghet for de som s\u00f8ker \u00e5 strukturere eller forbedre sine CRM-strategier.<\/p>\n<p>Ingen kjepphester og ingen komplikasjoner, det er et must-read for de som \u00f8nsker \u00e5 forst\u00e5 den nye detaljhandelen tydelig, bruke ansvarlig og h\u00f8ste reelle resultater.<\/p>\n<p>Godt laget CRM automatiserer ikke bare prosesser.Det gleder, konverterer og bygger relasjoner som varer.<\/p>","protected":false},"featured_media":93859,"comment_status":"open","ping_status":"closed","template":"","meta":[],"product_cat":[1611,1613,1595],"product_tag":[],"class_list":{"0":"post-93859","1":"product","2":"type-product","3":"status-publish","4":"has-post-thumbnail","6":"product_brand-por-jholy-a-mello-autor-formato-ebook-kindle","7":"product_cat-administracao-negocios-e-economia","8":"product_cat-industrias-e-profissoes","9":"product_cat-livros","11":"first","12":"instock","13":"shipping-taxable","14":"purchasable","15":"product-type-simple"},"aioseo_notices":[],"_links":{"self":[{"href":"https:\/\/www.ecommerceupdate.com.br\/nb\/wp-json\/wp\/v2\/product\/93859","targetHints":{"allow":["GET"]}}],"collection":[{"href":"https:\/\/www.ecommerceupdate.com.br\/nb\/wp-json\/wp\/v2\/product"}],"about":[{"href":"https:\/\/www.ecommerceupdate.com.br\/nb\/wp-json\/wp\/v2\/types\/product"}],"replies":[{"embeddable":true,"href":"https:\/\/www.ecommerceupdate.com.br\/nb\/wp-json\/wp\/v2\/comments?post=93859"}],"wp:featuredmedia":[{"embeddable":true,"href":"https:\/\/www.ecommerceupdate.com.br\/nb\/wp-json\/wp\/v2\/product\/93859"}],"wp:attachment":[{"href":"https:\/\/www.ecommerceupdate.com.br\/nb\/wp-json\/wp\/v2\/media?parent=93859"}],"wp:term":[{"taxonomy":"product_cat","embeddable":true,"href":"https:\/\/www.ecommerceupdate.com.br\/nb\/wp-json\/wp\/v2\/product_cat?post=93859"},{"taxonomy":"product_tag","embeddable":true,"href":"https:\/\/www.ecommerceupdate.com.br\/nb\/wp-json\/wp\/v2\/product_tag?post=93859"}],"curies":[{"name":"wp","href":"https:\/\/api.w.org\/{rel}","templated":true}]}}