{"id":93862,"date":"2026-03-05T21:57:32","date_gmt":"2026-03-06T00:57:32","guid":{"rendered":"https:\/\/www.ecommerceupdate.com.br\/produto\/retail-media-na-pratica-como-transformar-o-seu-varejo-em-uma-plataforma-de-publicidade-muito-rentavel\/"},"modified":"2026-03-13T15:47:25","modified_gmt":"2026-03-13T18:47:25","slug":"retail-media-na-pratica-como-transformar-o-seu-varejo-em-uma-plataforma-de-publicidade-muito-rentavel","status":"publish","type":"product","link":"https:\/\/www.ecommerceupdate.com.br\/nb\/produto\/retail-media-na-pratica-como-transformar-o-seu-varejo-em-uma-plataforma-de-publicidade-muito-rentavel\/","title":{"rendered":"Retail Media i praksis: Hvordan gj\u00f8re detaljhandelen din til en sv\u00e6rt l\u00f8nnsom annonseringsplattform"},"content":{"rendered":"<div class=\"woocommerce-product-details\"><\/div>","protected":false},"excerpt":{"rendered":"<p>Retail Media in Practice: Gj\u00f8r detaljhandelen din til en l\u00f8nnsom annonseringsplattform Visste du at Retail Media er den tredje store b\u00f8lgen av digital markedsf\u00f8ring, sammen med giganter som Google og Meta? I denne praktiske og strategiske boken avsl\u00f8rer Ricardo Pastore hvordan detaljhandelsbedrifter og -tjenester kan transformere sine fysiske eller digitale kanaler til ekte sv\u00e6rt l\u00f8nnsomme reklameplattformer. Med en klar og objektiv tiln\u00e6rming veileder Retail Media in Practice deg trinn for trinn gjennom implementeringen av denne strategien, og hjelper bedriften din med \u00e5 skape nye inntektskilder samtidig som den forbedrer kundeopplevelsen og styrker partnerskap med annons\u00f8rer. Dette er ikke bare en klar og objektiv tiln\u00e6rming, Retail Media i denne boken vil finne deg trinn for trinn gjennom implementeringen av denne strategien.<span class=\"a-text-bold\">Innledende diagnose:<\/span><span> Evaluer om virksomheten din er klar til \u00e5 starte i Retail Media, med praktiske sjekklister og retningslinjer.<\/span>Initial Diagnosis: Vurder om din virksomhet er klar til \u00e5 starte i Retail Media, med praktiske sjekklister og veiledning.<span class=\"a-text-bold\">Kartlegging og inntektsgenerering:<\/span><span> Identifiser og pris bedriftens annonseplasser, fra e-handel til fysiske skjermer.<\/span>Kartlegging og inntektsgenerering: Identifiser og pris bedriftens annonseplasser, fra e-handel til fysiske skjermer.<span class=\"a-text-bold\">Strategiske partnerskap:<\/span><span> L\u00e6r hvordan du tiltrekker deg merkevarer og bygger varige relasjoner.<\/span>Strategiske partnerskap: L\u00e6r hvordan du tiltrekker deg merkevarer og bygger varige relasjoner.<span class=\"a-text-bold\">Kampanjeutf\u00f8relse:<\/span><span> Oppdag hvordan du planlegger, administrerer og m\u00e5ler kampanjer effektivt, ved \u00e5 bruke de beste KPI-ene i markedet.<\/span>Kampanjeutf\u00f8relse: Oppdag hvordan du planlegger, administrerer og m\u00e5ler kampanjer effektivt ved \u00e5 bruke de viktigste KPI-ene i markedet.<span class=\"a-text-bold\">Inspirerende casestudier:<\/span><span> Se hvordan apotekkjeder, supermarkeder, kj\u00f8pesentre, helseselskaper, kosmetikkfranchiser og andre bruker Retail Media.<\/span>Inspirerende casestudier: Se hvordan apotekkjeder, supermarkeder, kj\u00f8pesentre, helseselskaper, kosmetikkfranchiser og andre bruker Retail Media.<span class=\"a-text-bold\">Bruk av kunstig intelligens:<\/span><span> Foresp\u00f8rsler og verkt\u00f8y for \u00e5 lage og optimalisere din Retail Media-plan, spare tid og maksimere resultater.<\/span>Bruk av kunstig intelligens: Foresp\u00f8rsler og verkt\u00f8y for \u00e5 lage og optimalisere din Retail Media-plan, noe som sparer tid og maksimerer resultatene.<span class=\"a-text-bold\">Fremtidige trender:<\/span><span> Utforsk innovasjoner som blockchain, utvidet virkelighet og propriet\u00e6r datainntektsgenerering.<\/span>Fremtidige trender: Utforsk innovasjoner som blokkjede, utvidet virkelighet og propriet\u00e6r datainntektsgenerering. Hvem er denne boken for?<span>Detaljhandelsledere og markedsf\u00f8ringsspesialister.<\/span>Detaljhandelsledere og markedsf\u00f8ringsspesialister.<span>Bedriftseiere p\u00e5 jakt etter nye inntektskilder.<\/span>Bedriftseiere p\u00e5 jakt etter nye inntektskilder.<span>Fagfolk som er interessert i praktiske strategier for \u00e5 tjene penger p\u00e5 virksomheten sin.<\/span>Fagfolk interessert i praktiske strategier for \u00e5 tjene penger p\u00e5 sin virksomhetSkrevet basert p\u00e5 mange \u00e5rs erfaring og forskning innen detaljhandel, er denne boken en uunnv\u00e6rlig guide for de som \u00f8nsker \u00e5 ri den nye b\u00f8lgen av digital markedsf\u00f8ring.Hvis du er klar til \u00e5 gj\u00f8re bedriftens trafikk til en profittgenererende maskin, er dette det ideelle utgangspunktet.Oppkj\u00f8p Retail Media i praksis n\u00e5 og v\u00e6r foran i detaljhandelsrevolusjonen!<\/p>","protected":false},"featured_media":93862,"comment_status":"open","ping_status":"closed","template":"","meta":[],"product_cat":[1611,1608,1607],"product_tag":[],"class_list":{"0":"post-93862","1":"product","2":"type-product","3":"status-publish","4":"has-post-thumbnail","6":"product_brand-por-ricardo-pastore-autor-formato-ebook-kindle","7":"product_cat-administracao-negocios-e-economia","8":"product_cat-ebooks-kindle","9":"product_cat-loja-kindle","11":"first","12":"instock","13":"shipping-taxable","14":"purchasable","15":"product-type-simple"},"aioseo_notices":[],"_links":{"self":[{"href":"https:\/\/www.ecommerceupdate.com.br\/nb\/wp-json\/wp\/v2\/product\/93862","targetHints":{"allow":["GET"]}}],"collection":[{"href":"https:\/\/www.ecommerceupdate.com.br\/nb\/wp-json\/wp\/v2\/product"}],"about":[{"href":"https:\/\/www.ecommerceupdate.com.br\/nb\/wp-json\/wp\/v2\/types\/product"}],"replies":[{"embeddable":true,"href":"https:\/\/www.ecommerceupdate.com.br\/nb\/wp-json\/wp\/v2\/comments?post=93862"}],"wp:featuredmedia":[{"embeddable":true,"href":"https:\/\/www.ecommerceupdate.com.br\/nb\/wp-json\/wp\/v2\/product\/93862"}],"wp:attachment":[{"href":"https:\/\/www.ecommerceupdate.com.br\/nb\/wp-json\/wp\/v2\/media?parent=93862"}],"wp:term":[{"taxonomy":"product_cat","embeddable":true,"href":"https:\/\/www.ecommerceupdate.com.br\/nb\/wp-json\/wp\/v2\/product_cat?post=93862"},{"taxonomy":"product_tag","embeddable":true,"href":"https:\/\/www.ecommerceupdate.com.br\/nb\/wp-json\/wp\/v2\/product_tag?post=93862"}],"curies":[{"name":"wp","href":"https:\/\/api.w.org\/{rel}","templated":true}]}}