{"id":94361,"date":"2026-03-12T13:41:57","date_gmt":"2026-03-12T16:41:57","guid":{"rendered":"https:\/\/www.ecommerceupdate.com.br\/produto\/amazon-fba-masterclass-navigating-the-e-commerce-revolution\/"},"modified":"2026-03-13T15:57:57","modified_gmt":"2026-03-13T18:57:57","slug":"amazon-fba-masterclass-navigating-the-e-commerce-revolution","status":"publish","type":"product","link":"https:\/\/www.ecommerceupdate.com.br\/nb\/produto\/amazon-fba-masterclass-navigating-the-e-commerce-revolution\/","title":{"rendered":"Amazon FBA Masterclass: Navigere i e-handelsrevolusjonen"},"content":{"rendered":"<div class=\"woocommerce-product-details\">\n<h3>Produktdetaljer<\/h3>\n<ul>\n<li>ASIN: B0CDNMNTJP<\/li>\n<li>Utgiver: Uavhengig publisert<\/li>\n<li>Publiseringsdato: 5. august 2023<\/li>\n<li>Spr\u00e5k: Engelsk<\/li>\n<li>ISBN-13:979-8856122717<\/li>\n<li>Produktvekt: 127g<\/li>\n<li>M\u00e5l: 21,59 x 0,18 x 27,94 cm<\/li>\n<li>Kundeanmeldelser: 3,7 3,7 av 5 stjerner (4)<\/li>\n<\/ul><\/div>","protected":false},"excerpt":{"rendered":"<p>Amazon FBA Masterclass: Navigere E-Commerce RevolutionEr du klar til \u00e5 l\u00e5se opp d\u00f8ren til \u00f8konomisk frihet og ta ansvar for din skjebne Velkommen til Amazon FBA Masterclass, hvor vi vil veilede deg p\u00e5 en transformativ reise gjennom drivende verden av e-handel I denne omfattende og innsiktsfulle boken leverer vi inn i dypet av Amazons Fulfillment by Amazon (FBA) program, og utstyre deg med kunnskap og kompetanse for \u00e5 oppn\u00e5 en vei til overgrunnen.<\/p>\n<p><span>Omfavn e-handelsrevolusjonen: Oppdag det enest\u00e5ende potensialet til Amazon FBA n\u00e5r vi avdekker de endel\u00f8se mulighetene det gir for b\u00e5de h\u00e5pefulle gr\u00fcndere og erfarne bedriftseiere. Si farvel til tradisjonelle detaljhandelsmodeller og velkommen fremtiden for nettsalg.<\/span><\/p>\n<p>Omfavn e-handelsrevolusjonen: Oppdag det enest\u00e5ende potensialet til Amazon FBA n\u00e5r vi avdekker de endel\u00f8se mulighetene det gir for b\u00e5de h\u00e5pefulle gr\u00fcndere og erfarne bedriftseiere. Si farvel til tradisjonelle detaljhandelsmodeller og velkommen fremtiden for nettsalg.<\/p>\n<p><span>Utforming av uimotst\u00e5elige oppf\u00f8ringer: L\u00e6r \u00e5 lage produktoppf\u00f8ringer som gir kunder og \u00f8ker konverteringsfrekvensen. Oppdag kunsten \u00e5 visuelt tiltalende produktbilder, slik at oppf\u00f8ringene dine skiller seg ut og etterlater et varig inntrykk.<\/span><\/p>\n<p>Utforming av uimotst\u00e5elige oppf\u00f8ringer: L\u00e6r \u00e5 lage produktoppf\u00f8ringer som gir kunder og \u00f8ker konverteringsfrekvensen. Oppdag kunsten \u00e5 visuelt tiltalende produktbilder, slik at oppf\u00f8ringene dine skiller seg ut og etterlater et varig inntrykk.<\/p>\n<p><span>The Power of Branding: Forst\u00e5 betydningen av merkevarebygging og skape en unik identitet som resonerer med m\u00e5lgruppen din, fremme lojalitet og tillit. Utforsk realitetene utenfor Amazon mens vi veileder deg gjennom \u00e5 bygge en omnikanal tilstedev\u00e6relse.<\/span><\/p>\n<p>The Power of Branding: Forst\u00e5 betydningen av merkevarebygging og skape en unik identitet som resonerer med m\u00e5lgruppen din, fremme lojalitet og tillit. Utforsk realitetene utenfor Amazon mens vi veileder deg gjennom \u00e5 bygge en omnikanal tilstedev\u00e6relse.<\/p>\n<p><span>Lanserings- og markedsf\u00f8ringsstrategier: Slipp l\u00f8s hemmelighetene til en virkningsfull produktlansering som genererer buzz, tiltrekker seg tidlige kunder og katapulterer produktet ditt til bestselgerstatus. Utnytt potensialet til markedsf\u00f8ring p\u00e5 sosiale medier for \u00e5 n\u00e5 nye m\u00e5lgrupper og skape et blomstrende nettsamfunn.<\/span><\/p>\n<p>Lanserings- og markedsf\u00f8ringsstrategier: Slipp l\u00f8s hemmelighetene til en virkningsfull produktlansering som genererer buzz, tiltrekker seg tidlige kunder og katapulterer produktet ditt til bestselgerstatus. Utnytt potensialet til markedsf\u00f8ring p\u00e5 sosiale medier for \u00e5 n\u00e5 nye m\u00e5lgrupper og skape et blomstrende nettsamfunn.<\/p>\n<p><span>Fortreffelighet innen kundeservice: Omfavn en kunde-f\u00f8rst-tankegang, glede kj\u00f8pere med eksepsjonell service og sikre deres tilfredshet. F\u00e5 ferdigheter i \u00e5 administrere avkastning og adressere negative tilbakemeldinger.<\/span><\/p>\n<p>Fortreffelighet innen kundeservice: Omfavn en kunde-f\u00f8rst-tankegang, glede kj\u00f8pere med eksepsjonell service og sikre deres tilfredshet. F\u00e5 ferdigheter i \u00e5 administrere avkastning og adressere negative tilbakemeldinger.<\/p>\n<p><span>Skalering av virksomheten din: Planlegg og planlegg for skalerbarhet, utvid produktportef\u00f8ljen din og erobre nye markeder. Oppdag hvordan du kan utnytte outsourcing og automatisering for \u00e5 effektivisere driften.<\/span><\/p>\n<p>Skalering av virksomheten din: Planlegg og planlegg for skalerbarhet, utvid produktportef\u00f8ljen din og erobre nye markeder. Oppdag hvordan du kan utnytte outsourcing og automatisering for \u00e5 effektivisere driften.<\/p>\n<p><span>Navigere Utfordringer: Forbered deg p\u00e5 hindringene som f\u00f8lger med \u00e5 drive en online virksomhet, og l\u00e6r effektive strategier for \u00e5 navigere og erobre dem.<\/span><\/p>\n<p>Navigere utfordringer: Forbered deg p\u00e5 hindringene som f\u00f8lger med \u00e5 drive en online virksomhet, og l\u00e6r effektive strategier for \u00e5 navigere og erobre dem. Tilpass deg markedsendringer og endret forbrukeratferd. Konklusjon: Trives i e-handelsrevolusjonen Gratulerer! Du fullf\u00f8rte Amazon FBA Masterclass og er n\u00e5 utstyrt med kunnskap og verkt\u00f8y for \u00e5 kj\u00f8re i e-handelsrevolusjonen.N\u00f8kkel Takeaways:<span>Omfavn de uendelige mulighetene som FBA tilbyr og kartlegg kursen din til \u00f8konomisk frihet og varig suksess.<\/span>Omfavn de uendelige mulighetene som FBA tilbyr og kartlegg kursen din til \u00f8konomisk frihet og varig suksess.<span>Lag et merke som t\u00e5ler tidens tann og fremmer kundelojalitet.<\/span>Lag et merke som t\u00e5ler tidens tann og fremmer kundelojalitet.<span>Utnytt kraften til sosiale medier og reklame for \u00e5 \u00f8ke salget ditt og n\u00e5 nye m\u00e5lgrupper.<\/span>Utnytt kraften til sosiale medier og reklame for \u00e5 \u00f8ke salget ditt og n\u00e5 nye m\u00e5lgrupper.<span>Prioriter eksepsjonell kundeservice for \u00e5 bygge en lojal kundebase.<\/span>Prioriter eksepsjonell kundeservice for \u00e5 bygge en lojal kundebase.<span>Planlegg for skalerbarhet og utforsk muligheter utenfor Amazons plattform.<\/span>Planlegg for skalerbarhet og utforsk muligheter utenfor Amazons plattform.<span>V\u00e6r forberedt p\u00e5 \u00e5 m\u00f8te utfordringer og tilpasse deg et dynamisk marked.<\/span>V\u00e6r forberedt p\u00e5 \u00e5 m\u00f8te utfordringer og tilpasse deg et dynamisk marked.N\u00e5r du legger ut p\u00e5 denne spennende reisen, husk at n\u00f8kkelen til triumf ikke bare ligger i fortjeneste, men i \u00e5 skape et merke som t\u00e5ler tidens tann.E-handelslandskapet er i stadig utvikling, men bev\u00e6pnet med innsikten fra denne mesterklassen, har du kraften til \u00e5 navigere i disse endringene og gj\u00f8re dem til muligheter for vekst. S\u00e5 g\u00e5 inn i verden og bevegelsen til Amazonas, og dermed bli, verdens verden, og verdens bevegelse, g\u00e5 inn i verdens verden og m\u00e5nens verden.<\/p>","protected":false},"featured_media":94361,"comment_status":"open","ping_status":"closed","template":"","meta":[],"product_cat":[1611,1595,1610],"product_tag":[],"class_list":{"0":"post-94361","1":"product","2":"type-product","3":"status-publish","4":"has-post-thumbnail","6":"product_brand-edicao-ingls-por-benjamin-stone-autor","7":"product_cat-administracao-negocios-e-economia","8":"product_cat-livros","9":"product_cat-livros-internacionais","11":"first","12":"instock","13":"shipping-taxable","14":"purchasable","15":"product-type-simple"},"aioseo_notices":[],"_links":{"self":[{"href":"https:\/\/www.ecommerceupdate.com.br\/nb\/wp-json\/wp\/v2\/product\/94361","targetHints":{"allow":["GET"]}}],"collection":[{"href":"https:\/\/www.ecommerceupdate.com.br\/nb\/wp-json\/wp\/v2\/product"}],"about":[{"href":"https:\/\/www.ecommerceupdate.com.br\/nb\/wp-json\/wp\/v2\/types\/product"}],"replies":[{"embeddable":true,"href":"https:\/\/www.ecommerceupdate.com.br\/nb\/wp-json\/wp\/v2\/comments?post=94361"}],"wp:featuredmedia":[{"embeddable":true,"href":"https:\/\/www.ecommerceupdate.com.br\/nb\/wp-json\/wp\/v2\/product\/94361"}],"wp:attachment":[{"href":"https:\/\/www.ecommerceupdate.com.br\/nb\/wp-json\/wp\/v2\/media?parent=94361"}],"wp:term":[{"taxonomy":"product_cat","embeddable":true,"href":"https:\/\/www.ecommerceupdate.com.br\/nb\/wp-json\/wp\/v2\/product_cat?post=94361"},{"taxonomy":"product_tag","embeddable":true,"href":"https:\/\/www.ecommerceupdate.com.br\/nb\/wp-json\/wp\/v2\/product_tag?post=94361"}],"curies":[{"name":"wp","href":"https:\/\/api.w.org\/{rel}","templated":true}]}}