{"id":94373,"date":"2026-03-12T13:47:01","date_gmt":"2026-03-12T16:47:01","guid":{"rendered":"https:\/\/www.ecommerceupdate.com.br\/produto\/comercio-digital-e-pmes-em-puebla-o-impacto-do-comercio-digital-e-da-logistica\/"},"modified":"2026-03-12T13:47:03","modified_gmt":"2026-03-12T16:47:03","slug":"comercio-digital-e-pmes-em-puebla-o-impacto-do-comercio-digital-e-da-logistica","status":"publish","type":"product","link":"https:\/\/www.ecommerceupdate.com.br\/nb\/produto\/comercio-digital-e-pmes-em-puebla-o-impacto-do-comercio-digital-e-da-logistica\/","title":{"rendered":"Digital handel og SMB i Puebla: Virkningen av digital handel og logistikk"},"content":{"rendered":"<div class=\"woocommerce-product-details\">\n<h3>Produktdetaljer<\/h3>\n<ul>\n<li>Utgiver: Editions Our Knowledge<\/li>\n<li>Publiseringsdato: 31. mai 2022<\/li>\n<li>Spr\u00e5k: Portugisisk<\/li>\n<li>Antall sider : 60 sider<\/li>\n<li>ISBN-10:6204785532<\/li>\n<li>ISBN-13:978-6204785530<\/li>\n<li>M\u00e5l: 15 x 0,36 x 22 cm<\/li>\n<\/ul><\/div>","protected":false},"excerpt":{"rendered":"<p>Produktdetaljer Utgiver : Utgaver V\u00e5r kunnskap Utgivelsesdato : 31. mai 2022 Spr\u00e5k: Engelsk Antall sider : 60 sider ISBN-10 : 6204785532 ISBN-13 : 978-6204785530 M\u00e5l : 15 x 0,36 x 22 cm<\/p>","protected":false},"featured_media":94373,"comment_status":"open","ping_status":"closed","template":"","meta":[],"product_cat":[1611,1621,1595],"product_tag":[],"class_list":{"0":"post-94373","1":"product","2":"type-product","3":"status-publish","4":"has-post-thumbnail","6":"product_brand-por-juan-carlos-aranda-autor","7":"product_cat-administracao-negocios-e-economia","8":"product_cat-gestao-e-lideranca","9":"product_cat-livros","11":"first","12":"instock","13":"shipping-taxable","14":"purchasable","15":"product-type-simple"},"aioseo_notices":[],"_links":{"self":[{"href":"https:\/\/www.ecommerceupdate.com.br\/nb\/wp-json\/wp\/v2\/product\/94373","targetHints":{"allow":["GET"]}}],"collection":[{"href":"https:\/\/www.ecommerceupdate.com.br\/nb\/wp-json\/wp\/v2\/product"}],"about":[{"href":"https:\/\/www.ecommerceupdate.com.br\/nb\/wp-json\/wp\/v2\/types\/product"}],"replies":[{"embeddable":true,"href":"https:\/\/www.ecommerceupdate.com.br\/nb\/wp-json\/wp\/v2\/comments?post=94373"}],"wp:featuredmedia":[{"embeddable":true,"href":"https:\/\/www.ecommerceupdate.com.br\/nb\/wp-json\/wp\/v2\/product\/94373"}],"wp:attachment":[{"href":"https:\/\/www.ecommerceupdate.com.br\/nb\/wp-json\/wp\/v2\/media?parent=94373"}],"wp:term":[{"taxonomy":"product_cat","embeddable":true,"href":"https:\/\/www.ecommerceupdate.com.br\/nb\/wp-json\/wp\/v2\/product_cat?post=94373"},{"taxonomy":"product_tag","embeddable":true,"href":"https:\/\/www.ecommerceupdate.com.br\/nb\/wp-json\/wp\/v2\/product_tag?post=94373"}],"curies":[{"name":"wp","href":"https:\/\/api.w.org\/{rel}","templated":true}]}}