{"id":91276,"date":"2026-02-05T07:18:12","date_gmt":"2026-02-05T10:18:12","guid":{"rendered":"https:\/\/www.ecommerceupdate.org\/produto\/e-marketplace-para-a-administracao-publica-no-brasil\/"},"modified":"2026-05-11T11:19:04","modified_gmt":"2026-05-11T14:19:04","slug":"e-marketplace-para-a-administracao-publica-no-brasil","status":"publish","type":"product","link":"https:\/\/www.ecommerceupdate.com.br\/ne\/produto\/e-marketplace-para-a-administracao-publica-no-brasil\/","title":{"rendered":"E-marketplace para a Administra\u00e7\u00e3o P\u00fablica no Brasil"},"content":{"rendered":"<div class=\"woocommerce-product-details\"><\/div>","protected":false},"excerpt":{"rendered":"<p>Maximize a efici\u00eancia da gest\u00e3o de compras da Administra\u00e7\u00e3o P\u00fablica no Brasil, alinhando processos com normas jur\u00eddicas atualizadas e pr\u00e1ticas eficazes. Escrito por Christianne Stroppa e Tatiana Camar\u00e3o, este e-book Kindle oferece orienta\u00e7\u00e3o pr\u00e1tica sobre licita\u00e7\u00f5es, contratos e marketplaces p\u00fablicos, com foco em conformidade, transpar\u00eancia e desempenho. Dispon\u00edvel por apenas R$ 88,00, ele convida voc\u00ea a ler mais e aplicar rapidamente os insights no seu dia a dia.<\/p>","protected":false},"featured_media":91276,"comment_status":"open","ping_status":"closed","template":"","meta":[],"product_cat":[1609,1608,1607],"product_tag":[2856,2854,2855],"class_list":{"0":"post-91276","1":"product","2":"type-product","3":"status-publish","4":"has-post-thumbnail","5":"product_brand-por-christianne-stroppa-autor-tatiana-camaro-autor-formato-ebook-kindle","6":"product_cat-direito","7":"product_cat-ebooks-kindle","8":"product_cat-loja-kindle","9":"product_tag-direito-administrativo-brasil-kindle","10":"product_tag-e-marketplace-governo-brasil-kindle","11":"product_tag-licitacoes-eletronicas-administracao-publica","13":"first","14":"instock","15":"sale","16":"shipping-taxable","17":"purchasable","18":"product-type-simple"},"aioseo_notices":[],"_links":{"self":[{"href":"https:\/\/www.ecommerceupdate.com.br\/ne\/wp-json\/wp\/v2\/product\/91276","targetHints":{"allow":["GET"]}}],"collection":[{"href":"https:\/\/www.ecommerceupdate.com.br\/ne\/wp-json\/wp\/v2\/product"}],"about":[{"href":"https:\/\/www.ecommerceupdate.com.br\/ne\/wp-json\/wp\/v2\/types\/product"}],"replies":[{"embeddable":true,"href":"https:\/\/www.ecommerceupdate.com.br\/ne\/wp-json\/wp\/v2\/comments?post=91276"}],"wp:featuredmedia":[{"embeddable":true,"href":"https:\/\/www.ecommerceupdate.com.br\/ne\/wp-json\/wp\/v2\/product\/91276"}],"wp:attachment":[{"href":"https:\/\/www.ecommerceupdate.com.br\/ne\/wp-json\/wp\/v2\/media?parent=91276"}],"wp:term":[{"taxonomy":"product_cat","embeddable":true,"href":"https:\/\/www.ecommerceupdate.com.br\/ne\/wp-json\/wp\/v2\/product_cat?post=91276"},{"taxonomy":"product_tag","embeddable":true,"href":"https:\/\/www.ecommerceupdate.com.br\/ne\/wp-json\/wp\/v2\/product_tag?post=91276"}],"curies":[{"name":"wp","href":"https:\/\/api.w.org\/{rel}","templated":true}]}}