{"id":91653,"date":"2026-02-07T11:55:47","date_gmt":"2026-02-07T14:55:47","guid":{"rendered":"https:\/\/www.ecommerceupdate.org\/produto\/primeiros-passos-no-airbnb-guia-pratico-para-iniciar-hospedar-e-rentabilizar-o-seu-espaco\/"},"modified":"2026-05-13T10:03:52","modified_gmt":"2026-05-13T13:03:52","slug":"primeiros-passos-no-airbnb-guia-pratico-para-iniciar-hospedar-e-rentabilizar-o-seu-espaco","status":"publish","type":"product","link":"https:\/\/www.ecommerceupdate.com.br\/ne\/produto\/primeiros-passos-no-airbnb-guia-pratico-para-iniciar-hospedar-e-rentabilizar-o-seu-espaco\/","title":{"rendered":"Primeiros passos no Airbnb: Guia Pr\u00e1tico para iniciar, hospedar e rentabilizar o seu espa\u00e7o"},"content":{"rendered":"<div class=\"woocommerce-product-details\">\n<h3>Detalhes do produto<\/h3>\n<ul>\n<li>ASIN : B0G1JWQBHG<\/li>\n<li>Acessibilidade : Saiba mais<\/li>\n<li>Data da publica\u00e7\u00e3o : 9 novembro 2025<\/li>\n<li>Idioma : Portugu\u00eas<\/li>\n<li>Tamanho do arquivo : 331 KB<\/li>\n<li>Leitor de tela : Compat\u00edvel<\/li>\n<li>Configura\u00e7\u00e3o de fonte : Habilitado<\/li>\n<li>Dicas de vocabul\u00e1rio : N\u00e3o habilitado<\/li>\n<li>N\u00famero de p\u00e1ginas : 22 p\u00e1ginas<\/li>\n<li>Page Flip : Habilitado<\/li>\n<li>Idade de leitura : 15 &#8211; 18 anos<\/li>\n<li>Ranking dos mais vendidos: N\u00ba 649.883 em Loja Kindle (Conhe\u00e7a o Top 100 na categoria Loja Kindle) N\u00ba 1.130 em Guias de Viagem e Livros de Turismo Diversos N\u00ba 2.084 em Empreendimento N\u00ba 2.288 em Turismo<\/li>\n<li>N\u00ba 1.130 em Guias de Viagem e Livros de Turismo Diversos<\/li>\n<li>N\u00ba 2.084 em Empreendimento<\/li>\n<li>N\u00ba 2.288 em Turismo<\/li>\n<\/ul><\/div>","protected":false},"excerpt":{"rendered":"<p>Conquiste mais reservas e aumente a rentabilidade do seu espa\u00e7o com um guia pr\u00e1tico para iniciar, hospedar e monetizar no Airbnb. Escrito por Gilberto Oliveira, em formato de eBook Kindle, com pre\u00e7o de R$ 100,00, o livro oferece passos verific\u00e1veis desde a prepara\u00e7\u00e3o do espa\u00e7o at\u00e9 estrat\u00e9gias de precifica\u00e7\u00e3o para maximizar resultados. Descubra t\u00e9cnicas para otimizar an\u00fancios, gest\u00e3o de h\u00f3spedes e opera\u00e7\u00f5es di\u00e1rias, e mergulhe em casos pr\u00e1ticos que ajudam voc\u00ea a aplicar cada dica.<\/p>","protected":false},"featured_media":91653,"comment_status":"open","ping_status":"closed","template":"","meta":[],"product_cat":[1611,1621,1595],"product_tag":[2773,2774,2775],"class_list":{"0":"post-91653","1":"product","2":"type-product","3":"status-publish","4":"has-post-thumbnail","5":"product_brand-por-gilberto-oliveira-autor-formato-ebook-kindle","6":"product_cat-administracao-negocios-e-economia","7":"product_cat-gestao-e-lideranca","8":"product_cat-livros","9":"product_tag-ebook-airbnb-guia-pratico-iniciantes","10":"product_tag-hospedar-no-airbnb-monetizar-espaco","11":"product_tag-kindle-guia-para-anfitrioes-airbnb","13":"first","14":"instock","15":"shipping-taxable","16":"purchasable","17":"product-type-simple"},"aioseo_notices":[],"_links":{"self":[{"href":"https:\/\/www.ecommerceupdate.com.br\/ne\/wp-json\/wp\/v2\/product\/91653","targetHints":{"allow":["GET"]}}],"collection":[{"href":"https:\/\/www.ecommerceupdate.com.br\/ne\/wp-json\/wp\/v2\/product"}],"about":[{"href":"https:\/\/www.ecommerceupdate.com.br\/ne\/wp-json\/wp\/v2\/types\/product"}],"replies":[{"embeddable":true,"href":"https:\/\/www.ecommerceupdate.com.br\/ne\/wp-json\/wp\/v2\/comments?post=91653"}],"wp:featuredmedia":[{"embeddable":true,"href":"https:\/\/www.ecommerceupdate.com.br\/ne\/wp-json\/wp\/v2\/product\/91653"}],"wp:attachment":[{"href":"https:\/\/www.ecommerceupdate.com.br\/ne\/wp-json\/wp\/v2\/media?parent=91653"}],"wp:term":[{"taxonomy":"product_cat","embeddable":true,"href":"https:\/\/www.ecommerceupdate.com.br\/ne\/wp-json\/wp\/v2\/product_cat?post=91653"},{"taxonomy":"product_tag","embeddable":true,"href":"https:\/\/www.ecommerceupdate.com.br\/ne\/wp-json\/wp\/v2\/product_tag?post=91653"}],"curies":[{"name":"wp","href":"https:\/\/api.w.org\/{rel}","templated":true}]}}