{"id":93418,"date":"2026-03-04T08:50:17","date_gmt":"2026-03-04T11:50:17","guid":{"rendered":"https:\/\/www.ecommerceupdate.com.br\/produto\/understanding-the-marketplace-create-a-customer-centric-marketing-strategy\/"},"modified":"2026-05-13T10:16:51","modified_gmt":"2026-05-13T13:16:51","slug":"understanding-the-marketplace-create-a-customer-centric-marketing-strategy","status":"publish","type":"product","link":"https:\/\/www.ecommerceupdate.com.br\/ne\/produto\/understanding-the-marketplace-create-a-customer-centric-marketing-strategy\/","title":{"rendered":"Understanding The Marketplace: Create A Customer-Centric Marketing Strategy"},"content":{"rendered":"<div class=\"woocommerce-product-details\"><\/div>","protected":false},"excerpt":{"rendered":"<p>Desenvolva uma estrat\u00e9gia de marketing centrada no cliente que eleva a convers\u00e3o, a reten\u00e7\u00e3o e a satisfa\u00e7\u00e3o, colocando as necessidades do consumidor no centro de cada decis\u00e3o. Este guia oferece um framework pr\u00e1tico com passos acion\u00e1veis para transformar dados de mercado em mensagens, canais e experi\u00eancias consistentes. Escrito em ingl\u00eas pelo autor Andres Labarbera, este livro convida voc\u00ea a aplicar imediatamente as ideias e est\u00e1 dispon\u00edvel por R$ 81,33.<\/p>","protected":false},"featured_media":93418,"comment_status":"open","ping_status":"closed","template":"","meta":[],"product_cat":[1611,1595,1610],"product_tag":[2628,2626,2627],"class_list":{"0":"post-93418","1":"product","2":"type-product","3":"status-publish","4":"has-post-thumbnail","5":"product_brand-edicao-ingls-por-andres-labarbera-autor","6":"product_cat-administracao-negocios-e-economia","7":"product_cat-livros","8":"product_cat-livros-internacionais","9":"product_tag-andres-labarbera-english-edition","10":"product_tag-customer-centric-marketing-strategy-book","11":"product_tag-marketplace-understanding-for-marketing-strategy","13":"first","14":"instock","15":"shipping-taxable","16":"purchasable","17":"product-type-simple"},"aioseo_notices":[],"_links":{"self":[{"href":"https:\/\/www.ecommerceupdate.com.br\/ne\/wp-json\/wp\/v2\/product\/93418","targetHints":{"allow":["GET"]}}],"collection":[{"href":"https:\/\/www.ecommerceupdate.com.br\/ne\/wp-json\/wp\/v2\/product"}],"about":[{"href":"https:\/\/www.ecommerceupdate.com.br\/ne\/wp-json\/wp\/v2\/types\/product"}],"replies":[{"embeddable":true,"href":"https:\/\/www.ecommerceupdate.com.br\/ne\/wp-json\/wp\/v2\/comments?post=93418"}],"wp:featuredmedia":[{"embeddable":true,"href":"https:\/\/www.ecommerceupdate.com.br\/ne\/wp-json\/wp\/v2\/product\/93418"}],"wp:attachment":[{"href":"https:\/\/www.ecommerceupdate.com.br\/ne\/wp-json\/wp\/v2\/media?parent=93418"}],"wp:term":[{"taxonomy":"product_cat","embeddable":true,"href":"https:\/\/www.ecommerceupdate.com.br\/ne\/wp-json\/wp\/v2\/product_cat?post=93418"},{"taxonomy":"product_tag","embeddable":true,"href":"https:\/\/www.ecommerceupdate.com.br\/ne\/wp-json\/wp\/v2\/product_tag?post=93418"}],"curies":[{"name":"wp","href":"https:\/\/api.w.org\/{rel}","templated":true}]}}