{"id":93425,"date":"2026-03-04T08:53:50","date_gmt":"2026-03-04T11:53:50","guid":{"rendered":"https:\/\/www.ecommerceupdate.com.br\/produto\/pipeline-de-dados-e-commerce-com-pyspark-e-delta-lake-manual-tecnico-e-arquitetural\/"},"modified":"2026-05-09T11:53:02","modified_gmt":"2026-05-09T14:53:02","slug":"pipeline-de-dados-e-commerce-com-pyspark-e-delta-lake-manual-tecnico-e-arquitetural","status":"publish","type":"product","link":"https:\/\/www.ecommerceupdate.com.br\/ne\/produto\/pipeline-de-dados-e-commerce-com-pyspark-e-delta-lake-manual-tecnico-e-arquitetural\/","title":{"rendered":"Pipeline de Dados E-commerce com PySpark e Delta Lake: Manual T\u00e9cnico e Arquitetural"},"content":{"rendered":"<div class=\"woocommerce-product-details\">\n<h3>Detalhes do produto<\/h3>\n<ul>\n<li>ASIN : B0FXSY4RYV<\/li>\n<li>Acessibilidade : Saiba mais<\/li>\n<li>Data da publica\u00e7\u00e3o : 25 outubro 2025<\/li>\n<li>Idioma : Portugu\u00eas<\/li>\n<li>Tamanho do arquivo : 185 KB<\/li>\n<li>Configura\u00e7\u00e3o de fonte : Habilitado<\/li>\n<li>Dicas de vocabul\u00e1rio : N\u00e3o habilitado<\/li>\n<li>N\u00famero de p\u00e1ginas : 65 p\u00e1ginas<\/li>\n<li>Page Flip : Habilitado<\/li>\n<li>Idade de leitura : 14 &#8211; 18 anos<\/li>\n<li>Ranking dos mais vendidos: N\u00ba 238.420 em Loja Kindle (Conhe\u00e7a o Top 100 na categoria Loja Kindle) N\u00ba 210 em Base de dados N\u00ba 3.100 em Computa\u00e7\u00e3o, internet e m\u00eddia digital<\/li>\n<li>N\u00ba 210 em Base de dados<\/li>\n<li>N\u00ba 3.100 em Computa\u00e7\u00e3o, internet e m\u00eddia digital<\/li>\n<\/ul><\/div>","protected":false},"excerpt":{"rendered":"<p>Transforme seu conhecimento em pr\u00e1tica e construa um pipeline de dados profissional com PySpark e Delta Lake.Este manual t\u00e9cnico e arquitetural apresenta um projeto completo, moderno e totalmente alinhado \u00e0s necessidades reais do mercado. Nada de teoria solta ou exemplos irreais. Aqui voc\u00ea aprende fazendo.Voc\u00ea vai desenvolver, passo a passo:\u2022 Ingest\u00e3o Bronze com preserva\u00e7\u00e3o de dados brutos<br \/>\u2022 Limpeza, padroniza\u00e7\u00e3o e valida\u00e7\u00e3o Silver<br \/>\u2022 Agrega\u00e7\u00f5es anal\u00edticas otimizadas na camada Gold<br \/>\u2022 Deploy completo com Databricks Asset Bundles<br \/>\u2022 Testes automatizados com Pytest e Great Expectations<br \/>\u2022 Dashboards e monitoramento com alertas no Databricks SQLTudo isso utilizando ferramentas gratuitas como Databricks Community Edition, GitHub Actions e Delta Lake.Este livro \u00e9 ideal para:\u2705 Engenheiros de Dados iniciantes e intermedi\u00e1rios<br \/>\u2705 Analistas que desejam evoluir para Data Engineering<br \/>\u2705 Estudantes preparando portf\u00f3lio para o LinkedIn e entrevistas<br \/>\u2705 Profissionais que desejam aprender a arquitetura Medallion na pr\u00e1ticaAo final deste projeto, voc\u00ea ter\u00e1 um pipeline execut\u00e1vel, versionado, observ\u00e1vel e pronto para ser apresentado como exemplo de experi\u00eancia pr\u00e1tica em Engenharia de Dados.Aumente seu n\u00edvel t\u00e9cnico. Construa algo real. Avance na sua carreira.<\/p>","protected":false},"featured_media":93425,"comment_status":"open","ping_status":"closed","template":"","meta":[],"product_cat":[1641,1608,1607],"product_tag":[],"class_list":{"0":"post-93425","1":"product","2":"type-product","3":"status-publish","4":"has-post-thumbnail","5":"product_brand-por-czar-carmo-autor-formato-ebook-kindle","6":"product_cat-computacao-informatica-e-midias-digitais","7":"product_cat-ebooks-kindle","8":"product_cat-loja-kindle","10":"first","11":"instock","12":"shipping-taxable","13":"purchasable","14":"product-type-simple"},"aioseo_notices":[],"_links":{"self":[{"href":"https:\/\/www.ecommerceupdate.com.br\/ne\/wp-json\/wp\/v2\/product\/93425","targetHints":{"allow":["GET"]}}],"collection":[{"href":"https:\/\/www.ecommerceupdate.com.br\/ne\/wp-json\/wp\/v2\/product"}],"about":[{"href":"https:\/\/www.ecommerceupdate.com.br\/ne\/wp-json\/wp\/v2\/types\/product"}],"replies":[{"embeddable":true,"href":"https:\/\/www.ecommerceupdate.com.br\/ne\/wp-json\/wp\/v2\/comments?post=93425"}],"wp:featuredmedia":[{"embeddable":true,"href":"https:\/\/www.ecommerceupdate.com.br\/ne\/wp-json\/wp\/v2\/product\/93425"}],"wp:attachment":[{"href":"https:\/\/www.ecommerceupdate.com.br\/ne\/wp-json\/wp\/v2\/media?parent=93425"}],"wp:term":[{"taxonomy":"product_cat","embeddable":true,"href":"https:\/\/www.ecommerceupdate.com.br\/ne\/wp-json\/wp\/v2\/product_cat?post=93425"},{"taxonomy":"product_tag","embeddable":true,"href":"https:\/\/www.ecommerceupdate.com.br\/ne\/wp-json\/wp\/v2\/product_tag?post=93425"}],"curies":[{"name":"wp","href":"https:\/\/api.w.org\/{rel}","templated":true}]}}