{"id":93623,"date":"2026-03-05T10:47:29","date_gmt":"2026-03-05T13:47:29","guid":{"rendered":"https:\/\/www.ecommerceupdate.com.br\/produto\/metodologia-pemd-planejamento-estrategico-de-marketing-na-era-digital-passo-a-passo-para-atuar-em-alto-nivel-e-se-diferenciar-em-um-mercado-cada-vez-mais-competitivo\/"},"modified":"2026-05-08T11:44:52","modified_gmt":"2026-05-08T14:44:52","slug":"metodologia-pemd-planejamento-estrategico-de-marketing-na-era-digital-passo-a-passo-para-atuar-em-alto-nivel-e-se-diferenciar-em-um-mercado-cada-vez-mais-competitivo","status":"publish","type":"product","link":"https:\/\/www.ecommerceupdate.com.br\/ne\/produto\/metodologia-pemd-planejamento-estrategico-de-marketing-na-era-digital-passo-a-passo-para-atuar-em-alto-nivel-e-se-diferenciar-em-um-mercado-cada-vez-mais-competitivo\/","title":{"rendered":"Metodologia PEMD: Planejamento Estrat\u00e9gico de Marketing na Era Digital &#8211; Passo a passo para atuar em alto n\u00edvel e se diferenciar em um mercado cada vez mais competitivo"},"content":{"rendered":"<div class=\"woocommerce-product-details\">\n<div id=\"aplus_feature_div\" class=\"celwidget\" data-feature-name=\"aplus\" data-csa-c-type=\"widget\" data-csa-c-content-id=\"aplus\" data-csa-c-slot-id=\"aplus_feature_div\" data-csa-c-asin=\"\" data-csa-c-is-in-initial-active-row=\"false\">\n<div id=\"aplus\" class=\"a-section a-spacing-large bucket\">\n<h3 class=\"\">Da editora<\/h3>\n<div lang=\"pt_BR\">\n<div class=\"aplus-v2 desktop celwidget\">\n<div class=\"aplus-content-wrapper\">\n<div class=\"celwidget aplus-module 3p-module-b aplus-standard\">\n<div class=\"aplus-module-wrapper aplus-3p-fixed-width\"> <img decoding=\"async\" alt=\"PEMD\" src=\"https:\/\/m.media-amazon.com\/images\/S\/aplus-media-library-service-media\/b31cfc9c-694b-4a9c-9678-4a6696f374ff.__CR0,0,4042,2500_PT0_SX970_V1___.jpg\" \/> <\/div>\n<\/p>\n<\/div>\n<div class=\"celwidget aplus-module module-2 aplus-standard\">\n<div class=\"aplus-module-wrapper apm-floatnone apm-fixed-width\">\n<div class=\"apm-sidemodule apm-spacing\">\n<div class=\"apm-sidemodule-imageleft\"> <img decoding=\"async\" alt=\"Autor Nino Carvalho\" src=\"https:\/\/m.media-amazon.com\/images\/S\/aplus-media-library-service-media\/7c483e55-9d29-4ebe-94c5-3fa007cd65eb.__CR0,0,1471,1471_PT0_SX300_V1___.png\" \/> <\/div>\n<div class=\"apm-sidemodule-textright\">\n<h3 class=\"a-spacing-mini\"> NINO CARVALHO <\/h3>\n<p> Um dos pioneiros, mais respeitados e mais requisitados consultores de Marketing na Era Digital do Brasil. Coleciona <span class=\"a-text-bold\">mais de 25 anos de experi\u00eancia<\/span>, em projetos executivos e acad\u00eamicos em mais de 30 pa\u00edses. <span class=\"a-text-bold\">\u00danico brasileiro com a chancela FCIM<\/span> (Fellow Chartered Institute of Marketing), a mais alta refer\u00eancia de Marketing da Comunidade Europeia. <\/p>\n<p> \u00c9 <span class=\"a-text-bold\">professor <\/span>do IPAM (PT), IPOG (BR) e Karel de Grote (BE), al\u00e9m de docente convidado na Kozminsk University (PL), IULM (IT), Universidade Europeia (PT), Universidade de Coimbra (PT) e Kodolayni-Janos University (HU). \u00c9 <span class=\"a-text-bold\">palestrante do e-World Marketing Summit<\/span> 2023, de Philip Kotler, al\u00e9m de ter sido keynote speaker em diversos eventos nacionais e internacionais. <\/p>\n<p> Portf\u00f3lio que incluem algumas das <span class=\"a-text-bold\">maiores marcas do mundo<\/span>. Formou <span class=\"a-text-bold\">mais de 20 mil profissionais<\/span> em cursos, workshops, MBAs, Mestrados e em treinamentos para organiza\u00e7\u00f5es p\u00fablicas e privadas. \u00c9 parceiro oficial da <span class=\"a-text-bold\">Kotler Impact<\/span> para Brasil e Portugal. <\/p>\n<\/p>\n<\/div>\n<\/div>\n<\/div>\n<\/div>\n<div class=\"celwidget aplus-module module-4 aplus-standard\">\n<div class=\"aplus-module-wrapper apm-fixed-width apm-spacing\">\n<div class=\"apm-flex\">\n<div class=\"apm-flex-item-fourth-width\">\n<p class=\"apm-text-center\"> <img decoding=\"async\" alt=\"PEMD\" src=\"https:\/\/m.media-amazon.com\/images\/S\/aplus-media-library-service-media\/361ba1fb-5f94-4fe7-9e16-b1d0cfa1c68d.__CR375,0,2250,2250_PT0_SX220_V1___.jpg\" \/> <\/p>\n<h4 class=\"a-spacing-mini\"> 544 p\u00e1ginas, livro colorido <\/h4>\n<\/p>\n<\/div>\n<div class=\"apm-flex-item-fourth-width\">\n<p class=\"apm-text-center\"> <img decoding=\"async\" alt=\"PEMD\" src=\"https:\/\/m.media-amazon.com\/images\/S\/aplus-media-library-service-media\/cb0097f3-ea84-4941-9573-24634c5d87b2.__CR375,0,2250,2250_PT0_SX220_V1___.jpg\" \/> <\/p>\n<h4 class=\"a-spacing-mini\"> 14 p\u00e1ginas de refer\u00eancias bibliogr\u00e1ficas <\/h4>\n<\/p>\n<\/div>\n<div class=\"apm-flex-item-fourth-width\">\n<p class=\"apm-text-center\"> <img decoding=\"async\" alt=\"PEMD\" src=\"https:\/\/m.media-amazon.com\/images\/S\/aplus-media-library-service-media\/488f8334-fa42-4c82-b5c5-475da6d39ef3.__CR375,0,2250,2250_PT0_SX220_V1___.jpg\" \/> <\/p>\n<h4 class=\"a-spacing-mini\"> Amplamente ilustrado com dezenas de figuras, gr\u00e1ficos, modelos e tabelas <\/h4>\n<\/p>\n<\/div>\n<div class=\"apm-flex-item-fourth-width\">\n<p class=\"apm-text-center\"> <img decoding=\"async\" alt=\"PEMD\" src=\"https:\/\/m.media-amazon.com\/images\/S\/aplus-media-library-service-media\/41340927-8b0a-4630-846e-767559c5f7d1.__CR375,0,2250,2250_PT0_SX220_V1___.jpg\" \/> <\/p>\n<h4 class=\"a-spacing-mini\"> Cases e exemplos de organiza\u00e7\u00f5es p\u00fablicas e privadas, de diversos de setores <\/h4>\n<\/p>\n<\/div>\n<\/div>\n<\/div>\n<\/div>\n<div class=\"celwidget aplus-module 3p-module-b aplus-standard\">\n<div class=\"aplus-module-wrapper aplus-3p-fixed-width\"> <img decoding=\"async\" alt=\"PEMD\" src=\"https:\/\/m.media-amazon.com\/images\/S\/aplus-media-library-service-media\/cee7cb80-6c47-4b3b-8060-f0ac36e01ece.__CR0,72,3000,1856_PT0_SX970_V1___.png\" \/> <\/div>\n<\/p>\n<\/div>\n<\/div>\n<\/div>\n<\/div>\n<\/div>\n<\/div>\n<h3>Detalhes do produto<\/h3>\n<ul>\n<li>Editora : DVS EDITORA<\/li>\n<li>Data da publica\u00e7\u00e3o : 20 junho 2023<\/li>\n<li>Edi\u00e7\u00e3o : 1\u00aa<\/li>\n<li>Idioma : Portugu\u00eas<\/li>\n<li>N\u00famero de p\u00e1ginas : 544 p\u00e1ginas<\/li>\n<li>ISBN-10 : 6556950920<\/li>\n<li>ISBN-13 : 978-6556950921<\/li>\n<li>Peso do produto : 980 g<\/li>\n<li>Dimens\u00f5es : 17 x 3.1 x 24 cm<\/li>\n<li>Ranking dos mais vendidos: N\u00ba 83.543 em Livros (Conhe\u00e7a o Top 100 na categoria Livros) N\u00ba 81 em Web Marketing N\u00ba 282 em Marketing N\u00ba 704 em Ci\u00eancia da Gest\u00e3o Empresarial<\/li>\n<li>N\u00ba 81 em Web Marketing<\/li>\n<li>N\u00ba 282 em Marketing<\/li>\n<li>N\u00ba 704 em Ci\u00eancia da Gest\u00e3o Empresarial<\/li>\n<li>Avalia\u00e7\u00f5es dos clientes: 4,9 4,9 de 5 estrelas (156)<\/li>\n<\/ul><\/div>","protected":false},"excerpt":{"rendered":"<p>PEMD: o guia completo para o planejamento <br \/> estrat\u00e9gico de marketing na era digital<\/p>\n<p>Com mais de 25 anos de experi\u00eancia na \u00e1rea, Nino Carvalho ensina <br \/> como aplicar uma metodologia inovadora para conquistar resultados<br \/> tang\u00edveis e mensur\u00e1veis em organiza\u00e7\u00f5es de qualquer setor e porteNino Carvalho, pioneiro em Marketing Digital no Brasil, combina as melhores refer\u00eancias te\u00f3ricas \u00e0 experi\u00eancia de mais de 25 anos de mercado no lan\u00e7amento Metodologia PEMD &#8211; Planejamento Estrat\u00e9gico de Marketing na Era Digital, publicado pela DVS Editora. A obra apresenta uma s\u00f3lida e bem-sucedida metodologia para que profissionais de empresas de todos os setores e portes dominem as ferramentas dispon\u00edveis para se destacar no ambiente digital e alcan\u00e7ar sucesso nos neg\u00f3cios.Idealizador e coordenador acad\u00eamico do primeiro programa de MBA em Marketing Digital do Brasil, destaca que a Metodologia PEMD \u00e9 viva, est\u00e1 em constante atualiza\u00e7\u00e3o, possui embasamento cient\u00edfico e tem pr\u00e1tica comprovada em diversos tipos de organiza\u00e7\u00f5es. O PEMD permite que os fundamentos sejam colocados em seus devidos lugares para que o marketing das organiza\u00e7\u00f5es seja adequadamente executado. Do passo zero \u00e0 entrega final, Nino Carvalho mostra como aplicar um planejamento estrat\u00e9gico eficaz para quem deseja adotar a metodologia na pr\u00f3pria empresa, para executivos ou funcion\u00e1rios que utilizar\u00e3o este guia onde trabalham ou para ag\u00eancias e consultorias que podem vender este passo a passo como um servi\u00e7o.Num mundo extremamente din\u00e2mico, com novos concorrentes surgindo o tempo todo, planejar adequadamente \u00e9 mais importante do que nunca. Exemplos disso n\u00e3o faltam: o lobby de hot\u00e9is em Manhattan luta at\u00e9 hoje para bloquear a entrada do Airbnb na ilha mais famosa de Nova Iorque. Eles sabem que, com as op\u00e7\u00f5es disponibilizadas pelo Airbnb, suas margens de lucro ser\u00e3o achatadas. Um cen\u00e1rio cl\u00e1ssico de concorr\u00eancia no microambiente. A TV a cabo demorou a reagir ao streaming, enquanto a Netflix ganhou mercado. Com novos concorrentes no cen\u00e1rio das plataformas de filmes e s\u00e9ries (HBO Max, Star+, Disney+, Apple TV, GloboPlay, Prime Video, entre muitos outros), agora \u00e9 a pr\u00f3pria Netflix que precisa se mexer para n\u00e3o perder assinantes. No primeiro cen\u00e1rio, o desenho de novo entrante de um mercado lim\u00edtrofe num mercado consolidado. No segundo cen\u00e1rio, a entrada de novos concorrentes diretos num mercado em expans\u00e3o. <\/p>\n<p> (Rafael Rez, Fundador da\u00a0ag\u00eancia de SEO &#038; <br \/> Conte\u00fado Web Estrat\u00e9gica, na introdu\u00e7\u00e3o do livro)Para facilitar a aplica\u00e7\u00e3o dos conceitos apresentados, o t\u00edtulo \u00e9 dividido em cap\u00edtulos que seguem a ordem cronol\u00f3gica da metodologia: avalia\u00e7\u00e3o do escopo do planejamento e guidelines para condu\u00e7\u00e3o e gest\u00e3o, raio-X do momento atual da empresa, defini\u00e7\u00e3o do cen\u00e1rio desej\u00e1vel e dos indicadores para avaliar o percurso e, por fim, a proposi\u00e7\u00e3o de a\u00e7\u00f5es e orienta\u00e7\u00f5es para implanta\u00e7\u00e3o e controle. Com linguagem acess\u00edvel, leve e did\u00e1tica, o autor apresenta estudos de casos reais, mostrando como a Metodologia PEMD, aplicada em empresas brasileiras e internacionais dos setores p\u00fablico e privado, serve como norte de inspira\u00e7\u00e3o para os leitores. Os benef\u00edcios do conhecimento oferecido em Metodologia PEMD &#8211; Planejamento Estrat\u00e9gico de Marketing na Era Digital se estendem a todos que buscam atualiza\u00e7\u00e3o nesse campo, incluindo alunos e profissionais de gest\u00e3o, vendas, comercial, design e \u00e1reas correlatas \u00e0 comunica\u00e7\u00e3o e \u00e0 tecnologia. Um verdadeiro guia aplic\u00e1vel nos mais diversos cen\u00e1rios e que permite \u00e0s lideran\u00e7as e equipes fazer adapta\u00e7\u00f5es conforme as necessidades.<\/p>","protected":false},"featured_media":93623,"comment_status":"open","ping_status":"closed","template":"","meta":[],"product_cat":[1611,1621,1595],"product_tag":[],"class_list":{"0":"post-93623","1":"product","2":"type-product","3":"status-publish","4":"has-post-thumbnail","5":"product_brand-por-nino-carvalho-autor","6":"product_cat-administracao-negocios-e-economia","7":"product_cat-gestao-e-lideranca","8":"product_cat-livros","10":"first","11":"instock","12":"sale","13":"shipping-taxable","14":"purchasable","15":"product-type-simple"},"aioseo_notices":[],"_links":{"self":[{"href":"https:\/\/www.ecommerceupdate.com.br\/ne\/wp-json\/wp\/v2\/product\/93623","targetHints":{"allow":["GET"]}}],"collection":[{"href":"https:\/\/www.ecommerceupdate.com.br\/ne\/wp-json\/wp\/v2\/product"}],"about":[{"href":"https:\/\/www.ecommerceupdate.com.br\/ne\/wp-json\/wp\/v2\/types\/product"}],"replies":[{"embeddable":true,"href":"https:\/\/www.ecommerceupdate.com.br\/ne\/wp-json\/wp\/v2\/comments?post=93623"}],"wp:featuredmedia":[{"embeddable":true,"href":"https:\/\/www.ecommerceupdate.com.br\/ne\/wp-json\/wp\/v2\/product\/93623"}],"wp:attachment":[{"href":"https:\/\/www.ecommerceupdate.com.br\/ne\/wp-json\/wp\/v2\/media?parent=93623"}],"wp:term":[{"taxonomy":"product_cat","embeddable":true,"href":"https:\/\/www.ecommerceupdate.com.br\/ne\/wp-json\/wp\/v2\/product_cat?post=93623"},{"taxonomy":"product_tag","embeddable":true,"href":"https:\/\/www.ecommerceupdate.com.br\/ne\/wp-json\/wp\/v2\/product_tag?post=93623"}],"curies":[{"name":"wp","href":"https:\/\/api.w.org\/{rel}","templated":true}]}}