{"id":94157,"date":"2026-03-09T03:36:56","date_gmt":"2026-03-09T06:36:56","guid":{"rendered":"https:\/\/www.ecommerceupdate.com.br\/produto\/apresentamos-o-kindle-colorsoft-16-gb-com-tela-colorida-e-temperatura-de-luz-ajustavel-cor-preta\/"},"modified":"2026-05-03T12:40:02","modified_gmt":"2026-05-03T15:40:02","slug":"apresentamos-o-kindle-colorsoft-16-gb-com-tela-colorida-e-temperatura-de-luz-ajustavel-cor-preta","status":"publish","type":"product","link":"https:\/\/www.ecommerceupdate.com.br\/ne\/produto\/apresentamos-o-kindle-colorsoft-16-gb-com-tela-colorida-e-temperatura-de-luz-ajustavel-cor-preta\/","title":{"rendered":"Apresentamos o Kindle Colorsoft (16 GB) &#8211; Com tela colorida e temperatura de luz ajust\u00e1vel &#8211; Cor Preta"},"content":{"rendered":"<p><br \/>\nLeia em cores \u2013 A nova tela Colorsoft de 7\u201d oferece alto contraste suave aos olhos, com cores semelhantes ao papel que d\u00e3o vida \u00e0s capas e ao conte\u00fado. Destaque suas passagens favoritas em amarelo, laranja, azul e rosa.<br \/>\nMaratona liter\u00e1ria \u2013 Uma \u00fanica carga por USB-C dura at\u00e9 8 semanas.<br \/>\nUma experi\u00eancia in\u00e9dita \u2013 A tela Colorsoft foi projetada para leitura em cores, diferenciando-se da tela Paperwhite. Use o recurso &#8220;cor da p\u00e1gina&#8221; para inverter o texto preto e o fundo branco dos livros ou vice-versa. Apesar de ser diferente do &#8220;modo noturno&#8221;, este recurso oferece uma leitura confort\u00e1vel enquanto mant\u00e9m a exibi\u00e7\u00e3o das cores nas imagens e capas.<br \/>\nLeia em qualquer ilumina\u00e7\u00e3o \u2013 Ajuste a temperatura de cor de branco para \u00e2mbar para poder ler sob o sol ou no escuro.<br \/>\nMergulhe em seus livros \u2013 O Kindle n\u00e3o tem acesso a an\u00fancios, redes sociais, notifica\u00e7\u00f5es ou outros aplicativos que tiram a sua aten\u00e7\u00e3o.<br \/>\nPronto para viagens \u2013 O design ultra-fino conta com uma tela grande antirreflexo, garantindo p\u00e1ginas sempre n\u00edtidas onde voc\u00ea estiver.<br \/>\n\u00c0 prova d\u2019\u00e1gua e de preocupa\u00e7\u00f5es \u2013 Leve suas hist\u00f3rias para a piscina, banheira ou para onde voc\u00ea quiser.<br \/>\nImensa variedade de livros \u2013 Obtenha acesso imediato a mais de 3 milh\u00f5es de t\u00edtulos na Loja Kindle e assine o Kindle Unlimited para ter acesso a ainda mais conte\u00fado, incluindo best sellers.<br \/>\n[amz_corss_sell asin=&#8221;B0CX8MT2M2&#8243;]<\/p>\n","protected":false},"excerpt":{"rendered":"<p>Experimente uma leitura mais confort\u00e1vel e envolvente com a tela colorida e a temperatura de luz ajust\u00e1vel, pensadas para reduzir o cansa\u00e7o visual em qualquer ilumina\u00e7\u00e3o. Com 16 GB de armazenamento e a elegante cor preta, este Kindle permite levar uma vasta biblioteca sempre \u00e0 m\u00e3o. Leia para descobrir como esses recursos se alinham ao pre\u00e7o de R$ 1.119,00 e transformar sua experi\u00eancia de leitura di\u00e1ria.<\/p>","protected":false},"featured_media":0,"comment_status":"open","ping_status":"closed","template":"","meta":[],"product_cat":[1593],"product_tag":[2323,2576,2324],"class_list":{"0":"post-94157","1":"product","2":"type-product","3":"status-publish","4":"product_cat-sem-categoria","5":"product_tag-kindle-colorsoft-16gb","6":"product_tag-leitura-de-ebooks-para-viagem","7":"product_tag-tela-colorida-com-temperatura-de-luz-ajustavel","8":"pa_brand-visite-a-loja-kindle-da-amazon","10":"first","11":"instock","12":"sale","13":"shipping-taxable","14":"purchasable","15":"product-type-simple"},"aioseo_notices":[],"_links":{"self":[{"href":"https:\/\/www.ecommerceupdate.com.br\/ne\/wp-json\/wp\/v2\/product\/94157","targetHints":{"allow":["GET"]}}],"collection":[{"href":"https:\/\/www.ecommerceupdate.com.br\/ne\/wp-json\/wp\/v2\/product"}],"about":[{"href":"https:\/\/www.ecommerceupdate.com.br\/ne\/wp-json\/wp\/v2\/types\/product"}],"replies":[{"embeddable":true,"href":"https:\/\/www.ecommerceupdate.com.br\/ne\/wp-json\/wp\/v2\/comments?post=94157"}],"wp:attachment":[{"href":"https:\/\/www.ecommerceupdate.com.br\/ne\/wp-json\/wp\/v2\/media?parent=94157"}],"wp:term":[{"taxonomy":"product_cat","embeddable":true,"href":"https:\/\/www.ecommerceupdate.com.br\/ne\/wp-json\/wp\/v2\/product_cat?post=94157"},{"taxonomy":"product_tag","embeddable":true,"href":"https:\/\/www.ecommerceupdate.com.br\/ne\/wp-json\/wp\/v2\/product_tag?post=94157"}],"curies":[{"name":"wp","href":"https:\/\/api.w.org\/{rel}","templated":true}]}}