{"id":94163,"date":"2026-03-09T03:52:52","date_gmt":"2026-03-09T06:52:52","guid":{"rendered":"https:\/\/www.ecommerceupdate.com.br\/produto\/pelicula-para-kindle-paperwhite-12a-geracao-e-kindle-colorsoft-7-polegadas-sa569p-sa568b-sa58cb-sa59cp-antirreflexo-fosca\/"},"modified":"2026-05-13T10:46:18","modified_gmt":"2026-05-13T13:46:18","slug":"pelicula-para-kindle-paperwhite-12a-geracao-e-kindle-colorsoft-7-polegadas-sa569p-sa568b-sa58cb-sa59cp-antirreflexo-fosca","status":"publish","type":"product","link":"https:\/\/www.ecommerceupdate.com.br\/ne\/produto\/pelicula-para-kindle-paperwhite-12a-geracao-e-kindle-colorsoft-7-polegadas-sa569p-sa568b-sa58cb-sa59cp-antirreflexo-fosca\/","title":{"rendered":"Pel\u00edcula Para Kindle Paperwhite 12\u00aa Gera\u00e7\u00e3o e Kindle Colorsoft 7 Polegadas (SA569P, SA568B, SA58CB, SA59CP) &#8211; Antirreflexo &#8211; Fosca"},"content":{"rendered":"<div class=\"woocommerce-product-details\">\n<h3>Da marca<\/h3>\n<div><img decoding=\"async\" src=\"https:\/\/m.media-amazon.com\/images\/S\/aplus-media-library-service-media\/c248faf5-b8a4-4f2f-9d05-4692cdf55ae9.__CR0,0,1464,625_PT0_SX1464_V1___.png\" alt=\"Brand Image\" style=\"max-width: 100%\"><\/div>\n<p>Mavife Kindle Case<\/p>\n<p> Capas coloridas, com al\u00e7a, estilo origami ou transparentes de TPU, unindo prote\u00e7\u00e3o, estilo e praticidade para seu Kindle.<\/p>\n<div id=\"aplus_feature_div\" class=\"celwidget pd_rd_w-994I2 pd_rd_r-EQSKB780K2D4PTQVVBN7 pd_rd_wg-j08yk\" data-feature-name=\"aplus\" data-csa-c-type=\"widget\" data-csa-c-content-id=\"aplus\" data-csa-c-slot-id=\"aplus_feature_div\" data-csa-c-asin=\"\" data-csa-c-is-in-initial-active-row=\"false\">\n<div id=\"aplus\" class=\"a-section a-spacing-large bucket\">\n<h3 class=\"\">Descri\u00e7\u00e3o do produto<\/h3>\n<div lang=\"pt_BR\">\n<div class=\"aplus-v2 desktop celwidget\">\n<div class=\"celwidget aplus-module premium-module-2-fullbackground-image aplus-premium\">\n<div class=\"a-section a-spacing-none premium-aplus premium-aplus-module-2\">\n<div class=\"a-section a-spacing-none premium-background-wrapper\">\n<div class=\"a-section a-spacing-none background-image\"> <img decoding=\"async\" alt=\"Pelicula Kindle KPW 12\" src=\"https:\/\/m.media-amazon.com\/images\/S\/aplus-media-library-service-media\/ee7aaf06-da8f-4300-8549-72764f059701.__CR0,0,1464,600_PT0_SX1464_V1___.png\" \/> <\/div>\n<\/p>\n<\/div>\n<\/div>\n<\/div>\n<div class=\"celwidget aplus-module premium-module-3-four-column-images aplus-premium\">\n<div class=\"a-section a-spacing-none premium-aplus premium-aplus-module-3 aplus-container-1\">\n<div class=\"a-section a-spacing-none premium-aplus-four-column\">\n<div class=\"a-section a-spacing-none premium-aplus-column\">\n<div class=\"a-section a-spacing-none {'column-image'}\"> <img decoding=\"async\" alt=\"Imagem 1\" src=\"https:\/\/m.media-amazon.com\/images\/S\/aplus-media-library-service-media\/859db012-e727-43b7-9e65-b72b86b1e7d3.__CR0,241,1924,1443_PT0_SX300_V1___.png\" \/> <\/div>\n<div class=\"a-section a-spacing-none column-heading\">\n<h1 class=\"aplus-h3 a-text-bold\"> 1 &#8211; Limpe a tela <\/h1>\n<\/p>\n<\/div>\n<div class=\"a-section a-spacing-none column-description\">\n<p class=\"aplus-p3\"> Remova a sujeira com um pano limpo e \u00e1lcool. <\/p>\n<\/p>\n<\/div>\n<\/div>\n<div class=\"a-section a-spacing-none premium-aplus-column\">\n<div class=\"a-section a-spacing-none {'column-image'}\"> <img decoding=\"async\" alt=\"imagem 2\" src=\"https:\/\/m.media-amazon.com\/images\/S\/aplus-media-library-service-media\/ba8f853e-aa89-4073-b5b9-126bf88080a8.__CR0,239,1912,1434_PT0_SX300_V1___.png\" \/> <\/div>\n<div class=\"a-section a-spacing-none column-heading\">\n<h1 class=\"aplus-h3 a-text-bold\"> 2 &#8211; Remova o adesivo vermelho <\/h1>\n<\/p>\n<\/div>\n<div class=\"a-section a-spacing-none column-description\">\n<p class=\"aplus-p3\"> Remova a pel\u00edcula adesiva e aplique na tela <\/p>\n<\/p>\n<\/div>\n<\/div>\n<div class=\"a-section a-spacing-none premium-aplus-column\">\n<div class=\"a-section a-spacing-none {'column-image'}\"> <img decoding=\"async\" alt=\"Imagem 3\" src=\"https:\/\/m.media-amazon.com\/images\/S\/aplus-media-library-service-media\/93fb3ccd-bbe3-4c50-965c-59b74099bc2c.__CR0,234,1872,1404_PT0_SX300_V1___.png\" \/> <\/div>\n<div class=\"a-section a-spacing-none column-heading\">\n<h1 class=\"aplus-h3 a-text-bold\"> 3 &#8211; Remova o adesivo preto <\/h1>\n<\/p>\n<\/div>\n<div class=\"a-section a-spacing-none column-description\">\n<p class=\"aplus-p3\"> Remova a outra pel\u00edcula adesiva. <\/p>\n<\/p>\n<\/div>\n<\/div>\n<div class=\"a-section a-spacing-none premium-aplus-column\">\n<div class=\"a-section a-spacing-none {'column-image'}\"> <img decoding=\"async\" alt=\"Imagem 4\" src=\"https:\/\/m.media-amazon.com\/images\/S\/aplus-media-library-service-media\/c26adb2a-42d7-4b00-a990-c1494ae910c5.__CR0,248,1980,1485_PT0_SX300_V1___.png\" \/> <\/div>\n<div class=\"a-section a-spacing-none column-heading\">\n<h1 class=\"aplus-h3 a-text-bold\"> 4 &#8211; Retire as bolhas <\/h1>\n<\/p>\n<\/div>\n<div class=\"a-section a-spacing-none column-description\">\n<p class=\"aplus-p3\"> Use um raspador para remover as bolhas de ar e as marcas deixadas pelo \u00e1lcool. <\/p>\n<\/p>\n<\/div>\n<\/div>\n<\/div>\n<\/div>\n<\/div>\n<div class=\"celwidget aplus-module premium-module-8-hero-video aplus-premium\">\n<div class=\"a-section a-spacing-none premium-aplus premium-aplus-module-8\">\n<div class=\"a-section a-spacing-none premium-aplus-module-8-video\">\n<div class=\"a-section a-spacing-none video-container\">\n<div id=\"f2426db0-5466-475b-8215-62d69a2b97dd\" style=\"width:100%;height:100%\">\n<div data-csa-c-component=\"aplus-vse-video-widget\" data-csa-c-content-id=\"amzn1.vse.video.09361878542540d8ba10826eb86b8dec\" data-csa-c-cs-type=\"vse\" data-csa-c-painter=\"vse-player\" data-csa-c-slot-id=\"aplus-ive-player\" data-csa-c-type=\"widget\" data-csa-op-log-render=\"\" class=\"a-section vse-player-container\">\n<div class=\"vse-airy-container vse-player-container none\">\n<div id=\"ive-aplus-32672-player-label-container\" data-element-id=\"ive-player-label-container\" class=\"a-section a-spacing-none ive-player-label-container\"><span class=\"a-declarative\" data-action=\"a-popover\" data-a-popover=\"{&quot;name&quot;:&quot;ive-aplus-32672-label-type-tooltip&quot;,&quot;width&quot;:&quot;300&quot;,&quot;position&quot;:&quot;triggerRight&quot;,&quot;dataStrategy&quot;:&quot;preload&quot;}\"><a href=\"\/ne\/void(0)\/\" role=\"button\" class=\"a-popover-trigger a-declarative ive-player-label-name aok-hidden\"><i class=\"a-icon a-icon-popover\"><\/i><\/a><\/span><\/p>\n<div class=\"a-popover-preload\" id=\"a-popover-ive-aplus-32672-label-type-tooltip\"><span class=\"ive-demo-label-tooltip ive-player-label-tooltip aok-hidden\">O v\u00eddeo mostra o produto em uso.<\/span><span class=\"ive-assembly-label-tooltip ive-player-label-tooltip aok-hidden\">O v\u00eddeo orienta voc\u00ea na configura\u00e7\u00e3o do produto.<\/span><span class=\"ive-comparison-label-tooltip ive-player-label-tooltip aok-hidden\">O v\u00eddeo compara v\u00e1rios produtos.<\/span><span class=\"ive-unboxing-label-tooltip ive-player-label-tooltip aok-hidden\">O v\u00eddeo mostra o produto sendo desembalado.<\/span><\/div>\n<\/p><\/div>\n<\/p><\/div>\n<h1 class=\"vse-video-player-title\"> hero-video<\/h1>\n<p><span data-element-id=\"vse-lightPlayer-content-provider\" class=\"vse-lightPlayer-vendor a-size-mini\"> V\u00eddeo do vendedor<\/span><\/div>\n<\/p>\n<\/div>\n<\/div>\n<\/div>\n<\/div>\n<\/div>\n<div class=\"celwidget aplus-module premium-module-12-nav-carousel aplus-premium\">\n<div class=\"a-section a-spacing-none premium-aplus premium-aplus-module-12 premium-aplus-module-12--top-nav\">\n<div data-module-id=\"3\" class=\"a-section a-spacing-none aplus-carousel-container\">\n<div id=\"premium-aplus-12-carousel-3-id\" data-a-carousel-options=\"{&quot;peek_percentage&quot;:0,&quot;minimum_gutter_width&quot;:0,&quot;show_partial_next&quot;:false,&quot;name&quot;:&quot;premium-aplus-12-carousel-3&quot;}\" aria-label=\"Carrossel de conte\u00fado em destaque\" data-a-display-strategy=\"single\" data-a-transition-strategy=\"slideCircular\" role=\"group\" class=\"a-begin a-carousel-container a-carousel-static a-carousel-display-single a-carousel-transition-slideCircular aplus-image-carousel-container\">\n<div class=\"a-row a-carousel-controls a-carousel-row a-carousel-has-buttons a-carousel-overlay-buttons a-carousel-rounded-buttons\">\n<div class=\"a-carousel-row-inner\">\n<div class=\"a-carousel-col a-carousel-left\"><a class=\"a-carousel-goto-prevpage\" role=\"button\" href=\"#\"><i class=\"a-icon a-icon-previous-rounded\"><span class=\"a-icon-alt\">Previous page<\/span><\/i><\/a><\/div>\n<div class=\"a-carousel-col a-carousel-center\">\n<div class=\"a-carousel-viewport\" role=\"group\">\n<ol class=\"a-carousel\" role=\"list\">\n<li class=\"a-carousel-card aplus-carousel-card\">\n<div class=\"a-section a-spacing-none aplus-card-image\"> <img decoding=\"async\" alt=\"Ultra fina kpw 12\" src=\"https:\/\/m.media-amazon.com\/images\/S\/aplus-media-library-service-media\/b79d4144-1c1a-4b56-975f-ac5125b471d4.__CR0,0,1464,600_PT0_SX1464_V1___.png\" \/> <\/div>\n<\/li>\n<li class=\"a-carousel-card aplus-carousel-card\">\n<div class=\"a-section a-spacing-none aplus-card-image\"> <img decoding=\"async\" alt=\"Anti riscos KPW 12\" src=\"https:\/\/m.media-amazon.com\/images\/S\/aplus-media-library-service-media\/eb4e4f0d-8ad3-4fc7-9bfd-ccd1d4bb9a15.__CR0,0,1464,600_PT0_SX1464_V1___.png\" \/> <\/div>\n<\/li>\n<li class=\"a-carousel-card aplus-carousel-card\">\n<div class=\"a-section a-spacing-none aplus-card-image\"> <img decoding=\"async\" alt=\"Prote\u00e7\u00e3o KPW12\" src=\"https:\/\/m.media-amazon.com\/images\/S\/aplus-media-library-service-media\/8a4a16f2-70f0-49ce-89db-c4459970d89f.__CR0,0,1464,600_PT0_SX1464_V1___.png\" \/> <\/div>\n<\/li>\n<\/ol><\/div>\n<\/p><\/div>\n<div class=\"a-carousel-col a-carousel-right\"><a class=\"a-carousel-goto-nextpage\" role=\"button\" href=\"#\"><i class=\"a-icon a-icon-next-rounded\"><span class=\"a-icon-alt\">Next page<\/span><\/i><\/a><\/div>\n<\/p><\/div>\n<\/p><\/div>\n<\/div>\n<\/div>\n<\/div>\n<\/div>\n<div class=\"celwidget aplus-module premium-module-13-carousel aplus-premium\">\n<div class=\"a-section a-spacing-none premium-aplus premium-aplus-module-13\">\n<h1 class=\"aplus-container-3 aplus-h1 a-text-bold\"> Voc\u00ea pode gostar: <\/h1>\n<div class=\"a-section a-spacing-none aplus-carousel-container\">\n<div id=\"premium-aplus-13-carousel-4-id\" data-a-carousel-options=\"{&quot;peek_percentage&quot;:0,&quot;minimum_gutter_width&quot;:0,&quot;show_partial_next&quot;:false,&quot;name&quot;:&quot;premium-aplus-13-carousel-4&quot;}\" aria-label=\"Carrossel de conte\u00fado em destaque\" data-a-display-strategy=\"single\" data-a-transition-strategy=\"slideCircular\" role=\"group\" class=\"a-begin a-carousel-container a-carousel-static a-carousel-display-single a-carousel-transition-slideCircular\">\n<div class=\"a-row a-carousel-controls a-carousel-row a-carousel-has-buttons a-carousel-overlay-buttons a-carousel-rounded-buttons\">\n<div class=\"a-carousel-row-inner\">\n<div class=\"a-carousel-col a-carousel-left\"><a class=\"a-carousel-goto-prevpage\" role=\"button\" href=\"#\"><i class=\"a-icon a-icon-previous-rounded\"><span class=\"a-icon-alt\">Previous page<\/span><\/i><\/a><\/div>\n<div class=\"a-carousel-col a-carousel-center\">\n<div class=\"a-carousel-viewport\" role=\"group\">\n<ol class=\"a-carousel\" role=\"list\">\n<li class=\"a-carousel-card aplus-carousel-element\">\n<div id=\"premium-aplus-13-carousel-4-slide-0\">\n<div class=\"a-section a-spacing-none aplus-card-image\"> <img decoding=\"async\" alt=\"PRETA\" src=\"https:\/\/m.media-amazon.com\/images\/S\/aplus-media-library-service-media\/8f1029ce-f1ce-47e1-a4fb-9765c6849c02.__CR0,0,1464,600_PT0_SX1464_V1___.png\" \/> <\/div>\n<div class=\"a-section a-spacing-none aplus-card-description-wrapper\">\n<div class=\"a-section a-spacing-none aplus-card-description aplus-container-1-2\">\n<div class=\"a-section a-spacing-none aplus-card-table-cell\">\n<div class=\"a-section a-spacing-none aplus-text-background aplus-container-1\">\n<div class=\"a-section a-spacing-none aplus-card-title\">\n<h1 class=\"aplus-h2 a-text-bold\"> Capa Kindle Paperwhite 12\u00aa Gera\u00e7\u00e3o e Colorsoft <\/h1>\n<\/p>\n<\/div>\n<div class=\"a-section a-spacing-none aplus-card-body\">\n<p class=\"aplus-p3\"> Prote\u00e7\u00e3o total com fun\u00e7\u00e3o de hiberna\u00e7\u00e3o autom\u00e1tica e sensor magn\u00e9tico. Leve o seu Kindle com seguran\u00e7a a todos os lugares. <\/p>\n<\/p>\n<\/div>\n<div class=\"a-section a-spacing-none aplus-card-link-button\"> <span class=\"a-button a-button-toggle aplus-comparison-table-carousel-link-button\"><span class=\"a-button-inner\"><a href=\"\/ne\/dp\/B0DLHG9J5N\/?ref=emc_p_m_13_b\" aria-label=\"Saiba mais sobre o produto: Capa Kindle Paperwhite 12\u00aa Gera\u00e7\u00e3o e Colorsoft\" class=\"a-button-text\"> Mais informa\u00e7\u00f5es <\/a><\/span><\/span> <\/div>\n<\/p>\n<\/div>\n<\/div>\n<\/div>\n<\/div>\n<\/div>\n<\/li>\n<li class=\"a-carousel-card aplus-carousel-element\">\n<div id=\"premium-aplus-13-carousel-4-slide-1\">\n<div class=\"a-section a-spacing-none aplus-card-image\"> <img decoding=\"async\" alt=\"Azul marinho\" src=\"https:\/\/m.media-amazon.com\/images\/S\/aplus-media-library-service-media\/78612073-1335-442f-9e4a-96fefa745a54.__CR0,0,1464,600_PT0_SX1464_V1___.png\" \/> <\/div>\n<div class=\"a-section a-spacing-none aplus-card-description-wrapper\">\n<div class=\"a-section a-spacing-none aplus-card-description aplus-container-1-2\">\n<div class=\"a-section a-spacing-none aplus-card-table-cell\">\n<div class=\"a-section a-spacing-none aplus-text-background aplus-container-1\">\n<div class=\"a-section a-spacing-none aplus-card-title\">\n<h1 class=\"aplus-h2 a-text-bold\"> Capa Kindle Paperwhite 12\u00aa Gera\u00e7\u00e3o e Colorsoft <\/h1>\n<\/p>\n<\/div>\n<div class=\"a-section a-spacing-none aplus-card-body\">\n<p class=\"aplus-p3\"> Prote\u00e7\u00e3o total com fun\u00e7\u00e3o de hiberna\u00e7\u00e3o autom\u00e1tica e sensor magn\u00e9tico. Leve o seu Kindle com seguran\u00e7a a todos os lugares. <\/p>\n<\/p>\n<\/div>\n<div class=\"a-section a-spacing-none aplus-card-link-button\"> <span class=\"a-button a-button-toggle aplus-comparison-table-carousel-link-button\"><span class=\"a-button-inner\"><a href=\"\/ne\/dp\/B0DLJCRRKS\/?ref=emc_p_m_13_b\" aria-label=\"Saiba mais sobre o produto: Capa Kindle Paperwhite 12\u00aa Gera\u00e7\u00e3o e Colorsoft\" class=\"a-button-text\"> Mais informa\u00e7\u00f5es <\/a><\/span><\/span> <\/div>\n<\/p>\n<\/div>\n<\/div>\n<\/div>\n<\/div>\n<\/div>\n<\/li>\n<li class=\"a-carousel-card aplus-carousel-element\">\n<div id=\"premium-aplus-13-carousel-4-slide-2\">\n<div class=\"a-section a-spacing-none aplus-card-image\"> <img decoding=\"async\" alt=\"Rosa\" src=\"https:\/\/m.media-amazon.com\/images\/S\/aplus-media-library-service-media\/74576a5d-9b4b-4e13-b110-60731da13da3.__CR0,0,1464,600_PT0_SX1464_V1___.png\" \/> <\/div>\n<div class=\"a-section a-spacing-none aplus-card-description-wrapper\">\n<div class=\"a-section a-spacing-none aplus-card-description aplus-container-1-2\">\n<div class=\"a-section a-spacing-none aplus-card-table-cell\">\n<div class=\"a-section a-spacing-none aplus-text-background aplus-container-1\">\n<div class=\"a-section a-spacing-none aplus-card-title\">\n<h1 class=\"aplus-h2 a-text-bold\"> Capa Kindle Paperwhite 12\u00aa Gera\u00e7\u00e3o e Colorsoft <\/h1>\n<\/p>\n<\/div>\n<div class=\"a-section a-spacing-none aplus-card-body\">\n<p class=\"aplus-p3\"> Prote\u00e7\u00e3o total com fun\u00e7\u00e3o de hiberna\u00e7\u00e3o autom\u00e1tica e sensor magn\u00e9tico. Leve o seu Kindle com seguran\u00e7a a todos os lugares. <\/p>\n<\/p>\n<\/div>\n<div class=\"a-section a-spacing-none aplus-card-link-button\"> <span class=\"a-button a-button-toggle aplus-comparison-table-carousel-link-button\"><span class=\"a-button-inner\"><a href=\"\/ne\/dp\/B0DLJ2QJRW\/?ref=emc_p_m_13_b\" aria-label=\"Saiba mais sobre o produto: Capa Kindle Paperwhite 12\u00aa Gera\u00e7\u00e3o e Colorsoft\" class=\"a-button-text\"> Mais informa\u00e7\u00f5es <\/a><\/span><\/span> <\/div>\n<\/p>\n<\/div>\n<\/div>\n<\/div>\n<\/div>\n<\/div>\n<\/li>\n<li class=\"a-carousel-card aplus-carousel-element\">\n<div id=\"premium-aplus-13-carousel-4-slide-3\">\n<div class=\"a-section a-spacing-none aplus-card-image\"> <img decoding=\"async\" alt=\"MARROM\" src=\"https:\/\/m.media-amazon.com\/images\/S\/aplus-media-library-service-media\/2700f625-983b-47b4-ba5a-1c3de81124c1.__CR0,0,1464,600_PT0_SX1464_V1___.png\" \/> <\/div>\n<div class=\"a-section a-spacing-none aplus-card-description-wrapper\">\n<div class=\"a-section a-spacing-none aplus-card-description aplus-container-1-2\">\n<div class=\"a-section a-spacing-none aplus-card-table-cell\">\n<div class=\"a-section a-spacing-none aplus-text-background aplus-container-1\">\n<div class=\"a-section a-spacing-none aplus-card-title\">\n<h1 class=\"aplus-h2 a-text-bold\"> Capa Kindle Paperwhite 12\u00aa Gera\u00e7\u00e3o e Colorsoft <\/h1>\n<\/p>\n<\/div>\n<div class=\"a-section a-spacing-none aplus-card-body\">\n<p class=\"aplus-p3\"> Prote\u00e7\u00e3o total com fun\u00e7\u00e3o de hiberna\u00e7\u00e3o autom\u00e1tica e sensor magn\u00e9tico. Leve o seu Kindle com seguran\u00e7a a todos os lugares. <\/p>\n<\/p>\n<\/div>\n<div class=\"a-section a-spacing-none aplus-card-link-button\"> <span class=\"a-button a-button-toggle aplus-comparison-table-carousel-link-button\"><span class=\"a-button-inner\"><a href=\"\/ne\/dp\/B0DVQBF9BJ\/?ref=emc_p_m_13_b\" aria-label=\"Saiba mais sobre o produto: Capa Kindle Paperwhite 12\u00aa Gera\u00e7\u00e3o e Colorsoft\" class=\"a-button-text\"> Mais informa\u00e7\u00f5es <\/a><\/span><\/span> <\/div>\n<\/p>\n<\/div>\n<\/div>\n<\/div>\n<\/div>\n<\/div>\n<\/li>\n<li class=\"a-carousel-card aplus-carousel-element\">\n<div id=\"premium-aplus-13-carousel-4-slide-4\">\n<div class=\"a-section a-spacing-none aplus-card-image\"> <img decoding=\"async\" alt=\"VERDE MILITAR\" src=\"https:\/\/m.media-amazon.com\/images\/S\/aplus-media-library-service-media\/07272bb4-b95a-40ea-b360-3dc1c7f0694e.__CR0,0,1464,600_PT0_SX1464_V1___.png\" \/> <\/div>\n<div class=\"a-section a-spacing-none aplus-card-description-wrapper\">\n<div class=\"a-section a-spacing-none aplus-card-description aplus-container-1-2\">\n<div class=\"a-section a-spacing-none aplus-card-table-cell\">\n<div class=\"a-section a-spacing-none aplus-text-background aplus-container-1\">\n<div class=\"a-section a-spacing-none aplus-card-title\">\n<h1 class=\"aplus-h2 a-text-bold\"> Capa Kindle Paperwhite 12\u00aa Gera\u00e7\u00e3o e Colorsoft <\/h1>\n<\/p>\n<\/div>\n<div class=\"a-section a-spacing-none aplus-card-body\">\n<p class=\"aplus-p3\"> Prote\u00e7\u00e3o total com fun\u00e7\u00e3o de hiberna\u00e7\u00e3o autom\u00e1tica e sensor magn\u00e9tico. Leve o seu Kindle com seguran\u00e7a a todos os lugares. <\/p>\n<\/p>\n<\/div>\n<div class=\"a-section a-spacing-none aplus-card-link-button\"> <span class=\"a-button a-button-toggle aplus-comparison-table-carousel-link-button\"><span class=\"a-button-inner\"><a href=\"\/ne\/dp\/B0DVQBH68Z\/?ref=emc_p_m_13_b\" aria-label=\"Saiba mais sobre o produto: Capa Kindle Paperwhite 12\u00aa Gera\u00e7\u00e3o e Colorsoft\" class=\"a-button-text\"> Mais informa\u00e7\u00f5es <\/a><\/span><\/span> <\/div>\n<\/p>\n<\/div>\n<\/div>\n<\/div>\n<\/div>\n<\/div>\n<\/li>\n<\/ol><\/div>\n<\/p><\/div>\n<div class=\"a-carousel-col a-carousel-right\"><a class=\"a-carousel-goto-nextpage\" role=\"button\" href=\"#\"><i class=\"a-icon a-icon-next-rounded\"><span class=\"a-icon-alt\">Next page<\/span><\/i><\/a><\/div>\n<\/p><\/div>\n<\/p><\/div>\n<\/div>\n<div class=\"a-section a-spacing-none aplus-pagination-wrapper\">\n<div class=\"aplus-mantle aplus-module\">\n<div class=\"aplus-carousel-nav\">\n<ul id=\"aplus-pagination-group-4-premium-aplus-13-carousel-4\" class=\"aplus-pagination-dots\" aria-label=\"tablist-section\" role=\"tablist\">\n<li class=\"aplus-pagination-dot\"> <\/li>\n<li class=\"aplus-pagination-dot\"> <\/li>\n<li class=\"aplus-pagination-dot\"> <\/li>\n<li class=\"aplus-pagination-dot\"> <\/li>\n<li class=\"aplus-pagination-dot\"> <\/li>\n<\/ul>\n<\/div>\n<\/div>\n<\/div>\n<\/div>\n<\/div>\n<\/div>\n<div class=\"celwidget aplus-module premium-module-11-faq aplus-premium\">\n<div class=\"a-section a-spacing-none premium-aplus premium-aplus-module-11\">\n<div data-faq-block=\"5\" class=\"a-section a-spacing-none aplus-container-2 faqs-container 5\">\n<ul class=\"faq-list\">\n<li id=\"faq-qa-pair-0\" class=\"faq-block\">\n<h3> <span data-faq-question role=\"button\" aria-controls=\"faq-0\" aria-expanded=\"false\"> <\/p>\n<p class=\"aplus-question aplus-p1\"> Como encontrar o modelo do meu Kindle? <\/p>\n<p> <\/span> <\/h3>\n<p class=\"aplus-answer aplus-p2\"> Na parte de tr\u00e1s do dispositivo, em letras mi\u00fadas, voc\u00ea encontra o MODEL NO. Os c\u00f3digos SA569P e SA568B indicam o Kindle Paperwhite 12\u00aa Gera\u00e7\u00e3o 7\u201d. J\u00e1 os modelos SA58CB e SA59CP correspondem ao Kindle Colorsoft, ambos compat\u00edveis com esta pel\u00edcula. <\/p>\n<\/li>\n<li id=\"faq-qa-pair-1\" class=\"faq-block\">\n<h3> <span data-faq-question role=\"button\" aria-controls=\"faq-1\" aria-expanded=\"false\"> <\/p>\n<p class=\"aplus-question aplus-p1\"> A pel\u00edcula \u00e9 simples de retirar? <\/p>\n<p> <\/span> <\/h3>\n<p class=\"aplus-answer aplus-p2\"> Sim, o design com cantos arredondados facilita tanto a aplica\u00e7\u00e3o quanto a remo\u00e7\u00e3o. <\/p>\n<\/li>\n<li id=\"faq-qa-pair-2\" class=\"faq-block\">\n<h3> <span data-faq-question role=\"button\" aria-controls=\"faq-2\" aria-expanded=\"false\"> <\/p>\n<p class=\"aplus-question aplus-p1\"> H\u00e1 op\u00e7\u00f5es de capas para meu Kindle? <\/p>\n<p> <\/span> <\/h3>\n<p class=\"aplus-answer aplus-p2\"> Sim, oferecemos diversas op\u00e7\u00f5es de capas, incluindo modelos com al\u00e7a. Visite nossa loja para conferir todos os produtos dispon\u00edveis. <\/p>\n<\/li>\n<li id=\"faq-qa-pair-3\" class=\"faq-block\">\n<h3> <span data-faq-question role=\"button\" aria-controls=\"faq-3\" aria-expanded=\"false\"> <\/p>\n<p class=\"aplus-question aplus-p1\"> Quando ser\u00e1 feita a entrega? <\/p>\n<p> <\/span> <\/h3>\n<p class=\"aplus-answer aplus-p2\"> Por favor, verifique a estimativa de entrega no momento da compra. Nossos produtos s\u00e3o armazenados e enviados pela Amazon, o que assegura uma entrega extremamente r\u00e1pida e um servi\u00e7o de excel\u00eancia para voc\u00ea. <\/p>\n<\/li>\n<\/ul>\n<\/div>\n<\/div>\n<\/div>\n<\/div>\n<\/div>\n<\/div>\n<\/div>\n<table id=\"productDetails_techSpec_section_1\" class=\"a-keyvalue prodDetTable\">\n<tr>\n<th class=\"a-color-secondary a-size-base prodDetSectionEntry\"> Certifica\u00e7\u00e3o <\/th>\n<td class=\"a-size-base prodDetAttrValue\"> &lrm;N\u00e3o aplic\u00e1vel <\/td>\n<\/tr>\n<tr>\n<th class=\"a-color-secondary a-size-base prodDetSectionEntry\"> Caracter\u00edsticas especiais <\/th>\n<td class=\"a-size-base prodDetAttrValue\"> &lrm;Antirreflexo, Borda arredondada, Resistente a manchas, Resistente a riscos, Toque de alta sensibilidade <\/td>\n<\/tr>\n<tr>\n<th class=\"a-color-secondary a-size-base prodDetSectionEntry\"> Tamanho de tela vertical <\/th>\n<td class=\"a-size-base prodDetAttrValue\"> &lrm;7 Polegadas <\/td>\n<\/tr>\n<tr>\n<th class=\"a-color-secondary a-size-base prodDetSectionEntry\"> Cor <\/th>\n<td class=\"a-size-base prodDetAttrValue\"> &lrm;Transparente <\/td>\n<\/tr>\n<tr>\n<th class=\"a-color-secondary a-size-base prodDetSectionEntry\"> Componentes inclusos <\/th>\n<td class=\"a-size-base prodDetAttrValue\"> &lrm;Pel\u00edcula Kindle Paperwhite e Colorsoft <\/td>\n<\/tr>\n<tr>\n<th class=\"a-color-secondary a-size-base prodDetSectionEntry\"> N\u00famero de unidades <\/th>\n<td class=\"a-size-base prodDetAttrValue\"> &lrm;1 <\/td>\n<\/tr>\n<tr>\n<th class=\"a-color-secondary a-size-base prodDetSectionEntry\"> Material <\/th>\n<td class=\"a-size-base prodDetAttrValue\"> &lrm;Poliuretano termopl\u00e1stico <\/td>\n<\/tr>\n<tr>\n<th class=\"a-color-secondary a-size-base prodDetSectionEntry\"> Modelos compat\u00edveis <\/th>\n<td class=\"a-size-base prodDetAttrValue\"> &lrm;Kindle Colorsoft 7 Polegadas SA58CB e SA59CP, Kindle paperwhite 7 Polegadas SA569P e SA568B <\/td>\n<\/tr>\n<tr>\n<th class=\"a-color-secondary a-size-base prodDetSectionEntry\"> Peso do produto <\/th>\n<td class=\"a-size-base prodDetAttrValue\"> &lrm;430 g <\/td>\n<\/tr>\n<tr>\n<th class=\"a-color-secondary a-size-base prodDetSectionEntry\"> Dimens\u00f5es do produto <\/th>\n<td class=\"a-size-base prodDetAttrValue\"> &lrm;12 x 9 x 1,27 cm; 430 g <\/td>\n<\/tr>\n<tr>\n<th class=\"a-color-secondary a-size-base prodDetSectionEntry\"> Marca <\/th>\n<td class=\"a-size-base prodDetAttrValue\"> &lrm;Mavife <\/td>\n<\/tr>\n<tr>\n<th class=\"a-color-secondary a-size-base prodDetSectionEntry\"> Funciona a bateria ou pilha? <\/th>\n<td class=\"a-size-base prodDetAttrValue\"> &lrm;N\u00e3o <\/td>\n<\/tr>\n<\/table><\/div>","protected":false},"excerpt":{"rendered":"<p>Desfrute de uma leitura mais confort\u00e1vel, com menos reflexos e cores mais fi\u00e9is, gra\u00e7as \u00e0 pel\u00edcula antirreflexo fosca para Kindle Paperwhite 12\u00aa Gera\u00e7\u00e3o e Kindle Colorsoft 7 polegadas. Compat\u00edvel com os modelos SA569 P, SA568 B, SA58 CB e SA59 CP, oferece acabamento fosco que reduz o brilho e protege a tela contra pequenos arranh\u00f5es. Por apenas R$ 24,89, dispon\u00edvel na loja Mavife, descubra uma forma simples de manter seu dispositivo com visual n\u00edtido e leitura mais agrad\u00e1vel.<\/p>","protected":false},"featured_media":94163,"comment_status":"open","ping_status":"closed","template":"","meta":[],"product_cat":[1897,1898,1896],"product_tag":[2574,2573,2575],"class_list":{"0":"post-94163","1":"product","2":"type-product","3":"status-publish","4":"has-post-thumbnail","5":"product_brand-visite-a-loja-mavife","6":"product_cat-acessorios","7":"product_cat-acessorios-para-tablets","8":"product_cat-computadores-e-informatica","9":"product_tag-pelicula-anti-reflexo-fosca-para-kindle-colorsoft-7-polegadas","10":"product_tag-pelicula-protetora-anti-reflexo-kindle-paperwhite-12a-geracao","11":"product_tag-protecao-de-tela-antirreflexo-para-leitura-ao-ar-livre-kindle","13":"first","14":"instock","15":"shipping-taxable","16":"purchasable","17":"product-type-simple"},"aioseo_notices":[],"_links":{"self":[{"href":"https:\/\/www.ecommerceupdate.com.br\/ne\/wp-json\/wp\/v2\/product\/94163","targetHints":{"allow":["GET"]}}],"collection":[{"href":"https:\/\/www.ecommerceupdate.com.br\/ne\/wp-json\/wp\/v2\/product"}],"about":[{"href":"https:\/\/www.ecommerceupdate.com.br\/ne\/wp-json\/wp\/v2\/types\/product"}],"replies":[{"embeddable":true,"href":"https:\/\/www.ecommerceupdate.com.br\/ne\/wp-json\/wp\/v2\/comments?post=94163"}],"wp:featuredmedia":[{"embeddable":true,"href":"https:\/\/www.ecommerceupdate.com.br\/ne\/wp-json\/wp\/v2\/product\/94163"}],"wp:attachment":[{"href":"https:\/\/www.ecommerceupdate.com.br\/ne\/wp-json\/wp\/v2\/media?parent=94163"}],"wp:term":[{"taxonomy":"product_cat","embeddable":true,"href":"https:\/\/www.ecommerceupdate.com.br\/ne\/wp-json\/wp\/v2\/product_cat?post=94163"},{"taxonomy":"product_tag","embeddable":true,"href":"https:\/\/www.ecommerceupdate.com.br\/ne\/wp-json\/wp\/v2\/product_tag?post=94163"}],"curies":[{"name":"wp","href":"https:\/\/api.w.org\/{rel}","templated":true}]}}