{"id":94288,"date":"2026-03-11T13:14:44","date_gmt":"2026-03-11T16:14:44","guid":{"rendered":"https:\/\/www.ecommerceupdate.com.br\/produto\/gestao-de-midias-sociais\/"},"modified":"2026-05-13T10:58:26","modified_gmt":"2026-05-13T13:58:26","slug":"gestao-de-midias-sociais","status":"publish","type":"product","link":"https:\/\/www.ecommerceupdate.com.br\/ne\/produto\/gestao-de-midias-sociais\/","title":{"rendered":"Gest\u00e3o de m\u00eddias sociais"},"content":{"rendered":"<div class=\"woocommerce-product-details\">\n<h3>Detalhes do produto<\/h3>\n<ul>\n<li>Editora : InterSaberes<\/li>\n<li>Data da publica\u00e7\u00e3o : 1 outubro 2017<\/li>\n<li>Edi\u00e7\u00e3o : 1\u00aa<\/li>\n<li>Idioma : Portugu\u00eas<\/li>\n<li>N\u00famero de p\u00e1ginas : 284 p\u00e1ginas<\/li>\n<li>ISBN-10 : 8559725261<\/li>\n<li>ISBN-13 : 978-8559725261<\/li>\n<li>Peso do produto : 320 g<\/li>\n<li>Dimens\u00f5es : 21 x 14.2 x 1.6 cm<\/li>\n<li>Ranking dos mais vendidos: N\u00ba 90.944 em Livros (Conhe\u00e7a o Top 100 na categoria Livros) N\u00ba 1.847 em Livros de Refer\u00eancias sobre Sociologia<\/li>\n<li>N\u00ba 1.847 em Livros de Refer\u00eancias sobre Sociologia<\/li>\n<li>Avalia\u00e7\u00f5es dos clientes: 3,6 3,6 de 5 estrelas (10)<\/li>\n<\/ul><\/div>","protected":false},"excerpt":{"rendered":"<p>Domine a gest\u00e3o de m\u00eddias sociais com estrat\u00e9gias pr\u00e1ticas que elevam o engajamento e o alcance das suas mensagens, mesmo em ambientes competitivos. Esta obra vem em edi\u00e7\u00e3o em Portugu\u00eas, por Camila Gino Almeida Costa (Autora), com foco em Ci\u00eancias Sociais, Pol\u00edtica e Filosofia, apresentando conceitos claros e casos reais que voc\u00ea pode aplicar imediatamente. Por apenas R$ 58,16, descubra como transformar dados em decis\u00f5es estrat\u00e9gicas e ampliar a compreens\u00e3o do papel das plataformas na sociedade.<\/p>","protected":false},"featured_media":94288,"comment_status":"open","ping_status":"closed","template":"","meta":[],"product_cat":[1638,1595,1637],"product_tag":[2524,2526,2525],"class_list":{"0":"post-94288","1":"product","2":"type-product","3":"status-publish","4":"has-post-thumbnail","5":"product_brand-edicao-portugus-por-camila-gino-almeida-costa-autor","6":"product_cat-ciencias-sociais","7":"product_cat-livros","8":"product_cat-politica-filosofia-e-ciencias-sociais","9":"product_tag-livro-gestao-de-midias-sociais","10":"product_tag-metricas-e-analise-de-redes-sociais","11":"product_tag-planejamento-editorial-para-redes-sociais","13":"first","14":"instock","15":"sale","16":"shipping-taxable","17":"purchasable","18":"product-type-simple"},"aioseo_notices":[],"_links":{"self":[{"href":"https:\/\/www.ecommerceupdate.com.br\/ne\/wp-json\/wp\/v2\/product\/94288","targetHints":{"allow":["GET"]}}],"collection":[{"href":"https:\/\/www.ecommerceupdate.com.br\/ne\/wp-json\/wp\/v2\/product"}],"about":[{"href":"https:\/\/www.ecommerceupdate.com.br\/ne\/wp-json\/wp\/v2\/types\/product"}],"replies":[{"embeddable":true,"href":"https:\/\/www.ecommerceupdate.com.br\/ne\/wp-json\/wp\/v2\/comments?post=94288"}],"wp:featuredmedia":[{"embeddable":true,"href":"https:\/\/www.ecommerceupdate.com.br\/ne\/wp-json\/wp\/v2\/product\/94288"}],"wp:attachment":[{"href":"https:\/\/www.ecommerceupdate.com.br\/ne\/wp-json\/wp\/v2\/media?parent=94288"}],"wp:term":[{"taxonomy":"product_cat","embeddable":true,"href":"https:\/\/www.ecommerceupdate.com.br\/ne\/wp-json\/wp\/v2\/product_cat?post=94288"},{"taxonomy":"product_tag","embeddable":true,"href":"https:\/\/www.ecommerceupdate.com.br\/ne\/wp-json\/wp\/v2\/product_tag?post=94288"}],"curies":[{"name":"wp","href":"https:\/\/api.w.org\/{rel}","templated":true}]}}