{"id":91545,"date":"2026-02-06T15:20:22","date_gmt":"2026-02-06T18:20:22","guid":{"rendered":"https:\/\/www.ecommerceupdate.org\/?post_type=product&#038;p=91545"},"modified":"2026-03-14T19:52:19","modified_gmt":"2026-03-14T22:52:19","slug":"marketplace-best-practices-transforming-commerce-in-the-platform-economy-english-edition","status":"publish","type":"product","link":"https:\/\/www.ecommerceupdate.com.br\/pl\/produto\/marketplace-best-practices-transforming-commerce-in-the-platform-economy-english-edition\/","title":{"rendered":"Najlepsze praktyki na rynku: transformacja handlu w gospodarce platformowej (wydanie angielskie)"},"content":{"rendered":"<div class=\"woocommerce-product-details\">\n<h3>Szczeg\u00f3\u0142y produktu<\/h3>\n<ul>\n<li>ASIN: B08TJ3VZYX<\/li>\n<li>Wydawca: McFadyen Digital<\/li>\n<li>Dost\u0119pno\u015b\u0107: Dowiedz si\u0119 wi\u0119cej<\/li>\n<li>Data publikacji: 26 stycznia 2021 r<\/li>\n<li>Wydanie: 1a<\/li>\n<li>J\u0119zyk: angielski<\/li>\n<li>Rozmiar pliku: 35.2 MB<\/li>\n<li>Czytnik ekranu: Kompatybilny<\/li>\n<li>Konfiguracja czcionki: W\u0142\u0105czone<\/li>\n<li>X-Ray: Nie w\u0142\u0105czony<\/li>\n<li>Wskaz\u00f3wki dotycz\u0105ce s\u0142ownictwa: W\u0142\u0105czone<\/li>\n<li>Liczba stron: 534 strony<\/li>\n<li>ISBN-13:979-8597910260<\/li>\n<li>Przerzucanie strony: W\u0142\u0105czone<\/li>\n<li>Ranking bestseller\u00f3w: nr 221 437 w Kindle Store (spotkaj si\u0119 ze 100 najlepszymi w kategorii Kindle Store) nr 41 w ksi\u0119gach referencyjnych dotycz\u0105cych zakup\u00f3w i handlu nr 126 w imporcie w ramach handlu elektronicznego nr 3332 w biznesie i ekonomii<\/li>\n<li>41 W Zakupy i handel Ksi\u0105\u017cki referencyjne<\/li>\n<li>126 W Importowane na handel elektroniczny<\/li>\n<li>3332 w biznesie i ekonomii w j\u0119zyku angielskim<\/li>\n<li>Opinie klient\u00f3w: 4.6 4.6 z 5 gwiazdek (88)<\/li>\n<\/ul>\n<\/div>","protected":false},"excerpt":{"rendered":"<p>Marketplace Best Practices to nowa ksi\u0105\u017cka, kt\u00f3ra bada rynek internetowy jako spos\u00f3b na platformingu biznesu e-commerce Napisana przez Toma McFadyena i rynek internetowy omawiaj\u0105, dlaczego Straight omawia to, co, kto i jak z rynkami internetowymi od tych, kt\u00f3rzy tworzyli zar\u00f3wno handel detaliczny, jak i biznes poprzez sukces online.<\/p>","protected":false},"featured_media":0,"comment_status":"open","ping_status":"closed","template":"","meta":[],"product_cat":[1608,1628,1607],"product_tag":[],"class_list":{"0":"post-91545","1":"product","2":"type-product","3":"status-publish","5":"product_brand-edicao-ingls-por-tom-mcfadyen-autor-formato-ebook-kindle","6":"product_cat-ebooks-kindle","7":"product_cat-ingles-e-outras-linguas","8":"product_cat-loja-kindle","10":"first","11":"instock","12":"shipping-taxable","13":"purchasable","14":"product-type-simple"},"aioseo_notices":[],"_links":{"self":[{"href":"https:\/\/www.ecommerceupdate.com.br\/pl\/wp-json\/wp\/v2\/product\/91545","targetHints":{"allow":["GET"]}}],"collection":[{"href":"https:\/\/www.ecommerceupdate.com.br\/pl\/wp-json\/wp\/v2\/product"}],"about":[{"href":"https:\/\/www.ecommerceupdate.com.br\/pl\/wp-json\/wp\/v2\/types\/product"}],"replies":[{"embeddable":true,"href":"https:\/\/www.ecommerceupdate.com.br\/pl\/wp-json\/wp\/v2\/comments?post=91545"}],"wp:attachment":[{"href":"https:\/\/www.ecommerceupdate.com.br\/pl\/wp-json\/wp\/v2\/media?parent=91545"}],"wp:term":[{"taxonomy":"product_cat","embeddable":true,"href":"https:\/\/www.ecommerceupdate.com.br\/pl\/wp-json\/wp\/v2\/product_cat?post=91545"},{"taxonomy":"product_tag","embeddable":true,"href":"https:\/\/www.ecommerceupdate.com.br\/pl\/wp-json\/wp\/v2\/product_tag?post=91545"}],"curies":[{"name":"wp","href":"https:\/\/api.w.org\/{rel}","templated":true}]}}