{"id":91649,"date":"2026-02-07T11:38:51","date_gmt":"2026-02-07T14:38:51","guid":{"rendered":"https:\/\/www.ecommerceupdate.org\/produto\/a-loja-de-tudo-jeff-bezos-e-a-era-da-amazon\/"},"modified":"2026-04-14T18:32:58","modified_gmt":"2026-04-14T21:32:58","slug":"a-loja-de-tudo-jeff-bezos-e-a-era-da-amazon","status":"publish","type":"product","link":"https:\/\/www.ecommerceupdate.com.br\/pl\/produto\/a-loja-de-tudo-jeff-bezos-e-a-era-da-amazon\/","title":{"rendered":"Sklep ze wszystkim: Jeff Bezos i era Amazonii"},"content":{"rendered":"<div class=\"woocommerce-product-details\">\n<div id=\"aplus_feature_div\" class=\"celwidget\" data-feature-name=\"aplus\" data-csa-c-type=\"widget\" data-csa-c-content-id=\"aplus\" data-csa-c-slot-id=\"aplus_feature_div\" data-csa-c-asin=\"\" data-csa-c-is-in-initial-active-row=\"false\">\n<div id=\"aplus\" class=\"a-section a-spacing-large bucket\">\n<h3 class=\"\">Od wydawcy<\/h3>\n<div lang=\"pt_BR\">\n<div class=\"aplus-v2 desktop celwidget\">\n<div class=\"aplus-content-wrapper\">\n<div class=\"celwidget aplus-module module-12 aplus-standard\">\n<div class=\"aplus-module-wrapper apm-spacing apm-floatnone apm-fixed-width\">\n<div class=\"apm-sidemodule aplus-module-content\">\n<div class=\"apm-hero-image\"> <img decoding=\"async\" alt=\"amazon, sklep ze wszystkim, jeff bezos, brad stone, sklep, zakupy, biznes\" src=\"https:\/\/m.media-amazon.com\/images\/S\/aplus-media\/vc\/7efa9976-3ab8-4a1f-aeea-0cfb612008a4._CR0,0,1347,417_PT0_SX970__.jpg\" \/> <\/div>\n<\/p>\n<\/div>\n<\/div>\n<\/div>\n<div class=\"celwidget aplus-module module-3 aplus-standard\">\n<div class=\"aplus-module-wrapper apm-floatnone apm-fixed-width\">\n<div class=\"apm-sidemodule apm-spacing\">\n<div class=\"apm-sidemodule-imageright\"> <img decoding=\"async\" alt=\"amazon, sklep ze wszystkim, jeff bezos, brad stone, sklep, zakupy, biznes\" src=\"https:\/\/m.media-amazon.com\/images\/S\/aplus-media\/vc\/002cae37-e348-4a96-9d59-f3fbedb8fb60._CR0,0,417,417_PT0_SX300__.jpg\" \/> <\/div>\n<div class=\"apm-sidemodule-textleft\">\n<h3 class=\"a-spacing-mini\"> Kim jest Jeff Bezos? <\/h3>\n<p> <span class=\"a-text-bold\">Jeffa Bezosa<\/span> przedsi\u0119biorca, za\u0142o\u017cyciel, prezes i dyrektor generalny Amazon.urodzi\u0142 si\u0119 w Stanach Zjednoczonych i uko\u0144czy\u0142 in\u017cynieri\u0119 elektryczn\u0105 i komputerow\u0105 na Uniwersytecie Princeton.Obecnie, najwi\u0119ksza firma zajmuj\u0105ca si\u0119 sprzeda\u017c\u0105 internetow\u0105 na \u015bwiecie, Amazon zosta\u0142 za\u0142o\u017cony w 1994 roku.Dzi\u0119ki sklepowi i jego r\u00f3\u017cnym inwestycjom Bezos sta\u0142 si\u0119 jednym z najbogatszych ludzi w historii, z szacowan\u0105 fortun\u0105 na 113,5 miliarda US$. <\/p>\n<\/p>\n<\/div>\n<\/div>\n<\/div>\n<\/div>\n<div class=\"celwidget aplus-module module-4 aplus-standard\">\n<div class=\"aplus-module-wrapper apm-fixed-width apm-spacing\">\n<h3 class=\"a-spacing-small\"> Ciekawostki o Amazonie <\/h3>\n<div class=\"apm-flex\">\n<div class=\"apm-flex-item-fourth-width\">\n<p class=\"apm-text-center\"> <img decoding=\"async\" alt=\"amazon, sklep ze wszystkim, jeff bezos, brad stone, sklep, zakupy, biznes\" src=\"https:\/\/m.media-amazon.com\/images\/S\/aplus-media\/vc\/e5c5dd2c-6181-4de0-b0a7-1f1d603c7f33._CR0,0,306,306_PT0_SX220__.jpg\" \/> <\/p>\n<h4 class=\"a-spacing-mini\"> Tysi\u0105ce zam\u00f3wie\u0144 <\/h4>\n<p class=\"a-size-small\"> Pierwsz\u0105 siedzib\u0105 firmy by\u0142 dom jej za\u0142o\u017cyciela, Jeffa Bezosa. Aby pomie\u015bci\u0107 du\u017c\u0105 ilo\u015b\u0107 otrzymywanej w\u00f3wczas poczty, posiada\u0142a ona znacznie wi\u0119ksz\u0105 ni\u017c zwykle skrzynk\u0119 pocztow\u0105. <\/p>\n<\/p>\n<\/div>\n<div class=\"apm-flex-item-fourth-width\">\n<p class=\"apm-text-center\"> <img decoding=\"async\" alt=\"amazon, sklep ze wszystkim, jeff bezos, brad stone, sklep, zakupy, biznes\" src=\"https:\/\/m.media-amazon.com\/images\/S\/aplus-media\/vc\/a88a3ea9-5860-4817-b12c-48f02dc5398a._CR0,0,306,306_PT0_SX220__.jpg\" \/> <\/p>\n<h4 class=\"a-spacing-mini\"> Wyb\u00f3r nazwy <\/h4>\n<p class=\"a-size-small\"> Decyduj\u0105c o nazwie firmy, Bezos wzi\u0105\u0142 pod uwag\u0119 <span class=\"a-text-bold\">Katabry<\/span> (w odniesieniu do Abracadabry) i Relentless (przet\u0142umaczone swobodnie jako nieust\u0119pliwe lub trwa\u0142e) <span class=\"a-text-italic\">nieust\u0119pliwy<\/span>, jest automatycznie przekierowywany do Amazon. <\/p>\n<\/p>\n<\/div>\n<div class=\"apm-flex-item-fourth-width\">\n<p class=\"apm-text-center\"> <img decoding=\"async\" alt=\"amazon, sklep ze wszystkim, jeff bezos, brad stone, sklep, zakupy, biznes\" src=\"https:\/\/m.media-amazon.com\/images\/S\/aplus-media\/vc\/15ae2382-c098-49e3-ab39-69ada746c762._CR0,0,306,306_PT0_SX220__.jpg\" \/> <\/p>\n<h4 class=\"a-spacing-mini\"> Dzwon sprzeda\u017cy <\/h4>\n<p class=\"a-size-small\"> Pocz\u0105tkowo firma mia\u0142a dzwonek, kt\u00f3ry dzwoni\u0142 za ka\u017cdym razem, gdy dokonywano sprzeda\u017cy, Z czasem sprzeda\u017c sta\u0142a si\u0119 tak cz\u0119sta, \u017ce zosta\u0142a wycofana. <\/p>\n<\/p>\n<\/div>\n<div class=\"apm-flex-item-fourth-width\">\n<p class=\"apm-text-center\"> <img decoding=\"async\" alt=\"amazon, sklep ze wszystkim, jeff bezos, brad stone, sklep, zakupy, biznes\" src=\"https:\/\/m.media-amazon.com\/images\/S\/aplus-media\/vc\/a9cb10f2-b884-46ec-8b3e-7b97635aa106._CR0,0,306,306_PT0_SX220__.jpg\" \/> <\/p>\n<h4 class=\"a-spacing-mini\"> Wiele dostaw <\/h4>\n<p class=\"a-size-small\"> Amazon realizuje oko\u0142o 1,6 miliona dostaw dziennie. Ilo\u015b\u0107 kartonu w tych pude\u0142kach wystarczy\u0142aby na pokrycie obszaru wi\u0119kszego ni\u017c Kostaryka. <\/p>\n<\/p>\n<\/div>\n<\/div>\n<\/div>\n<\/div>\n<div class=\"celwidget aplus-module module-9 aplus-standard\">\n<div class=\"aplus-module-wrapper apm-fixed-width apm-spacing\">\n<h3 class=\"a-spacing-small\"> Inne ksi\u0105\u017cki, kt\u00f3re mog\u0105 Ci si\u0119 spodoba\u0107 <\/h3>\n<div class=\"apm-flex\">\n<div class=\"apm-flex-item-third-width\">\n<p class=\"apm-text-center\"> <img decoding=\"async\" alt=\"amazon, sklep ze wszystkim, jeff bezos, brad stone, sklep, zakupy, biznes, elon musk\" src=\"https:\/\/m.media-amazon.com\/images\/S\/aplus-media\/vc\/37f5ff55-9b2d-471c-bbe0-f6db9b765a9c._CR0,0,417,417_PT0_SX300__.jpg\" \/> <\/p>\n<\/p>\n<\/div>\n<div class=\"apm-flex-item-third-width\">\n<p class=\"apm-text-center\"> <img decoding=\"async\" alt=\"amazon, sklep wszystkiego, jeff bezos, brad stone, sklep, zakupy, biznes, sprint, google\" src=\"https:\/\/m.media-amazon.com\/images\/S\/aplus-media\/vc\/88c01a54-6448-4280-832e-aabd3f9986ba._CR0,0,417,417_PT0_SX300__.jpg\" \/> <\/p>\n<\/p>\n<\/div>\n<div class=\"apm-flex-item-third-width\">\n<p class=\"apm-text-center\"> <img decoding=\"async\" alt=\"amazon, sklep ze wszystkim, jeff bezos, brad stone, sklep, zakupy, biznes, zasady\" src=\"https:\/\/m.media-amazon.com\/images\/S\/aplus-media\/vc\/ed2f48bd-d056-450d-8c30-268021a0e687._CR0,0,417,417_PT0_SX300__.jpg\" \/> <\/p>\n<\/p>\n<\/div>\n<\/div>\n<\/div>\n<\/div>\n<div class=\"celwidget aplus-module module-11 aplus-standard\">\n<div class=\"aplus-module-wrapper apm-spacing apm-floatnone apm-fixed-width\">\n<div class=\"apm-sidemodule aplus-module-content\">\n<div class=\"apm-hero-image\"> <img decoding=\"async\" alt=\"amazon, sklep ze wszystkim, jeff bezos, brad stone, sklep, zakupy, biznes\" src=\"https:\/\/m.media-amazon.com\/images\/S\/aplus-media\/vc\/4e4bb8a5-cad5-44db-aa4f-2f6cf4606584._CR0,0,1347,417_PT0_SX970__.jpg\" \/> <\/div>\n<\/p>\n<\/div>\n<\/div>\n<\/div>\n<\/div>\n<\/div>\n<\/div>\n<\/div>\n<\/div>\n<h3>Szczeg\u00f3\u0142y produktu<\/h3>\n<ul>\n<li>ASIN: B00JAJX8OW<\/li>\n<li>Wydawca: Intrinsic<\/li>\n<li>Dost\u0119pno\u015b\u0107: Dowiedz si\u0119 wi\u0119cej<\/li>\n<li>Data publikacji: 1 kwietnia 2014 r<\/li>\n<li>J\u0119zyk: Portugalski<\/li>\n<li>Rozmiar pliku: 13.6 MB<\/li>\n<li>Czytnik ekranu: Kompatybilny<\/li>\n<li>Konfiguracja czcionki: W\u0142\u0105czone<\/li>\n<li>Wskaz\u00f3wki dotycz\u0105ce s\u0142ownictwa: Nie w\u0142\u0105czono<\/li>\n<li>Liczba stron: 484 strony<\/li>\n<li>ISBN-10:9788580574906<\/li>\n<li>ISBN-13:978-8580574906<\/li>\n<li>Przerzucanie strony: W\u0142\u0105czone<\/li>\n<li>Ranking bestseller\u00f3w: nr 45 287 w Kindle Store (spotkaj si\u0119 ze 100 najlepszymi w kategorii Kindle Store) nr 904 w kategorii Biografie i autobiografie<\/li>\n<li>904 W Biografie i Autobiografie<\/li>\n<li>Oceny klient\u00f3w: 4.6 4.6 z 5 gwiazdek (3,615)<\/li>\n<\/ul><\/div>","protected":false},"excerpt":{"rendered":"<p>A Amazon foi uma pioneira no com\u00e9rcio de livros pela internet e esteve \u00e0 frente da primeira grande febre das pontocom. Mas Jeff Bezos, seu vision\u00e1rio criador, n\u00e3o se contentaria com uma livraria virtual descolada: ele queria que sua empresa dispusesse de uma sele\u00e7\u00e3o ilimitada de produtos a pre\u00e7os radicalmente baixos \u2014 e se tornasse \u201ca loja de tudo\u201d.Com o objetivo de descortinar esse universo, o jornalista Brad Stone obteve acesso in\u00e9dito a funcion\u00e1rios e executivos da Amazon, al\u00e9m de familiares e amigos de Bezos, e o resultado \u00e9 um retrato detalhado da vida na gigante do com\u00e9rcio on-line que exp\u00f5e um mundo de competitividade sem limites. Como outros precursores da tecnologia, entre eles Steve Jobs, Bill Gates e Mark Zuckerberg, Bezos n\u00e3o cede em sua incans\u00e1vel busca por novos mercados, transformando o varejo da mesma forma como Henry Ford revolucionou a ind\u00fastria \u2014 com uma impiedade tamanha que s\u00f3 se iguala \u00e0 sua vontade de oferecer a melhor experi\u00eancia poss\u00edvel ao cliente.A loja de tudo \u00e9 a biografia definitiva da start-up que fez uma das primeiras e maiores apostas na internet e mudou para sempre a nossa forma de ler e de comprar. \u00c9 um relato honesto sobre a empresa mais emblem\u00e1tica da nossa era, bem como um olhar profundamente pessoal sobre o ic\u00f4nico personagem que a criou.Agraciado com o pr\u00eamio de \u201cmelhor livro de neg\u00f3cios de 2013\u201d pelo Financial Times\/Goldman Sachs, tamb\u00e9m foi selecionado entre os melhores t\u00edtulos do ano por publica\u00e7\u00f5es como The Washington Post e Forbes. A obra re\u00fane depoimentos in\u00e9ditos de amigos, familiares, colaboradores e ex-funcion\u00e1rios da Amazon, revelando importantes detalhes de todas as jogadas de Jeff Bezos para tornar a Amazon uma das empresas mais poderosas da atualidade. O livro inclui dezenas de imagens in\u00e9ditas de Jeff Bezos desde a inf\u00e2ncia at\u00e9 se tornar um bilion\u00e1rio do Vale do Sil\u00edcio.\u201c\u00c9 uma grande aula de administra\u00e7\u00e3o de empresas e a biografia de um vision\u00e1rio. Conta como Bezos construiu a maior loja virtual do mundo, quantas besteiras fez e como virou um \u00edcone perseguindo uma s\u00f3 ideia: o poder da rede.\u201d Elio Gaspari, colunista de Folha de S.Paulo e O GloboBest-seller da Veja<\/p>","protected":false},"featured_media":91649,"comment_status":"open","ping_status":"closed","template":"","meta":{"_aipt_faq_data":""},"product_cat":[1625,1608,1607],"product_tag":[],"class_list":{"0":"post-91649","1":"product","2":"type-product","3":"status-publish","4":"has-post-thumbnail","6":"product_brand-por-brad-stone-autor-andrea-gottlieb-de-castro-neves-tradutor-formato-ebook-kindle","7":"product_cat-biografias-e-historias-reais","8":"product_cat-ebooks-kindle","9":"product_cat-loja-kindle","11":"first","12":"instock","13":"sale","14":"shipping-taxable","15":"purchasable","16":"product-type-simple"},"aioseo_notices":[],"_links":{"self":[{"href":"https:\/\/www.ecommerceupdate.com.br\/pl\/wp-json\/wp\/v2\/product\/91649","targetHints":{"allow":["GET"]}}],"collection":[{"href":"https:\/\/www.ecommerceupdate.com.br\/pl\/wp-json\/wp\/v2\/product"}],"about":[{"href":"https:\/\/www.ecommerceupdate.com.br\/pl\/wp-json\/wp\/v2\/types\/product"}],"replies":[{"embeddable":true,"href":"https:\/\/www.ecommerceupdate.com.br\/pl\/wp-json\/wp\/v2\/comments?post=91649"}],"wp:featuredmedia":[{"embeddable":true,"href":"https:\/\/www.ecommerceupdate.com.br\/pl\/wp-json\/wp\/v2\/product\/91649"}],"wp:attachment":[{"href":"https:\/\/www.ecommerceupdate.com.br\/pl\/wp-json\/wp\/v2\/media?parent=91649"}],"wp:term":[{"taxonomy":"product_cat","embeddable":true,"href":"https:\/\/www.ecommerceupdate.com.br\/pl\/wp-json\/wp\/v2\/product_cat?post=91649"},{"taxonomy":"product_tag","embeddable":true,"href":"https:\/\/www.ecommerceupdate.com.br\/pl\/wp-json\/wp\/v2\/product_tag?post=91649"}],"curies":[{"name":"wp","href":"https:\/\/api.w.org\/{rel}","templated":true}]}}