{"id":93024,"date":"2026-02-22T12:11:55","date_gmt":"2026-02-22T15:11:55","guid":{"rendered":"https:\/\/www.ecommerceupdate.org\/produto\/ecommerce-evolved-the-essential-playbook-to-build-grow-scale-a-successful-ecommerce-business\/"},"modified":"2026-03-13T15:27:12","modified_gmt":"2026-03-13T18:27:12","slug":"ecommerce-evolved-the-essential-playbook-to-build-grow-scale-a-successful-ecommerce-business","status":"publish","type":"product","link":"https:\/\/www.ecommerceupdate.com.br\/pl\/produto\/ecommerce-evolved-the-essential-playbook-to-build-grow-scale-a-successful-ecommerce-business\/","title":{"rendered":"Rozw\u00f3j handlu elektronicznego: niezb\u0119dny podr\u0119cznik budowania, rozwijania i skalowania odnosz\u0105cego sukcesy biznesu e-commerce"},"content":{"rendered":"<div class=\"woocommerce-product-details\">\n<h3>Szczeg\u00f3\u0142y produktu<\/h3>\n<ul>\n<li>Wydawca: Createspace Independent Publishing Platform<\/li>\n<li>Data publikacji: 3 pa\u017adziernika 2016 r<\/li>\n<li>J\u0119zyk: angielski<\/li>\n<li>Liczba stron: 372 strony<\/li>\n<li>ISBN-10:1534619348<\/li>\n<li>ISBN-13:978-1534619340<\/li>\n<li>Waga produktu: 1,05 kilograma<\/li>\n<li>Wymiary: 13,97 x 2,36 x 21,59 cm<\/li>\n<li>Ranking bestseller\u00f3w: nr 137 801 w kategorii ksi\u0105\u017cki (spotkaj si\u0119 ze 100 najlepszymi w kategorii ksi\u0105\u017cki) nr 51 w importowanym marketingu internetowym nr 2241 w biznesie, administracji i ekonomii (ksi\u0105\u017cki)<\/li>\n<li>51 W Importowany marketing internetowy<\/li>\n<li>2241 w biznesie, biznesie i ekonomii (ksi\u0105\u017cki)<\/li>\n<li>Oceny klient\u00f3w: 4.6 4.6 z 5 gwiazdek (910)<\/li>\n<\/ul><\/div>","protected":false},"excerpt":{"rendered":"<p>**wersja POPRAWIONA I ROZSZERZONA 2024* Ca\u0142kowicie poprawiona i odnowiona o nowe rozdzia\u0142y i tre\u015bci, aby zapewni\u0107 Ci najnowocze\u015bniejsze rozwi\u0105zania, kt\u00f3re obecnie dzia\u0142aj\u0105 w handlu elektronicznym. Jako ca\u0142o\u015b\u0107 bran\u017ca e-commerce jest PRZESTARZA\u0141A. To nieaktualne! I spos\u00f3b powrotu biznesu jest w stanie osi\u0105gn\u0105\u0107 sukces pod wzgl\u0119dem tego, co obecnie dzia\u0142a rynek w \u015bwiecie biznesu. Wi\u0119kszo\u015b\u0107 w\u0142a\u015bcicieli e-commerce jest sk\u0142onna prowadzi\u0107 swoj\u0105 dzia\u0142alno\u015b\u0107 w ten sam spos\u00f3b <span>Ksi\u0105\u017cka rozpoczyna si\u0119 od <\/span><span class=\"a-text-bold\">12 Zasady handlu elektronicznego<\/span><span> \u017ce opracowali\u015bmy po wsp\u00f3\u0142pracy z ponad 10 000 r\u00f3\u017cnych firm. Te 12 zasad odr\u00f3\u017cnia dobrze prosperuj\u0105ce firmy e-commerce od przeci\u0119tnych. (i mo\u017cemy niemal zagwarantowa\u0107, \u017ce naruszysz ponad po\u0142ow\u0119 z nich!).<\/span>Ksi\u0105\u017cka rozpoczyna si\u0119 od 12 zasad handlu elektronicznego, kt\u00f3re opracowali\u015bmy po wsp\u00f3\u0142pracy z ponad 10 000 r\u00f3\u017cnych firm. Te 12 zasad odr\u00f3\u017cnia dobrze prosperuj\u0105ce firmy e-commerce od przeci\u0119tnych. (i mo\u017cemy prawie zagwarantowa\u0107, \u017ce naruszysz ponad po\u0142ow\u0119 z nich!).<br \/><span class=\"a-text-bold\">Cz\u0119\u015b\u0107 1<\/span><span> na <\/span><span class=\"a-text-bold\">Rozwini\u0119ta strategia<\/span><span> to miejsce, w kt\u00f3rym cofamy kurtyn\u0119, zabieramy Ci\u0119 za kulisy i pokazujemy, jak naprawd\u0119 dzia\u0142aj\u0105 7-, 8- i 9-cyfrowe firmy e-commerce.<\/span>Cz\u0119\u015b\u0107 1 na Evolved Strategy jest gdzie cofamy kurtyn\u0119, zabieramy Ci\u0119 za kulisy, i pokazujemy jak naprawd\u0119 dzia\u0142aj\u0105 7, 8 i 9-cyfrowe firmy ecommerce.<br \/><span class=\"a-text-bold\">Cz\u0119\u015b\u0107 2<\/span><span> na <\/span><span class=\"a-text-bold\">Ewoluowana inteligencja<\/span><span> zajmuje si\u0119 najbardziej niewykorzystanym aspektem wi\u0119kszo\u015bci firm e-commerce.twoje dane.<\/span>Cz\u0119\u015b\u0107 2 dotycz\u0105ca Evolved Intelligence dotyczy najbardziej niewykorzystanego aspektu wi\u0119kszo\u015bci firm e-commerce.twoje dane.<br \/><span class=\"a-text-bold\">Cz\u0119\u015b\u0107 3<\/span><span> na <\/span><span class=\"a-text-bold\">Ewoluowany marketing<\/span><span> to miejsce, w kt\u00f3rym uczysz si\u0119, jak wykorzysta\u0107 struktur\u0119 swojej firmy i dane do tworzenia systematycznych i wysoce zautomatyzowanych kampanii marketingowych zar\u00f3wno dla pierwszej, jak i tylnej cz\u0119\u015bci Twojej firmy. Wysi\u0142ki te przynosz\u0105 ogromne zwroty z inwestycji.<\/span>Cz\u0119\u015b\u0107 3 dotycz\u0105ca marketingu rozwini\u0119tego to miejsce, w kt\u00f3rym uczysz si\u0119, jak wykorzysta\u0107 struktur\u0119 swojej firmy i swoje dane do tworzenia systemowych i wysoce zautomatyzowanych kampanii marketingowych zar\u00f3wno dla pierwszej, jak i tylnej cz\u0119\u015bci Twojej firmy. Wysi\u0142ki te przynosz\u0105 ogromne zyski z inwestycji. Ecommerce Evolved bierze i poprzez dok\u0142adnie te same procesy moi klienci wysokiego szczebla i ja przechodzimy przez proces restrukturyzacji ich maksymalnych korzy\u015bci dla rozwoju biznesu, a tym samym sukcesu w biznesie.<\/p>","protected":false},"featured_media":0,"comment_status":"open","ping_status":"closed","template":"","meta":[],"product_cat":[1641,1595,1610],"product_tag":[],"class_list":{"0":"post-93024","1":"product","2":"type-product","3":"status-publish","5":"product_brand-edicao-ingls-por-tanner-larsson-autor","6":"product_cat-computacao-informatica-e-midias-digitais","7":"product_cat-livros","8":"product_cat-livros-internacionais","10":"first","11":"instock","12":"shipping-taxable","13":"purchasable","14":"product-type-simple"},"aioseo_notices":[],"_links":{"self":[{"href":"https:\/\/www.ecommerceupdate.com.br\/pl\/wp-json\/wp\/v2\/product\/93024","targetHints":{"allow":["GET"]}}],"collection":[{"href":"https:\/\/www.ecommerceupdate.com.br\/pl\/wp-json\/wp\/v2\/product"}],"about":[{"href":"https:\/\/www.ecommerceupdate.com.br\/pl\/wp-json\/wp\/v2\/types\/product"}],"replies":[{"embeddable":true,"href":"https:\/\/www.ecommerceupdate.com.br\/pl\/wp-json\/wp\/v2\/comments?post=93024"}],"wp:attachment":[{"href":"https:\/\/www.ecommerceupdate.com.br\/pl\/wp-json\/wp\/v2\/media?parent=93024"}],"wp:term":[{"taxonomy":"product_cat","embeddable":true,"href":"https:\/\/www.ecommerceupdate.com.br\/pl\/wp-json\/wp\/v2\/product_cat?post=93024"},{"taxonomy":"product_tag","embeddable":true,"href":"https:\/\/www.ecommerceupdate.com.br\/pl\/wp-json\/wp\/v2\/product_tag?post=93024"}],"curies":[{"name":"wp","href":"https:\/\/api.w.org\/{rel}","templated":true}]}}