{"id":93229,"date":"2026-03-01T09:32:53","date_gmt":"2026-03-01T12:32:53","guid":{"rendered":"https:\/\/www.ecommerceupdate.com.br\/produto\/empreendendo-no-e-commerce\/"},"modified":"2026-03-13T15:27:54","modified_gmt":"2026-03-13T18:27:54","slug":"empreendendo-no-e-commerce","status":"publish","type":"product","link":"https:\/\/www.ecommerceupdate.com.br\/pl\/produto\/empreendendo-no-e-commerce\/","title":{"rendered":"Przedsi\u0119wzi\u0119cie w handlu elektronicznym"},"content":{"rendered":"<div class=\"woocommerce-product-details\">\n<h3>Szczeg\u00f3\u0142y produktu<\/h3>\n<ul>\n<li>ASIN: B0F92B2HMQ<\/li>\n<li>Wydawca: Ariane Vianna<\/li>\n<li>Dost\u0119pno\u015b\u0107: Dowiedz si\u0119 wi\u0119cej<\/li>\n<li>Data publikacji: 17 maja 2025 r<\/li>\n<li>J\u0119zyk: Portugalski<\/li>\n<li>Rozmiar pliku: 326 KB<\/li>\n<li>Czytnik ekranu: Kompatybilny<\/li>\n<li>Konfiguracja czcionki: W\u0142\u0105czone<\/li>\n<li>Wskaz\u00f3wki dotycz\u0105ce s\u0142ownictwa: Nie w\u0142\u0105czono<\/li>\n<li>Liczba stron: 44 strony<\/li>\n<li>ISBN-13:978-6501462141<\/li>\n<li>Przerzucanie strony: W\u0142\u0105czone<\/li>\n<li>Wiek czytania: 12 18 lat<\/li>\n<li>Ranking bestseller\u00f3w: nr 203 063 w Kindle Store (spotkaj si\u0119 ze 100 najlepszymi w kategorii Kindle Store) nr 23 w Kindle Standard Dictionaries nr 100 w eBookach w dziennikach nr 544 w zarz\u0105dzaniu czasem<\/li>\n<li>23 W Kindle S\u0142owniki standardowe<\/li>\n<li>100 W eBookach na temat Dziennika<\/li>\n<li>544 W Zarz\u0105dzanie czasem<\/li>\n<li>Opinie klient\u00f3w: 5.0 5.0 z 5 gwiazdek (11)<\/li>\n<\/ul><\/div>","protected":false},"excerpt":{"rendered":"<p>Praktyczny, ludzki i inspiruj\u0105cy przewodnik dla tych, kt\u00f3rzy chc\u0105 stworzy\u0107 biznes online nawet bez do\u015bwiadczenia, W tej ksi\u0105\u017cce Ariane Vianna dzieli si\u0119 swoj\u0105 prawdziw\u0105 trajektori\u0105 z bezpo\u015brednimi wskaz\u00f3wkami, praktycznymi \u0107wiczeniami i dost\u0119pnymi strategiami, aby zacz\u0105\u0107 od zera, sprzedawa\u0107 z celem i skalowa\u0107 sw\u00f3j e-commerce \u015bwiadomie 'ca\u0142e to godzenie \u017cycia osobistego, dzieci i marze\u0144, Dowiesz si\u0119, jak wybiera\u0107 produkty, za\u0142o\u017cy\u0107 sklep, prawid\u0142owo wyceni\u0107, przyci\u0105gn\u0105\u0107 pierwszych klient\u00f3w, zorganizowa\u0107 swoj\u0105 rutyn\u0119 i utrzyma\u0107 motywacj\u0119 nawet w trudne dni, Jest to idealny podr\u0119cznik dla tych, kt\u00f3rzy chc\u0105 podj\u0105\u0107 si\u0119 z dusz\u0105 i dzia\u0142aniem. Wskazane dla kobiet przedsi\u0119biorc\u00f3w, matek, kt\u00f3re chc\u0105 niezale\u017cno\u015bci finansowej i wszystkich, kt\u00f3rzy chc\u0105 si\u0119 spe\u0142ni\u0107.<\/p>","protected":false},"featured_media":93229,"comment_status":"open","ping_status":"closed","template":"","meta":[],"product_cat":[1627,1608,1607],"product_tag":[],"class_list":{"0":"post-93229","1":"product","2":"type-product","3":"status-publish","4":"has-post-thumbnail","6":"product_brand-por-ariane-vianna-autor-formato-ebook-kindle","7":"product_cat-autoajuda","8":"product_cat-ebooks-kindle","9":"product_cat-loja-kindle","11":"first","12":"instock","13":"shipping-taxable","14":"purchasable","15":"product-type-simple"},"aioseo_notices":[],"_links":{"self":[{"href":"https:\/\/www.ecommerceupdate.com.br\/pl\/wp-json\/wp\/v2\/product\/93229","targetHints":{"allow":["GET"]}}],"collection":[{"href":"https:\/\/www.ecommerceupdate.com.br\/pl\/wp-json\/wp\/v2\/product"}],"about":[{"href":"https:\/\/www.ecommerceupdate.com.br\/pl\/wp-json\/wp\/v2\/types\/product"}],"replies":[{"embeddable":true,"href":"https:\/\/www.ecommerceupdate.com.br\/pl\/wp-json\/wp\/v2\/comments?post=93229"}],"wp:featuredmedia":[{"embeddable":true,"href":"https:\/\/www.ecommerceupdate.com.br\/pl\/wp-json\/wp\/v2\/product\/93229"}],"wp:attachment":[{"href":"https:\/\/www.ecommerceupdate.com.br\/pl\/wp-json\/wp\/v2\/media?parent=93229"}],"wp:term":[{"taxonomy":"product_cat","embeddable":true,"href":"https:\/\/www.ecommerceupdate.com.br\/pl\/wp-json\/wp\/v2\/product_cat?post=93229"},{"taxonomy":"product_tag","embeddable":true,"href":"https:\/\/www.ecommerceupdate.com.br\/pl\/wp-json\/wp\/v2\/product_tag?post=93229"}],"curies":[{"name":"wp","href":"https:\/\/api.w.org\/{rel}","templated":true}]}}