{"id":93412,"date":"2026-03-04T08:46:36","date_gmt":"2026-03-04T11:46:36","guid":{"rendered":"https:\/\/www.ecommerceupdate.com.br\/produto\/compras-no-marketplace-quem-e-responsavel-pelo-problema\/"},"modified":"2026-03-13T15:30:33","modified_gmt":"2026-03-13T18:30:33","slug":"compras-no-marketplace-quem-e-responsavel-pelo-problema","status":"publish","type":"product","link":"https:\/\/www.ecommerceupdate.com.br\/pl\/produto\/compras-no-marketplace-quem-e-responsavel-pelo-problema\/","title":{"rendered":"Zakupy na rynku: kto jest odpowiedzialny za problem"},"content":{"rendered":"<div class=\"woocommerce-product-details\">\n<h3>Szczeg\u00f3\u0142y produktu<\/h3>\n<ul>\n<li>ASIN: B0GPNWPZ7M<\/li>\n<li>Dost\u0119pno\u015b\u0107: Dowiedz si\u0119 wi\u0119cej<\/li>\n<li>Data publikacji: 22 lutego 2026 r<\/li>\n<li>J\u0119zyk: Portugalski<\/li>\n<li>Rozmiar pliku: 214 KB<\/li>\n<li>Czytnik ekranu: Kompatybilny<\/li>\n<li>Konfiguracja czcionki: W\u0142\u0105czone<\/li>\n<li>Wskaz\u00f3wki dotycz\u0105ce s\u0142ownictwa: Nie w\u0142\u0105czono<\/li>\n<li>Liczba stron: 69 stron<\/li>\n<li>Przerzucanie strony: W\u0142\u0105czone<\/li>\n<\/ul><\/div>","protected":false},"excerpt":{"rendered":"<p>Targowiska sprzedaj\u0105 ide\u0119 neutralno\u015bci: \u201cjeste\u015bmy tylko po\u015brednikami\u201d. Ale kiedy produkt nie dociera, przychodzi wadliwy, jest fa\u0142szywy lub sprzedawca znika, pytanie staje si\u0119 pilne: kto odpowiada? ta ksi\u0105\u017cka demontuje \u201cilusion of the\u201d po\u015brednictwa i wyja\u015bnia, w praktyczny spos\u00f3b, jak zidentyfikowa\u0107 obowi\u0105zki, zebra\u0107 dowody, \u017c\u0105da\u0107 rozwi\u0105zania, zwrotu koszt\u00f3w i naprawy Idealny dla konsument\u00f3w, kt\u00f3rzy kupuj\u0105 na du\u017cych platformach i musz\u0105 dok\u0142adnie wiedzie\u0107, jak post\u0119powa\u0107, gdy zakup staje si\u0119 problemem.<\/p>","protected":false},"featured_media":93412,"comment_status":"open","ping_status":"closed","template":"","meta":[],"product_cat":[1609,1608,1607],"product_tag":[],"class_list":{"0":"post-93412","1":"product","2":"type-product","3":"status-publish","4":"has-post-thumbnail","6":"product_brand-por-renato-albino-lana-ferreira-de-souza-autor-formato-ebook-kindle","7":"product_cat-direito","8":"product_cat-ebooks-kindle","9":"product_cat-loja-kindle","11":"first","12":"instock","13":"shipping-taxable","14":"purchasable","15":"product-type-simple"},"aioseo_notices":[],"_links":{"self":[{"href":"https:\/\/www.ecommerceupdate.com.br\/pl\/wp-json\/wp\/v2\/product\/93412","targetHints":{"allow":["GET"]}}],"collection":[{"href":"https:\/\/www.ecommerceupdate.com.br\/pl\/wp-json\/wp\/v2\/product"}],"about":[{"href":"https:\/\/www.ecommerceupdate.com.br\/pl\/wp-json\/wp\/v2\/types\/product"}],"replies":[{"embeddable":true,"href":"https:\/\/www.ecommerceupdate.com.br\/pl\/wp-json\/wp\/v2\/comments?post=93412"}],"wp:featuredmedia":[{"embeddable":true,"href":"https:\/\/www.ecommerceupdate.com.br\/pl\/wp-json\/wp\/v2\/product\/93412"}],"wp:attachment":[{"href":"https:\/\/www.ecommerceupdate.com.br\/pl\/wp-json\/wp\/v2\/media?parent=93412"}],"wp:term":[{"taxonomy":"product_cat","embeddable":true,"href":"https:\/\/www.ecommerceupdate.com.br\/pl\/wp-json\/wp\/v2\/product_cat?post=93412"},{"taxonomy":"product_tag","embeddable":true,"href":"https:\/\/www.ecommerceupdate.com.br\/pl\/wp-json\/wp\/v2\/product_tag?post=93412"}],"curies":[{"name":"wp","href":"https:\/\/api.w.org\/{rel}","templated":true}]}}