{"id":93554,"date":"2026-03-04T20:17:15","date_gmt":"2026-03-04T23:17:15","guid":{"rendered":"https:\/\/www.ecommerceupdate.com.br\/produto\/universo-do-e-commerce\/"},"modified":"2026-04-14T18:52:01","modified_gmt":"2026-04-14T21:52:01","slug":"universo-do-e-commerce","status":"publish","type":"product","link":"https:\/\/www.ecommerceupdate.com.br\/pl\/produto\/universo-do-e-commerce\/","title":{"rendered":"Wszech\u015bwiat e-commerce"},"content":{"rendered":"<div class=\"woocommerce-product-details\"><\/div>","protected":false},"excerpt":{"rendered":"<p>Wszech\u015bwiat E-commerce zosta\u0142 napisany dla tych, kt\u00f3rzy interesuj\u0105 si\u0119 handlem elektronicznym lub kt\u00f3rzy ju\u017c dzia\u0142aj\u0105 z kana\u0142ami cyfrowymi i chc\u0105 pozna\u0107 nowe techniki i koncepcje.Ta ksi\u0105\u017cka powinna przekazywa\u0107 wiedz\u0119 w spos\u00f3b, kt\u00f3ry dzia\u0142a jako przewodnik, aby zaoferowa\u0107 makro spojrzenie na wszystko, co wi\u0105\u017ce si\u0119 z handlem elektronicznym. Destrinching tematy zwi\u0105zane z modelami biznesowymi i operacjami, punktami marketingowymi, us\u0142ugami i logistyk\u0105, a tak\u017ce tematy zwi\u0105zane z technologi\u0105, systemami i integracjami, dost\u0119pno\u015bci\u0105 i bezpiecze\u0144stwem informacji. Dla bardziej do\u015bwiadczonych czytelnik\u00f3w ta ksi\u0105\u017cka mo\u017ce s\u0142u\u017cy\u0107 jako kana\u0142 konsultacyjny, w kt\u00f3rym ka\u017cdy rozdzia\u0142 mo\u017ce zajmowa\u0107 si\u0119 konkretnymi kwestiami i zwi\u0105zanymi z jej dzia\u0142aniem. Czytelnicy, kt\u00f3rzy rozpoczynaj\u0105 podr\u00f3\u017c po tym \u015bwiecie, mog\u0105 pozytywnie wykorzysta\u0107 ten rozdzia\u0142, dzi\u0119ki temu.<\/p>","protected":false},"featured_media":93554,"comment_status":"open","ping_status":"closed","template":"","meta":{"_aipt_faq_data":""},"product_cat":[1653,1730,1595],"product_tag":[],"class_list":{"0":"post-93554","1":"product","2":"type-product","3":"status-publish","4":"has-post-thumbnail","6":"product_brand-por-fellipe-guimares-autor-formato-ebook-kindle","7":"product_cat-educacao-referencia-e-didaticos","8":"product_cat-escolas-e-ensino","9":"product_cat-livros","11":"first","12":"instock","13":"shipping-taxable","14":"purchasable","15":"product-type-simple"},"aioseo_notices":[],"_links":{"self":[{"href":"https:\/\/www.ecommerceupdate.com.br\/pl\/wp-json\/wp\/v2\/product\/93554","targetHints":{"allow":["GET"]}}],"collection":[{"href":"https:\/\/www.ecommerceupdate.com.br\/pl\/wp-json\/wp\/v2\/product"}],"about":[{"href":"https:\/\/www.ecommerceupdate.com.br\/pl\/wp-json\/wp\/v2\/types\/product"}],"replies":[{"embeddable":true,"href":"https:\/\/www.ecommerceupdate.com.br\/pl\/wp-json\/wp\/v2\/comments?post=93554"}],"wp:featuredmedia":[{"embeddable":true,"href":"https:\/\/www.ecommerceupdate.com.br\/pl\/wp-json\/wp\/v2\/product\/93554"}],"wp:attachment":[{"href":"https:\/\/www.ecommerceupdate.com.br\/pl\/wp-json\/wp\/v2\/media?parent=93554"}],"wp:term":[{"taxonomy":"product_cat","embeddable":true,"href":"https:\/\/www.ecommerceupdate.com.br\/pl\/wp-json\/wp\/v2\/product_cat?post=93554"},{"taxonomy":"product_tag","embeddable":true,"href":"https:\/\/www.ecommerceupdate.com.br\/pl\/wp-json\/wp\/v2\/product_tag?post=93554"}],"curies":[{"name":"wp","href":"https:\/\/api.w.org\/{rel}","templated":true}]}}