{"id":93562,"date":"2026-03-04T20:18:44","date_gmt":"2026-03-04T23:18:44","guid":{"rendered":"https:\/\/www.ecommerceupdate.com.br\/produto\/claude-code-for-e-commerce-build-automate-and-scale-sales-in-a-week-english-edition\/"},"modified":"2026-03-13T15:36:29","modified_gmt":"2026-03-13T18:36:29","slug":"claude-code-for-e-commerce-build-automate-and-scale-sales-in-a-week-english-edition","status":"publish","type":"product","link":"https:\/\/www.ecommerceupdate.com.br\/pl\/produto\/claude-code-for-e-commerce-build-automate-and-scale-sales-in-a-week-english-edition\/","title":{"rendered":"Kod Claude'a dla handlu elektronicznego: buduj, automatyzuj i skaluj sprzeda\u017c w ci\u0105gu tygodnia (wydanie angielskie)"},"content":{"rendered":"<div class=\"woocommerce-product-details\">\n<h3>Szczeg\u00f3\u0142y produktu<\/h3>\n<ul>\n<li>ASIN: B0GQNK4BY6<\/li>\n<li>Dost\u0119pno\u015b\u0107: Dowiedz si\u0119 wi\u0119cej<\/li>\n<li>Data publikacji: 28 lutego 2026 r<\/li>\n<li>J\u0119zyk: angielski<\/li>\n<li>Rozmiar pliku: 434 KB<\/li>\n<li>Czytnik ekranu: Kompatybilny<\/li>\n<li>Konfiguracja czcionki: W\u0142\u0105czone<\/li>\n<li>X-Ray: Nie w\u0142\u0105czony<\/li>\n<li>Wskaz\u00f3wki dotycz\u0105ce s\u0142ownictwa: W\u0142\u0105czone<\/li>\n<li>Liczba stron: 318 stron<\/li>\n<li>Przerzucanie strony: W\u0142\u0105czone<\/li>\n<li>Ranking bestseller\u00f3w: nr 69 415 w Kindle Store (spotkaj si\u0119 ze 100 najlepszymi w kategorii Kindle Store) nr 21 w importowanym marketingu internetowym nr 43 w ksi\u0105\u017ckach referencyjnych dotycz\u0105cych umiej\u0119tno\u015bci biurowych nr 72 w importowanej sprzeda\u017cy i sprzedawcach<\/li>\n<li>21 W Importowany Marketing Internetowy<\/li>\n<li>43 W ksi\u0105\u017ckach referencyjnych umiej\u0119tno\u015bci biurowych<\/li>\n<li>72 W Importowane na Sprzeda\u017cy i Sprzedawc\u00f3w<\/li>\n<\/ul><\/div>","protected":false},"excerpt":{"rendered":"<p>Zbuduj sw\u00f3j sklep z artyku\u0142ami e-commerce w ci\u0105gu jednego tygodnia, korzystaj\u0105c ze sztucznej inteligencji, bez konieczno\u015bci kodowania. Wi\u0119kszo\u015b\u0107 w\u0142a\u015bcicieli sp\u0119dza miesi\u0105ce uwi\u0119ziona w piekle programistycznym, spalaj\u0105c tysi\u0105ce programist\u00f3w, kt\u00f3rzy nie zdadz\u0105 egzaminu w po\u0142owie projektu, lub platform, kt\u00f3re blokuj\u0105 ich w miesi\u0119cznych op\u0142atach. Ta ksi\u0105\u017cka (posiadasz programy, u\u017cywaj\u0105c Claude Code, narz\u0119dzie AI, kt\u00f3re dzia\u0142a w trybie gotowym do produkcji z zwyk\u0142ego angielskiego, po kt\u00f3rym nast\u0119puje wdro\u017cenie programu i wreszcie wynik, wed\u0142ug Ciebie, przy u\u017cyciu Claude Code, narz\u0119dzia AI, kt\u00f3re m\u00f3wi gotowy do produkcji kod ze zwyk\u0142ych instrukcji angielskich.<br \/>io Buduj strony produkt\u00f3w, koszyki i przep\u0142ywy kasowe za pomoc\u0105 Next.js i Supabase<br \/>^Zintegruj p\u0142atno\u015bci Stripe, zautomatyzowane sekwencje e-maili i przep\u0142ywy pracy zwi\u0105zane z realizacj\u0105<br \/>Tw\u00f3rz rekomendacje produkt\u00f3w oparte na sztucznej inteligencji, kt\u00f3re zwi\u0119kszaj\u0105 \u015bredni\u0105 warto\u015b\u0107 zam\u00f3wienia o 20-30%<br \/>Wdro\u017cy\u0107 wyszukiwanie Algolia i optymalizacj\u0119 SEO dla maksymalnej wykrywalno\u015bci<br \/>^buduj pulpity administracyjne do zarz\u0105dzania zapasami, zam\u00f3wieniami i danymi klient\u00f3w<br \/>2. Pracodawcy agent\u00f3w sztucznej inteligencji do obs\u0142ugi klienta, zmiany kolejno\u015bci zapas\u00f3w i ustalania cen. Nowoczesny stos technologii handlu elektronicznego: naucz si\u0119 korzysta\u0107 z tych samych udzia\u0142\u00f3w Next.js, Supabase, Stripe i Vercel, zasilaj\u0105c sklepy warte milion dolar\u00f3w. Kod Claude radzi sobie ze z\u0142o\u017cono\u015bci\u0105 techniczn\u0105, podczas gdy Ty skupiasz si\u0119 na decyzje biznesowe. Automatyzacja skaluj\u0105ca Twoj\u0105 firm\u0119: Buduj sztuczn\u0105 inteligencj\u0119 obs\u0142uguj zapytania za pomoc\u0105 zam\u00f3wienia na \u017cywo.<\/p>","protected":false},"featured_media":93562,"comment_status":"open","ping_status":"closed","template":"","meta":[],"product_cat":[1608,1628,1607],"product_tag":[],"class_list":{"0":"post-93562","1":"product","2":"type-product","3":"status-publish","4":"has-post-thumbnail","6":"product_brand-edicao-ingls-por-chris-sullivan-autor-formato-ebook-kindle","7":"product_cat-ebooks-kindle","8":"product_cat-ingles-e-outras-linguas","9":"product_cat-loja-kindle","11":"first","12":"instock","13":"shipping-taxable","14":"purchasable","15":"product-type-simple"},"aioseo_notices":[],"_links":{"self":[{"href":"https:\/\/www.ecommerceupdate.com.br\/pl\/wp-json\/wp\/v2\/product\/93562","targetHints":{"allow":["GET"]}}],"collection":[{"href":"https:\/\/www.ecommerceupdate.com.br\/pl\/wp-json\/wp\/v2\/product"}],"about":[{"href":"https:\/\/www.ecommerceupdate.com.br\/pl\/wp-json\/wp\/v2\/types\/product"}],"replies":[{"embeddable":true,"href":"https:\/\/www.ecommerceupdate.com.br\/pl\/wp-json\/wp\/v2\/comments?post=93562"}],"wp:featuredmedia":[{"embeddable":true,"href":"https:\/\/www.ecommerceupdate.com.br\/pl\/wp-json\/wp\/v2\/product\/93562"}],"wp:attachment":[{"href":"https:\/\/www.ecommerceupdate.com.br\/pl\/wp-json\/wp\/v2\/media?parent=93562"}],"wp:term":[{"taxonomy":"product_cat","embeddable":true,"href":"https:\/\/www.ecommerceupdate.com.br\/pl\/wp-json\/wp\/v2\/product_cat?post=93562"},{"taxonomy":"product_tag","embeddable":true,"href":"https:\/\/www.ecommerceupdate.com.br\/pl\/wp-json\/wp\/v2\/product_tag?post=93562"}],"curies":[{"name":"wp","href":"https:\/\/api.w.org\/{rel}","templated":true}]}}