{"id":93567,"date":"2026-03-04T20:20:46","date_gmt":"2026-03-04T23:20:46","guid":{"rendered":"https:\/\/www.ecommerceupdate.com.br\/produto\/transformando-palavras-em-dinheiro\/"},"modified":"2026-03-06T05:53:27","modified_gmt":"2026-03-06T08:53:27","slug":"transformando-palavras-em-dinheiro","status":"publish","type":"product","link":"https:\/\/www.ecommerceupdate.com.br\/pl\/produto\/transformando-palavras-em-dinheiro\/","title":{"rendered":"Zamienianie s\u0142\u00f3w w pieni\u0105dze"},"content":{"rendered":"<div class=\"woocommerce-product-details\">\n<div id=\"aplus_feature_div\" class=\"celwidget\" data-feature-name=\"aplus\" data-csa-c-type=\"widget\" data-csa-c-content-id=\"aplus\" data-csa-c-slot-id=\"aplus_feature_div\" data-csa-c-asin=\"\" data-csa-c-is-in-initial-active-row=\"false\">\n<div id=\"aplus\" class=\"a-section a-spacing-large bucket\">\n<h3 class=\"\">Od wydawcy<\/h3>\n<div lang=\"pt_BR\">\n<div class=\"aplus-v2 desktop celwidget\">\n<div class=\"celwidget aplus-module module-12 aplus-standard\">\n<div class=\"aplus-module-wrapper apm-spacing apm-floatnone apm-fixed-width\">\n<div class=\"apm-sidemodule aplus-module-content\">\n<div class=\"apm-hero-image\"> <img decoding=\"async\" alt=\"img 2\" src=\"https:\/\/m.media-amazon.com\/images\/S\/aplus-media-library-service-media\/4658e758-7cbe-4637-a1ff-34cc95cb8892.__CR0,0,970,300_PT0_SX970_V1___.jpg\" \/> <\/div>\n<\/p>\n<\/div>\n<\/div>\n<\/div>\n<div class=\"celwidget aplus-module module-3 aplus-standard\">\n<div class=\"aplus-module-wrapper apm-floatnone apm-fixed-width\">\n<div class=\"apm-sidemodule apm-spacing\">\n<div class=\"apm-sidemodule-imageright\"> <img decoding=\"async\" alt=\"autor\" src=\"https:\/\/m.media-amazon.com\/images\/S\/aplus-media-library-service-media\/99c0523a-cf47-4673-8543-2136262da1ca.__CR0,0,300,300_PT0_SX300_V1___.jpg\" \/> <\/div>\n<div class=\"apm-sidemodule-textleft\">\n<h3 class=\"a-spacing-mini\"> Autor <\/h3>\n<p> <span class=\"a-text-bold\">Ikar de Carvalho<\/span> jest przedsi\u0119biorc\u0105, komunikatorem i strategiem cyfrowym. Odpowiada\u0142 za marketing cyfrowy takich projekt\u00f3w jak Brazil Parallel, The Code of Wealth i Avenue Securities. Jest za\u0142o\u017cycielem O Novo Mercado, najszybciej rozwijaj\u0105cej si\u0119 szko\u0142y marketingu cyfrowego, sprzeda\u017cy i sieci spo\u0142eczno\u015bciowych w kraju. By\u0142 tw\u00f3rc\u0105 terminu \u201cstage przedsi\u0119biorczo\u015b\u0107\u201d i krytycznie odnosi si\u0119 do \u0142atwych i szybkich rozwi\u0105za\u0144, kt\u00f3re mo\u017cna zobaczy\u0107 w Internecie. Jest \u017conaty z Ann\u0105 i ojcem tr\u00f3jki dzieci. <\/p>\n<\/p>\n<\/div>\n<\/div>\n<\/div>\n<\/div>\n<div class=\"celwidget aplus-module module-12 aplus-standard\">\n<div class=\"aplus-module-wrapper apm-spacing apm-floatnone apm-fixed-width\">\n<div class=\"apm-sidemodule aplus-module-content\">\n<div class=\"apm-hero-image\"> <img decoding=\"async\" alt=\"img 1\" src=\"https:\/\/m.media-amazon.com\/images\/S\/aplus-media-library-service-media\/669fd07b-f2d2-4441-80bf-26e6b3de4a27.__CR0,0,970,300_PT0_SX970_V1___.jpg\" \/> <\/div>\n<\/p>\n<\/div>\n<\/div>\n<\/div>\n<\/div>\n<\/div>\n<\/div>\n<\/div>\n<h3>Szczeg\u00f3\u0142y produktu<\/h3>\n<ul>\n<li>Wydawca: Buzz Publisher<\/li>\n<li>Data publikacji: 3 lutego 2020 r<\/li>\n<li>Wydanie: 1a<\/li>\n<li>J\u0119zyk: Portugalski<\/li>\n<li>Liczba stron: 176 stron<\/li>\n<li>ISBN-10:6580435445<\/li>\n<li>ISBN-13:978-6580435449<\/li>\n<li>Waga produktu: 800g<\/li>\n<li>Wiek czytania: 14 lat i wi\u0119cej<\/li>\n<li>Wymiary: 22,8 x 15,6 x 1,2 cm<\/li>\n<li>Ranking bestseller\u00f3w: nr 36 808 w kategorii ksi\u0105\u017cki (spotkaj si\u0119 ze 100 najlepszymi w kategorii ksi\u0105\u017cki) nr 44 w marketingu internetowym nr 154 w marketingu nr 402 w dziedzinie nauk o zarz\u0105dzaniu przedsi\u0119biorstwem<\/li>\n<li>44 W Marketingu Internetowym<\/li>\n<li>154 W Marketingu<\/li>\n<li>402 W Nauka o zarz\u0105dzaniu przedsi\u0119biorstwem<\/li>\n<li>Recenzje klient\u00f3w: 4,6 4,6 z 5 gwiazdek (3579)<\/li>\n<\/ul><\/div>","protected":false},"excerpt":{"rendered":"<p>Copywriting mo\u017cna opisa\u0107 jako zdolno\u015b\u0107 do zamiany s\u0142\u00f3w na pieni\u0105dzeProdukuj zainteresowanie zamiast reklamy Ka\u017cdego dnia mamy wp\u0142yw na tysi\u0105ce reklam Je\u015bli dzisiaj uzyska\u0142e\u015b dost\u0119p do sieci spo\u0142eczno\u015bciowych, jest ca\u0142kiem prawdopodobne, \u017ce widzia\u0142e\u015b ich dziesi\u0105tki Czy pami\u0119tasz ostatni Prawie nikt nie mo\u017ce Tre\u015b\u0107 jest jedynym rodzajem reklamy, kt\u00f3ry ca\u0142y czas produkujesz, a klient wci\u0105\u017c prosi o wi\u0119cej Ta ksi\u0105\u017cka skupia 42 najlepsze techniki perswazji, marketing i sprzeda\u017c przetestowane przez Icaro de Carvalho Prawdziwy prezent Jest to podr\u0119cznik, kt\u00f3ry znajdziesz najbardziej liberaln\u0105 komunikacj\u0119, inteligentn\u0105 i wydajn\u0105.<\/p>","protected":false},"featured_media":93567,"comment_status":"open","ping_status":"closed","template":"","meta":[],"product_cat":[1611,1621,1595],"product_tag":[],"class_list":{"0":"post-93567","1":"product","2":"type-product","3":"status-publish","4":"has-post-thumbnail","6":"product_brand-edicao-portugus-por-caro-carvalho-autor","7":"product_cat-administracao-negocios-e-economia","8":"product_cat-gestao-e-lideranca","9":"product_cat-livros","11":"first","12":"instock","13":"sale","14":"shipping-taxable","15":"purchasable","16":"product-type-simple"},"aioseo_notices":[],"_links":{"self":[{"href":"https:\/\/www.ecommerceupdate.com.br\/pl\/wp-json\/wp\/v2\/product\/93567","targetHints":{"allow":["GET"]}}],"collection":[{"href":"https:\/\/www.ecommerceupdate.com.br\/pl\/wp-json\/wp\/v2\/product"}],"about":[{"href":"https:\/\/www.ecommerceupdate.com.br\/pl\/wp-json\/wp\/v2\/types\/product"}],"replies":[{"embeddable":true,"href":"https:\/\/www.ecommerceupdate.com.br\/pl\/wp-json\/wp\/v2\/comments?post=93567"}],"wp:featuredmedia":[{"embeddable":true,"href":"https:\/\/www.ecommerceupdate.com.br\/pl\/wp-json\/wp\/v2\/product\/93567"}],"wp:attachment":[{"href":"https:\/\/www.ecommerceupdate.com.br\/pl\/wp-json\/wp\/v2\/media?parent=93567"}],"wp:term":[{"taxonomy":"product_cat","embeddable":true,"href":"https:\/\/www.ecommerceupdate.com.br\/pl\/wp-json\/wp\/v2\/product_cat?post=93567"},{"taxonomy":"product_tag","embeddable":true,"href":"https:\/\/www.ecommerceupdate.com.br\/pl\/wp-json\/wp\/v2\/product_tag?post=93567"}],"curies":[{"name":"wp","href":"https:\/\/api.w.org\/{rel}","templated":true}]}}