{"id":93579,"date":"2026-03-04T20:39:06","date_gmt":"2026-03-04T23:39:06","guid":{"rendered":"https:\/\/www.ecommerceupdate.com.br\/produto\/marketing-with-ai-for-dummies\/"},"modified":"2026-03-13T15:38:25","modified_gmt":"2026-03-13T18:38:25","slug":"marketing-with-ai-for-dummies","status":"publish","type":"product","link":"https:\/\/www.ecommerceupdate.com.br\/pl\/produto\/marketing-with-ai-for-dummies\/","title":{"rendered":"Marketing z AI dla opornych"},"content":{"rendered":"<div class=\"woocommerce-product-details\">\n<h3>Szczeg\u00f3\u0142y produktu<\/h3>\n<ul>\n<li>Wydawca: For Dummies<\/li>\n<li>Data publikacji: 1 pa\u017adziernika 2024 r<\/li>\n<li>Wydanie: 1a<\/li>\n<li>J\u0119zyk: angielski<\/li>\n<li>Liczba stron: 400 stron<\/li>\n<li>ISBN-10:1394237197<\/li>\n<li>ISBN-13:978-1394237197<\/li>\n<li>Waga produktu: 716g<\/li>\n<li>Wymiary: 18,8 x 2,79 x 23,11 cm<\/li>\n<li>Ranking bestseller\u00f3w: nr 545 832 w kategorii Ksi\u0105\u017cki (spotkaj si\u0119 ze 100 najlepszych w kategorii Ksi\u0105\u017cki) nr 160 w importowanych badaniach marketingowych nr 366 w importowanym marketingu internetowym<\/li>\n<li>160 W Importowane Badania Marketingowe<\/li>\n<li>366 W Importowany Marketing Internetowy<\/li>\n<li>Opinie klient\u00f3w: 4.7 4.7 z 5 gwiazdek (21)<\/li>\n<\/ul><\/div>","protected":false},"excerpt":{"rendered":"<p>B\u0105d\u017a na czele gry marketingowej, wykorzystuj\u0105c si\u0142\u0119 sztucznej inteligencji. Marketing za pomoc\u0105 sztucznej inteligencji For Dummies to wprowadzenie do rewolucji, kt\u00f3ra ma miejsce w bran\u017cy marketingowej, dzi\u0119ki narz\u0119dziom sztucznej inteligencji, kt\u00f3re mog\u0105 tworzy\u0107 tekst, obrazy, d\u017awi\u0119k, wideo, strony internetowe i poza ni\u0105. Ta ksi\u0105\u017cka przedstawia wiedz\u0119 wiod\u0105cych mened\u017cer\u00f3w zajmuj\u0105cych si\u0119 marketingiem Shiv Single na temat tego, jak sztuczna inteligencja zmieni marketing, pomagaj\u0105c nowym i do\u015bwiadczonym marketerom w radzeniu sobie z planami marketingowymi sztucznej inteligencji, tre\u015bciami, technologiami kreatywnymi i si\u0142ami zarzut\u00f3w oraz lokalizacj\u0105.<span>Rzu\u0107 okiem na wewn\u0119trzne dzia\u0142anie narz\u0119dzi marketingowych AI, aby zobaczy\u0107, jak najlepiej wykorzysta\u0107 ich mo\u017cliwo\u015bci<\/span>Rzu\u0107 okiem na wewn\u0119trzne dzia\u0142anie narz\u0119dzi marketingowych AI, aby zobaczy\u0107, jak najlepiej wykorzysta\u0107 ich mo\u017cliwo\u015bci<span>Identyfikuj klient\u00f3w, tw\u00f3rz tre\u015bci, dostosowuj zasi\u0119g i dostosowuj do\u015bwiadczenia klient\u00f3w za pomoc\u0105 sztucznej inteligencji<\/span>Identyfikuj klient\u00f3w, tw\u00f3rz tre\u015bci, dostosowuj zasi\u0119g i dostosowuj do\u015bwiadczenia klient\u00f3w za pomoc\u0105 sztucznej inteligencji<span>Zastan\u00f3w si\u0119, w jaki spos\u00f3b mo\u017cna przywr\u00f3ci\u0107 Tw\u00f3j zesp\u00f3\u0142, dzia\u0142 lub organizacj\u0119 do dzia\u0142ania w \u015bwiecie obs\u0142uguj\u0105cym sztuczn\u0105 inteligencj\u0119<\/span>Zastan\u00f3w si\u0119, w jaki spos\u00f3b mo\u017cna przywr\u00f3ci\u0107 Tw\u00f3j zesp\u00f3\u0142, dzia\u0142 lub organizacj\u0119 do dzia\u0142ania w \u015bwiecie obs\u0142uguj\u0105cym sztuczn\u0105 inteligencj\u0119<span>Ucz si\u0119 na cennych studiach przypadk\u00f3w, kt\u00f3re pokazuj\u0105, jak du\u017ce organizacje wykorzystuj\u0105 sztuczn\u0105 inteligencj\u0119 w swoich kampaniach<\/span>Ucz si\u0119 na cennych studiach przypadk\u00f3w, kt\u00f3re pokazuj\u0105, jak du\u017ce organizacje wykorzystuj\u0105 sztuczn\u0105 inteligencj\u0119 w swoich kampaniach<br \/>Ten \u0142atwy do zrozumienia przewodnik Dummies jest idealny dla marketer\u00f3w na wszystkich poziomach, a tak\u017ce tych, kt\u00f3rzy nosz\u0105 kapelusz marketingowy tylko okazjonalnie Niezale\u017cnie od Twojego do\u015bwiadczenia zawodowego, Marketing z AI For Dummies wykorzysta Ci\u0119 w przysz\u0142o\u015bci marketingu.<\/p>","protected":false},"featured_media":93579,"comment_status":"open","ping_status":"closed","template":"","meta":[],"product_cat":[1611,1595,1610],"product_tag":[],"class_list":{"0":"post-93579","1":"product","2":"type-product","3":"status-publish","4":"has-post-thumbnail","6":"product_brand-edicao-ingls-por-shiv-singh-autor","7":"product_cat-administracao-negocios-e-economia","8":"product_cat-livros","9":"product_cat-livros-internacionais","11":"first","12":"instock","13":"shipping-taxable","14":"purchasable","15":"product-type-simple"},"aioseo_notices":[],"_links":{"self":[{"href":"https:\/\/www.ecommerceupdate.com.br\/pl\/wp-json\/wp\/v2\/product\/93579","targetHints":{"allow":["GET"]}}],"collection":[{"href":"https:\/\/www.ecommerceupdate.com.br\/pl\/wp-json\/wp\/v2\/product"}],"about":[{"href":"https:\/\/www.ecommerceupdate.com.br\/pl\/wp-json\/wp\/v2\/types\/product"}],"replies":[{"embeddable":true,"href":"https:\/\/www.ecommerceupdate.com.br\/pl\/wp-json\/wp\/v2\/comments?post=93579"}],"wp:featuredmedia":[{"embeddable":true,"href":"https:\/\/www.ecommerceupdate.com.br\/pl\/wp-json\/wp\/v2\/product\/93579"}],"wp:attachment":[{"href":"https:\/\/www.ecommerceupdate.com.br\/pl\/wp-json\/wp\/v2\/media?parent=93579"}],"wp:term":[{"taxonomy":"product_cat","embeddable":true,"href":"https:\/\/www.ecommerceupdate.com.br\/pl\/wp-json\/wp\/v2\/product_cat?post=93579"},{"taxonomy":"product_tag","embeddable":true,"href":"https:\/\/www.ecommerceupdate.com.br\/pl\/wp-json\/wp\/v2\/product_tag?post=93579"}],"curies":[{"name":"wp","href":"https:\/\/api.w.org\/{rel}","templated":true}]}}