{"id":93592,"date":"2026-03-05T09:10:47","date_gmt":"2026-03-05T12:10:47","guid":{"rendered":"https:\/\/www.ecommerceupdate.com.br\/produto\/how-to-kickstart-an-online-marketplace-the-foundations-for-success\/"},"modified":"2026-03-13T15:38:47","modified_gmt":"2026-03-13T18:38:47","slug":"how-to-kickstart-an-online-marketplace-the-foundations-for-success","status":"publish","type":"product","link":"https:\/\/www.ecommerceupdate.com.br\/pl\/produto\/how-to-kickstart-an-online-marketplace-the-foundations-for-success\/","title":{"rendered":"Jak uruchomi\u0107 rynek internetowy: podstawy sukcesu"},"content":{"rendered":"<div class=\"woocommerce-product-details\">\n<h3>Szczeg\u00f3\u0142y produktu<\/h3>\n<ul>\n<li>ASIN: B0B4HTRFQP<\/li>\n<li>Wydawca: Niezale\u017cnie opublikowane<\/li>\n<li>Data publikacji: 10 czerwca 2022 r<\/li>\n<li>J\u0119zyk: angielski<\/li>\n<li>Liczba stron: 98 stron<\/li>\n<li>ISBN-13:979-8824401271<\/li>\n<li>Waga produktu: 163g<\/li>\n<li>Wymiary: 12,7 x 0,64 x 20,32 cm<\/li>\n<li>Ranking bestseller\u00f3w: nr 539 w kategorii Importowane na nowe przedsi\u0119wzi\u0119cia nr 2368 w kategorii Importowane na przedsi\u0119biorstwa<\/li>\n<li>2368 w Importowane na Enterprise<\/li>\n<li>Opinie klient\u00f3w: 4.0 4.0 z 5 gwiazdek (4)<\/li>\n<\/ul><\/div>","protected":false},"excerpt":{"rendered":"<p>Czy chcesz rozpocz\u0105\u0107 udany biznes na rynku? jak uruchomi\u0107 rynek internetowy: The Foundations for Success to sie\u0107 pe\u0142na praktycznych wskaz\u00f3wek dla ka\u017cdego, kto chce za\u0142o\u017cy\u0107 i rozwija\u0107 nowy rynek internetowy Wszystkie wskaz\u00f3wki s\u0105 zilustrowane przyk\u0142adami z niekt\u00f3rych prac wykonanych na \u015bwiecie.<br \/>Pochwa\u0142a dla \u201cJak za\u0142o\u017cy\u0107 rynek internetowy: Podstawy sukcesu\u201d Ksi\u0105\u017cka TIMEly zawieraj\u0105ca praktyczne porady dla za\u0142o\u017cycieli na podstawie przyk\u0142ad\u00f3w z \u017cycia wzi\u0119tych Je\u015bli chcesz rozpocz\u0105\u0107 w\u0142asn\u0105 dzia\u0142alno\u015b\u0107 internetow\u0105, jest to lektura obowi\u0105zkowa!\u201d<\/p>\n<p>~ Prof. dr Stefan Diemer, profesor mi\u0119dzynarodowej komunikacji biznesowej i biznesu cyfrowego na Uniwersytecie Nauk Stosowanych w Trewirze oraz dyrektor Instytutu Biznesu Mi\u0119dzynarodowego i Cyfrowego<\/p>\n<p>\u201ekompetentnie napisana ksi\u0105\u017cka pe\u0142na praktycznych porad dla ka\u017cdego nowego znalezionego rynku, kt\u00f3ry musi zrozumie\u0107 praktyki 0 gigant\u00f3w, takich jak Amazon, Airbnb czy Uber. Przedsi\u0119biorcy natychmiast czerpi\u0105 korzy\u015bci z wiedzy od samego pocz\u0105tku i za\u0142o\u017cenia swojego rynku do firmy wykonawczej.\u2018 <\/p>\n<p>~ Prof. dr Klaus Rick, profesor \u0142adu korporacyjnego, Uniwersytet Nauk Stosowanych w Trewirze<\/p>\n<p>Spis tre\u015bci:<\/p>\n<p>1 Wprowadzenie<br \/>1.1 Zakupy online<br \/>1.2 Gdzie odbywaj\u0105 si\u0119 zakupy online<br \/>2 Definicja rynku internetowego<br \/>2.1 Kluczowa cecha ka\u017cdego rynku internetowego<br \/>2.2 Rodzaje rynk\u00f3w internetowych<br \/>2.3 Internetowe rynki pracy<br \/>3 Konkretne czynniki sukcesu<br \/>3.1 Samodzielny produkt po jednej stronie rynku<br \/>3.2 Masowe tworzenie profili po stronie poda\u017cy<br \/>3.3 Ograniczanie rynku<br \/>3.4 Ukierunkowanie na podgrup\u0119, kt\u00f3ra najbardziej lubi si\u0119 zarejestrowa\u0107<br \/>3.5 Dotowanie jednej strony rynku<br \/>3.6 Nak\u0142adanie si\u0119 poda\u017cy i popytu<br \/>3.9 Widoczno\u015b\u0107 dzia\u0142alno\u015bci rynkowej<br \/>3.10 Zapobieganie dezintermediacji i wielonajemnictwu<br \/>3.11 Oferowanie korzy\u015bci gospodarczej<br \/>4 Og\u00f3lne czynniki sukcesu<br \/>4.1 Czas<br \/>4.2 Kierowanie ruchu na stron\u0119 internetow\u0105 rynku<br \/>4.3 \u015awietne do\u015bwiadczenie pierwszego klienta, aby zach\u0119ci\u0107 do przekazu ustnego<br \/>4.4 Zrozumienie psychologii cz\u0142owieka<br \/>5 Wnioski i perspektywy<\/p>","protected":false},"featured_media":93592,"comment_status":"open","ping_status":"closed","template":"","meta":[],"product_cat":[1611,1595,1610],"product_tag":[],"class_list":{"0":"post-93592","1":"product","2":"type-product","3":"status-publish","4":"has-post-thumbnail","6":"product_brand-edicao-ingls-por-andrija-mihalic-autor","7":"product_cat-administracao-negocios-e-economia","8":"product_cat-livros","9":"product_cat-livros-internacionais","11":"first","12":"instock","13":"shipping-taxable","14":"purchasable","15":"product-type-simple"},"aioseo_notices":[],"_links":{"self":[{"href":"https:\/\/www.ecommerceupdate.com.br\/pl\/wp-json\/wp\/v2\/product\/93592","targetHints":{"allow":["GET"]}}],"collection":[{"href":"https:\/\/www.ecommerceupdate.com.br\/pl\/wp-json\/wp\/v2\/product"}],"about":[{"href":"https:\/\/www.ecommerceupdate.com.br\/pl\/wp-json\/wp\/v2\/types\/product"}],"replies":[{"embeddable":true,"href":"https:\/\/www.ecommerceupdate.com.br\/pl\/wp-json\/wp\/v2\/comments?post=93592"}],"wp:featuredmedia":[{"embeddable":true,"href":"https:\/\/www.ecommerceupdate.com.br\/pl\/wp-json\/wp\/v2\/product\/93592"}],"wp:attachment":[{"href":"https:\/\/www.ecommerceupdate.com.br\/pl\/wp-json\/wp\/v2\/media?parent=93592"}],"wp:term":[{"taxonomy":"product_cat","embeddable":true,"href":"https:\/\/www.ecommerceupdate.com.br\/pl\/wp-json\/wp\/v2\/product_cat?post=93592"},{"taxonomy":"product_tag","embeddable":true,"href":"https:\/\/www.ecommerceupdate.com.br\/pl\/wp-json\/wp\/v2\/product_tag?post=93592"}],"curies":[{"name":"wp","href":"https:\/\/api.w.org\/{rel}","templated":true}]}}