{"id":93672,"date":"2026-03-05T14:06:47","date_gmt":"2026-03-05T17:06:47","guid":{"rendered":"https:\/\/www.ecommerceupdate.com.br\/produto\/guia-afiliados-mercado-livre\/"},"modified":"2026-03-13T15:43:52","modified_gmt":"2026-03-13T18:43:52","slug":"guia-afiliados-mercado-livre","status":"publish","type":"product","link":"https:\/\/www.ecommerceupdate.com.br\/pl\/produto\/guia-afiliados-mercado-livre\/","title":{"rendered":"Przewodnik partnerski na wolnym rynku"},"content":{"rendered":"<div class=\"woocommerce-product-details\">\n<h3>Szczeg\u00f3\u0142y produktu<\/h3>\n<ul>\n<li>ASIN: B0F9LP64RX<\/li>\n<li>Dost\u0119pno\u015b\u0107: Dowiedz si\u0119 wi\u0119cej<\/li>\n<li>Data publikacji: 21 maja 2025 r<\/li>\n<li>Wydanie: 1a<\/li>\n<li>J\u0119zyk: Portugalski<\/li>\n<li>Rozmiar pliku: 317 KB<\/li>\n<li>Czytnik ekranu: Kompatybilny<\/li>\n<li>Konfiguracja czcionki: W\u0142\u0105czone<\/li>\n<li>Wskaz\u00f3wki dotycz\u0105ce s\u0142ownictwa: Nie w\u0142\u0105czono<\/li>\n<li>Liczba stron: 2 strony<\/li>\n<li>Przerzucanie strony: W\u0142\u0105czone<\/li>\n<li>Wiek czytania: 10 18 lat<\/li>\n<\/ul><\/div>","protected":false},"excerpt":{"rendered":"<p>Mercado Livre Przewodnik partnerski<br \/>Jak wybra\u0107 idealny produkt i sprzedawa\u0107 z sukcesem<br \/>Przez EuEmEvolution2.0 io@euemevolution2.0<\/p>\n<p>Chcesz zarabia\u0107 pieni\u0105dze promuj\u0105c produkty bez konieczno\u015bci inwestowania w zapasy lub logistyk\u0119 Program partnerski Mercado Livre oferuje doskona\u0142\u0105 okazj\u0119 do generowania dochodu online, a ten przewodnik jest pierwszym krokiem do Twojego sukcesu!<\/p>\n<p>W tym eBooku dowiesz si\u0119.<\/p>\n<p>czym jest Program Partnerski Mercado Livre i jak dzia\u0142a<br \/>jak wybra\u0107 odpowiednie produkty do promowania, w oparciu o popyt i reputacj\u0119<br \/>skuteczne strategie zwi\u0119kszania sprzeda\u017cy jako partner<br \/>podstawowe narz\u0119dzia usprawniaj\u0105ce jego rozpowszechnianie i monitorowanie wynik\u00f3w<br \/>Skuteczne wskaz\u00f3wki, jak wyr\u00f3\u017cni\u0107 si\u0119 na rynku i generowa\u0107 sp\u00f3jne prowizje<\/p>\n<p>Idealny dla pocz\u0105tkuj\u0105cych lub kogokolwiek ju\u017c w \u015bwiecie partnerskim, ten przewodnik zapewnia wszystko, czego potrzebujesz, aby zacz\u0105\u0107 efektywnie sprzedawa\u0107. Je\u015bli chcesz zmieni\u0107 swoj\u0105 strategi\u0119 marketingu cyfrowego w sta\u0142e \u017ar\u00f3d\u0142o zysku, ten eBook jest dla Ciebie!<\/p>\n<p>Zacznij ju\u017c teraz i dowiedz si\u0119, jak wybra\u0107 najlepsze produkty i skutecznie promowa\u0107 Jed\u017amy razem w t\u0119 cyfrow\u0105 podr\u00f3\u017c sprzeda\u017cy!<\/p>","protected":false},"featured_media":93672,"comment_status":"open","ping_status":"closed","template":"","meta":[],"product_cat":[1611,1595,1618],"product_tag":[],"class_list":{"0":"post-93672","1":"product","2":"type-product","3":"status-publish","4":"has-post-thumbnail","6":"product_brand-por-euem-evoluo2-0-autor-formato-ebook-kindle","7":"product_cat-administracao-negocios-e-economia","8":"product_cat-livros","9":"product_cat-marketing-e-vendas","11":"first","12":"instock","13":"shipping-taxable","14":"purchasable","15":"product-type-simple"},"aioseo_notices":[],"_links":{"self":[{"href":"https:\/\/www.ecommerceupdate.com.br\/pl\/wp-json\/wp\/v2\/product\/93672","targetHints":{"allow":["GET"]}}],"collection":[{"href":"https:\/\/www.ecommerceupdate.com.br\/pl\/wp-json\/wp\/v2\/product"}],"about":[{"href":"https:\/\/www.ecommerceupdate.com.br\/pl\/wp-json\/wp\/v2\/types\/product"}],"replies":[{"embeddable":true,"href":"https:\/\/www.ecommerceupdate.com.br\/pl\/wp-json\/wp\/v2\/comments?post=93672"}],"wp:featuredmedia":[{"embeddable":true,"href":"https:\/\/www.ecommerceupdate.com.br\/pl\/wp-json\/wp\/v2\/product\/93672"}],"wp:attachment":[{"href":"https:\/\/www.ecommerceupdate.com.br\/pl\/wp-json\/wp\/v2\/media?parent=93672"}],"wp:term":[{"taxonomy":"product_cat","embeddable":true,"href":"https:\/\/www.ecommerceupdate.com.br\/pl\/wp-json\/wp\/v2\/product_cat?post=93672"},{"taxonomy":"product_tag","embeddable":true,"href":"https:\/\/www.ecommerceupdate.com.br\/pl\/wp-json\/wp\/v2\/product_tag?post=93672"}],"curies":[{"name":"wp","href":"https:\/\/api.w.org\/{rel}","templated":true}]}}