{"id":93852,"date":"2026-03-05T21:52:23","date_gmt":"2026-03-06T00:52:23","guid":{"rendered":"https:\/\/www.ecommerceupdate.com.br\/produto\/inteligencia-artificial-no-varejo\/"},"modified":"2026-03-13T15:45:51","modified_gmt":"2026-03-13T18:45:51","slug":"inteligencia-artificial-no-varejo","status":"publish","type":"product","link":"https:\/\/www.ecommerceupdate.com.br\/pl\/produto\/inteligencia-artificial-no-varejo\/","title":{"rendered":"Sztuczna inteligencja w handlu detalicznym"},"content":{"rendered":"<div class=\"woocommerce-product-details\">\n<div id=\"aplus_feature_div\" class=\"celwidget\" data-feature-name=\"aplus\" data-csa-c-type=\"widget\" data-csa-c-content-id=\"aplus\" data-csa-c-slot-id=\"aplus_feature_div\" data-csa-c-asin=\"\" data-csa-c-is-in-initial-active-row=\"false\">\n<div id=\"aplus\" class=\"a-section a-spacing-large bucket\">\n<h3 class=\"\">Od wydawcy<\/h3>\n<div lang=\"pt_BR\">\n<div class=\"aplus-v2 desktop celwidget\">\n<div class=\"celwidget aplus-module module-11 aplus-standard\">\n<div class=\"aplus-module-wrapper apm-spacing apm-floatnone apm-fixed-width\">\n<div class=\"apm-sidemodule aplus-module-content\">\n<div class=\"apm-hero-image\"> <img decoding=\"async\" alt=\"XGDRG\" src=\"https:\/\/m.media-amazon.com\/images\/S\/aplus-media-library-service-media\/081a47f9-e2f0-488b-b95a-092c08b657f5.__CR0,6,3074,951_PT0_SX970_V1___.png\" \/> <\/div>\n<\/p>\n<\/div>\n<\/div>\n<\/div>\n<div class=\"celwidget aplus-module module-2 aplus-standard\">\n<div class=\"aplus-module-wrapper apm-floatnone apm-fixed-width\">\n<div class=\"apm-sidemodule apm-spacing\">\n<div class=\"apm-sidemodule-imageleft\"> <img decoding=\"async\" alt=\"TRHT\" src=\"https:\/\/m.media-amazon.com\/images\/S\/aplus-media-library-service-media\/428832d2-17ea-448b-a1a4-de491100e331.__CR0,0,390,390_PT0_SX300_V1___.png\" \/> <\/div>\n<div class=\"apm-sidemodule-textright\">\n<h3 class=\"a-spacing-mini\"> Sztuczna inteligencja w handlu detalicznym <\/h3>\n<p> W \u201cSztuczna inteligencja w handlu detalicznym\u201d Eduardo Terra przedstawia dog\u0142\u0119bn\u0105 analiz\u0119 przemian, jakie sztuczna inteligencja (AI) inicjuje we wsp\u00f3\u0142czesnym krajobrazie handlu detalicznego. Od logistyki po obs\u0142ug\u0119 klienta autor bada, w jaki spos\u00f3b sztuczna inteligencja zmienia operacje, personalizuj\u0105c do\u015bwiadczenia i nap\u0119dzaj\u0105c efektywno\u015b\u0107 we wszystkich aspektach bran\u017cy. <\/p>\n<p> Koncentruj\u0105c si\u0119 na technologiach sztucznej inteligencji, ksi\u0105\u017cka przedstawia pe\u0142ny przegl\u0105d praktycznych zastosowa\u0144 tych narz\u0119dzi, pokazuj\u0105c, w jaki spos\u00f3b s\u0105 one wykorzystywane do optymalizacji kluczowych proces\u00f3w i zwi\u0119kszania bezpiecze\u0144stwa. <\/p>\n<\/p>\n<\/div>\n<\/div>\n<\/div>\n<\/div>\n<div class=\"celwidget aplus-module module-9 aplus-standard\">\n<div class=\"aplus-module-wrapper apm-fixed-width apm-spacing\">\n<div class=\"apm-flex\">\n<div class=\"apm-flex-item-third-width\">\n<p class=\"apm-text-center\"> <img decoding=\"async\" alt=\"FHRTH\" src=\"https:\/\/m.media-amazon.com\/images\/S\/aplus-media-library-service-media\/19dbf0d7-60fa-4851-b265-fb58967b2e53.__CR0,0,1076,1076_PT0_SX300_V1___.png\" \/> <\/p>\n<p> ca\u0142y \u015bwiat \u017cyje z problemem &amp; to nie jest dzisiaj Z jednej strony ro\u015bnie zapotrzebowanie na wykwalifikowanych specjalist\u00f3w Z drugiej system edukacyjny przygotowuje student\u00f3w w oparciu o dzia\u0142ania, kt\u00f3re mia\u0142y zapotrzebowanie w przesz\u0142o\u015bci Prawdopodobnie, by\u0142e\u015b \u015bwiadkiem tej sytuacji w szkole i na studiach, jako m\u0142odszy profesjonalista, a p\u00f3\u017aniej jako mened\u017cer biznesowy: rynek wymaga kwalifikacji, kt\u00f3rych akademia nie mo\u017ce zaoferowa\u0107 tylko dlatego, \u017ce nie by\u0142a na to przygotowana. <\/p>\n<\/p>\n<\/div>\n<div class=\"apm-flex-item-third-width\">\n<p class=\"apm-text-center\"> <img decoding=\"async\" alt=\"SEKW\" src=\"https:\/\/m.media-amazon.com\/images\/S\/aplus-media-library-service-media\/d153700d-2edb-40ce-9a94-dad524a830de.__CR0,0,1076,1076_PT0_SX300_V1___.png\" \/> <\/p>\n<p> Sztuczne zajmuje przestrze\u0144 w umys\u0142ach i marzeniach ludzko\u015bci od staro\u017cytnej Grecji, chocia\u017c technologie niezb\u0119dne do jego \u017cywotno\u015bci ewoluowa\u0142y dopiero w ci\u0105gu ostatnich 60 lat Mimo to ewolucja nie by\u0142a liniowa: pocz\u0105tkowe oczekiwania zosta\u0142y udaremnione, nast\u0119pnie przeniesione, opracowano nowe pola dzia\u0142ania i stopniowo tworzono ogromn\u0105 mozaik\u0119, aby umo\u017cliwi\u0107 zastosowania sztucznej inteligencji <\/p>\n<\/p>\n<\/div>\n<div class=\"apm-flex-item-third-width\">\n<p class=\"apm-text-center\"> <img decoding=\"async\" alt=\"sgdf\" src=\"https:\/\/m.media-amazon.com\/images\/S\/aplus-media-library-service-media\/b92d2433-fee6-4463-a63d-b0f2fa47968a.__CR0,0,1076,1076_PT0_SX300_V1___.png\" \/> <\/p>\n<p> Handel detaliczny lat 20. bardzo r\u00f3\u017cni si\u0119 od poprzednich dekad 'digitalizacja sektora, kt\u00f3ra ju\u017c post\u0119powa\u0142a w kilku segmentach, zdecydowanie by\u0142a nap\u0119dzana przez pandemi\u0119, kt\u00f3ra zmusi\u0142a liczne firmy do przyj\u0119cia narz\u0119dzi i proces\u00f3w, kt\u00f3re by\u0142y nie do pomy\u015blenia zaledwie kilka miesi\u0119cy wcze\u015bniej Dzi\u015b mo\u017cemy powiedzie\u0107, bez obawy o pope\u0142nienie b\u0142\u0119d\u00f3w, \u017ce konsumenci nie musz\u0105 chodzi\u0107 do sklep\u00f3w 'b\u0119d\u0105 tylko wtedy, gdy punkt sprzeda\u017cy oferuje to, czego potrzebuj\u0105, a to, czego potrzebuj\u0105, to nie wi\u0119cej produkt\u00f3w, Ponadto mamy znacznie bli\u017cszego konsumenta i wiedz\u0119 na temat cyfrowych kana\u0142\u00f3w sprzeda\u017cy detalicznej Dyskusja na temat tego, jak powinien wygl\u0105da\u0107 sklep fizyczny w postpandemicznym jest obszerna, ale mo\u017cemy wskaza\u0107 niekt\u00f3re aspekty tej podr\u00f3\u017cy. <\/p>\n<\/p>\n<\/div>\n<\/div>\n<\/div>\n<\/div>\n<div class=\"celwidget aplus-module module-2 aplus-standard\">\n<div class=\"aplus-module-wrapper apm-floatnone apm-fixed-width\">\n<div class=\"apm-sidemodule apm-spacing\">\n<div class=\"apm-sidemodule-imageleft\"> <img decoding=\"async\" alt=\"EFR\" src=\"https:\/\/m.media-amazon.com\/images\/S\/aplus-media-library-service-media\/8e4e5ce8-bd26-4e6f-9839-e7c177fbd7a3.__CR0,7,551,551_PT0_SX300_V1___.png\" \/> <\/div>\n<div class=\"apm-sidemodule-textright\">\n<h3 class=\"a-spacing-mini\"> Eduardo Terra <\/h3>\n<p> Jest prezesem Brazylijskiego Towarzystwa Detalicznego i Konsumenckiego (SBVC) oraz cz\u0142onkiem Rady Dyrektor\u00f3w kilku firm detalicznych i us\u0142ugowych Jest Partnerem BTR-Varese i HiPartners Venture Capital Pracuje jako profesor kurs\u00f3w Podyplomowych i MBA, wyk\u0142ada na krajowych i mi\u0119dzynarodowych imprezach detalicznych oraz jest autorem kilku ksi\u0105\u017cek i artyku\u0142\u00f3w na temat rynku detalicznego i konsumenckiego. <\/p>\n<\/p>\n<\/div>\n<\/div>\n<\/div>\n<\/div>\n<\/div>\n<\/div>\n<\/div>\n<\/div>\n<h3>Szczeg\u00f3\u0142y produktu<\/h3>\n<ul>\n<li>Wydawca: Literare Books International<\/li>\n<li>Data publikacji: 16 kwietnia 2024 r<\/li>\n<li>Wydanie: 1a<\/li>\n<li>J\u0119zyk: Portugalski<\/li>\n<li>Liczba stron: 168 stron<\/li>\n<li>ISBN-10:6559227960<\/li>\n<li>ISBN-13:978-6559227969<\/li>\n<li>Waga produktu: 220g<\/li>\n<li>Wiek czytania: 12 lat i wi\u0119cej<\/li>\n<li>Wymiary: 14 x 0,5 x 21 cm<\/li>\n<li>Ranking bestseller\u00f3w: nr 160 542 w kategorii Ksi\u0105\u017cki (poznaj 100 najlepszych w kategorii Ksi\u0105\u017cki) nr 1434 w zarz\u0105dzaniu przyw\u00f3dztwem<\/li>\n<li>1434 w zarz\u0105dzaniu przyw\u00f3dztwem<\/li>\n<li>Opinie klient\u00f3w: 4.0 4.0 z 5 gwiazdek (21)<\/li>\n<\/ul><\/div>","protected":false},"excerpt":{"rendered":"<p>W \u201cSztuczna inteligencja w handlu detalicznym Eduardo Terra przedstawia dog\u0142\u0119bn\u0105 analiz\u0119 przemian, jakie sztuczna inteligencja (AI) inicjuje we wsp\u00f3\u0142czesnym krajobrazie handlu detalicznego. Od logistyki po obs\u0142ug\u0119 klienta autor bada, w jaki spos\u00f3b sztuczna inteligencja zmienia operacje, personalizuje do\u015bwiadczenia i zwi\u0119ksza efektywno\u015b\u0107 we wszystkich aspektach bran\u017cy. Koncentruj\u0105c si\u0119 na technologiach sztucznej inteligencji, ksi\u0105\u017cka przedstawia pe\u0142ny przegl\u0105d praktycznych zastosowa\u0144 tych narz\u0119dzi, pokazuj\u0105c, w jaki spos\u00f3b s\u0105 one wykorzystywane do optymalizacji kluczowych proces\u00f3w i zwi\u0119kszania bezpiecze\u0144stwa. W trakcie pracy autor nie tylko omawia mo\u017cliwo\u015bci oferowane przez sztuczn\u0105 inteligencj\u0119, ale tak\u017ce podkre\u015bla kwestie i obowi\u0105zki zwi\u0105zane z przyj\u0119ciem tego cennego zasobu, poniewa\u017c sprzedawcy detaliczni mog\u0105 porusza\u0107 si\u0119 po nim.<\/p>","protected":false},"featured_media":93852,"comment_status":"open","ping_status":"closed","template":"","meta":[],"product_cat":[1611,1621,1595],"product_tag":[],"class_list":{"0":"post-93852","1":"product","2":"type-product","3":"status-publish","4":"has-post-thumbnail","6":"product_brand-por-eduardo-terra-autor","7":"product_cat-administracao-negocios-e-economia","8":"product_cat-gestao-e-lideranca","9":"product_cat-livros","11":"first","12":"instock","13":"sale","14":"shipping-taxable","15":"purchasable","16":"product-type-simple"},"aioseo_notices":[],"_links":{"self":[{"href":"https:\/\/www.ecommerceupdate.com.br\/pl\/wp-json\/wp\/v2\/product\/93852","targetHints":{"allow":["GET"]}}],"collection":[{"href":"https:\/\/www.ecommerceupdate.com.br\/pl\/wp-json\/wp\/v2\/product"}],"about":[{"href":"https:\/\/www.ecommerceupdate.com.br\/pl\/wp-json\/wp\/v2\/types\/product"}],"replies":[{"embeddable":true,"href":"https:\/\/www.ecommerceupdate.com.br\/pl\/wp-json\/wp\/v2\/comments?post=93852"}],"wp:featuredmedia":[{"embeddable":true,"href":"https:\/\/www.ecommerceupdate.com.br\/pl\/wp-json\/wp\/v2\/product\/93852"}],"wp:attachment":[{"href":"https:\/\/www.ecommerceupdate.com.br\/pl\/wp-json\/wp\/v2\/media?parent=93852"}],"wp:term":[{"taxonomy":"product_cat","embeddable":true,"href":"https:\/\/www.ecommerceupdate.com.br\/pl\/wp-json\/wp\/v2\/product_cat?post=93852"},{"taxonomy":"product_tag","embeddable":true,"href":"https:\/\/www.ecommerceupdate.com.br\/pl\/wp-json\/wp\/v2\/product_tag?post=93852"}],"curies":[{"name":"wp","href":"https:\/\/api.w.org\/{rel}","templated":true}]}}