{"id":93857,"date":"2026-03-05T21:55:38","date_gmt":"2026-03-06T00:55:38","guid":{"rendered":"https:\/\/www.ecommerceupdate.com.br\/produto\/marketing-de-varejo\/"},"modified":"2026-05-13T10:34:49","modified_gmt":"2026-05-13T13:34:49","slug":"marketing-de-varejo","status":"publish","type":"product","link":"https:\/\/www.ecommerceupdate.com.br\/pl\/produto\/marketing-de-varejo\/","title":{"rendered":"Marketing detaliczny"},"content":{"rendered":"<div class=\"woocommerce-product-details\">\n<h3>Szczeg\u00f3\u0142y produktu<\/h3>\n<ul>\n<li>Wydawca: Atlas<\/li>\n<li>Data publikacji: 17 listopada 2006 r<\/li>\n<li>Wydanie: 4a<\/li>\n<li>J\u0119zyk: Portugalski<\/li>\n<li>Liczba stron: 376 stron<\/li>\n<li>ISBN-10:8522445524<\/li>\n<li>ISBN-13:978-8522445523<\/li>\n<li>Waga produktu: 640g<\/li>\n<li>Wymiary: 23,8 x 17 x 2 cm<\/li>\n<li>Ranking najcz\u0119\u015bciej sprzedawanych: Nr 578.843 w Ksi\u0105\u017ckach (Poznaj Top 100 w kategorii Ksi\u0105\u017cki) Nr 2.011 w Marketingu Nr 10.292 w Zarz\u0105dzaniu i Przyw\u00f3dztwie Nr 39.195 w \u015awi\u0119tach i Festiwalach dla Dzieci i M\u0142odzie\u017cy<\/li>\n<li>N\u00ba 2.011 w marketingu<\/li>\n<li>Numer 10.292 w Zarz\u0105dzaniu i Przyw\u00f3dztwie<\/li>\n<li>Nr 39.195 w \u015awi\u0119tach i Festiwalach dla Dzieci i M\u0142odzie\u017cy<\/li>\n<li>Opinie klient\u00f3w: 5.0 5.0 z 5 gwiazdek (1)<\/li>\n<\/ul><\/div>","protected":false},"excerpt":{"rendered":"<p>W zakresie us\u0142ug istnieje dzia\u0142alno\u015b\u0107 detaliczna, kt\u00f3ra generuje zatrudnienie dla wi\u0119kszo\u015bci populacji Brazylii, Pomimo jej znaczenia dla gospodarki i spo\u0142ecze\u0144stwa, istnieje niewiele ksi\u0105\u017cek specjalizuj\u0105cych si\u0119 w tej dziedzinie, Aby wype\u0142ni\u0107 t\u0119 luk\u0119 w brazylijskiej literaturze rynkowej, autor bada\u0142 prace zagraniczne i krajowe, kt\u00f3re, dodaj\u0105c do jego do\u015bwiadczenia jako nauczyciela marketingu detalicznego, zapewni\u0142y przygotowanie praktycznej i aktualnej ksi\u0105\u017cki, dostosowanej do potrzeb Brazylii, Napisana obiektywnym i prostym j\u0119zykiem, praca umo\u017cliwia czytelnikowi zastosowanie technik marketingowych w jego firmie detalicznej, czy to du\u017cych, \u015brednich, ma\u0142ych lub mikro, i spe\u0142niaj\u0105 w\u0142asn\u0105 debat\u0119 na temat sta\u0142ych zagadnie\u0144 i przenikania gospodarczego do zagadnienia.<\/p>","protected":false},"featured_media":93857,"comment_status":"open","ping_status":"closed","template":"","meta":[],"product_cat":[1611,1595,1618],"product_tag":[],"class_list":{"0":"post-93857","1":"product","2":"type-product","3":"status-publish","4":"has-post-thumbnail","5":"product_brand-edicao-portugus-por-alexandre-l-las-casas-autor","6":"product_cat-administracao-negocios-e-economia","7":"product_cat-livros","8":"product_cat-marketing-e-vendas","10":"first","11":"instock","12":"shipping-taxable","13":"purchasable","14":"product-type-simple"},"aioseo_notices":[],"_links":{"self":[{"href":"https:\/\/www.ecommerceupdate.com.br\/pl\/wp-json\/wp\/v2\/product\/93857","targetHints":{"allow":["GET"]}}],"collection":[{"href":"https:\/\/www.ecommerceupdate.com.br\/pl\/wp-json\/wp\/v2\/product"}],"about":[{"href":"https:\/\/www.ecommerceupdate.com.br\/pl\/wp-json\/wp\/v2\/types\/product"}],"replies":[{"embeddable":true,"href":"https:\/\/www.ecommerceupdate.com.br\/pl\/wp-json\/wp\/v2\/comments?post=93857"}],"wp:featuredmedia":[{"embeddable":true,"href":"https:\/\/www.ecommerceupdate.com.br\/pl\/wp-json\/wp\/v2\/product\/93857"}],"wp:attachment":[{"href":"https:\/\/www.ecommerceupdate.com.br\/pl\/wp-json\/wp\/v2\/media?parent=93857"}],"wp:term":[{"taxonomy":"product_cat","embeddable":true,"href":"https:\/\/www.ecommerceupdate.com.br\/pl\/wp-json\/wp\/v2\/product_cat?post=93857"},{"taxonomy":"product_tag","embeddable":true,"href":"https:\/\/www.ecommerceupdate.com.br\/pl\/wp-json\/wp\/v2\/product_tag?post=93857"}],"curies":[{"name":"wp","href":"https:\/\/api.w.org\/{rel}","templated":true}]}}