{"id":93860,"date":"2026-03-05T21:56:52","date_gmt":"2026-03-06T00:56:52","guid":{"rendered":"https:\/\/www.ecommerceupdate.com.br\/produto\/diferenciacao-no-varejo\/"},"modified":"2026-03-13T15:47:08","modified_gmt":"2026-03-13T18:47:08","slug":"diferenciacao-no-varejo","status":"publish","type":"product","link":"https:\/\/www.ecommerceupdate.com.br\/pl\/produto\/diferenciacao-no-varejo\/","title":{"rendered":"Zr\u00f3\u017cnicowanie w handlu detalicznym"},"content":{"rendered":"<div class=\"woocommerce-product-details\">\n<h3>Szczeg\u00f3\u0142y produktu<\/h3>\n<ul>\n<li>Wydawca: GS&amp;MD<\/li>\n<li>Data publikacji: 1 stycznia 2009 r<\/li>\n<li>Wydanie: 1a<\/li>\n<li>J\u0119zyk: Portugalski<\/li>\n<li>Liczba stron: 164 strony<\/li>\n<li>ISBN-10:8560949070<\/li>\n<li>ISBN-13:978-8560949076<\/li>\n<li>Waga produktu: 320g<\/li>\n<li>Wymiary: 23,8 x 16,6 x 1,2 cm<\/li>\n<li>Ranking bestseller\u00f3w: nr 356 307 w kategorii Ksi\u0105\u017cki (spotkaj si\u0119 ze 100 najlepszymi w kategorii Ksi\u0105\u017cki) nr 24 040 w kategorii Wakacje i festiwale dla dzieci i dzieci<\/li>\n<li>24 040 w Wakacje i Festiwale Dzieci i Dzieci i M\u0142odzie\u017c<\/li>\n<\/ul><\/div>","protected":false},"excerpt":{"rendered":"<p>UWAGA, PRAWID\u0141OWY ROK KOPII: 2009 Administracja6. jest w dobrym stanie, pokrywa i kraw\u0119dzie ze znakami manipulacji, kraw\u0119dzie z ma\u0142ymi \u017c\u00f3\u0142tawymi plamami ze wzgl\u0119du na pogod\u0119, zbyt ok<\/p>","protected":false},"featured_media":93860,"comment_status":"open","ping_status":"closed","template":"","meta":[],"product_cat":[1853,1852,1595],"product_tag":[],"class_list":{"0":"post-93860","1":"product","2":"type-product","3":"status-publish","4":"has-post-thumbnail","6":"product_brand-edicao-portugus-por-willard-n-stern-neil-z-ander-autor","7":"product_cat-feriados-e-festivais","8":"product_cat-infantil","9":"product_cat-livros","11":"first","12":"instock","13":"shipping-taxable","14":"purchasable","15":"product-type-simple"},"aioseo_notices":[],"_links":{"self":[{"href":"https:\/\/www.ecommerceupdate.com.br\/pl\/wp-json\/wp\/v2\/product\/93860","targetHints":{"allow":["GET"]}}],"collection":[{"href":"https:\/\/www.ecommerceupdate.com.br\/pl\/wp-json\/wp\/v2\/product"}],"about":[{"href":"https:\/\/www.ecommerceupdate.com.br\/pl\/wp-json\/wp\/v2\/types\/product"}],"replies":[{"embeddable":true,"href":"https:\/\/www.ecommerceupdate.com.br\/pl\/wp-json\/wp\/v2\/comments?post=93860"}],"wp:featuredmedia":[{"embeddable":true,"href":"https:\/\/www.ecommerceupdate.com.br\/pl\/wp-json\/wp\/v2\/product\/93860"}],"wp:attachment":[{"href":"https:\/\/www.ecommerceupdate.com.br\/pl\/wp-json\/wp\/v2\/media?parent=93860"}],"wp:term":[{"taxonomy":"product_cat","embeddable":true,"href":"https:\/\/www.ecommerceupdate.com.br\/pl\/wp-json\/wp\/v2\/product_cat?post=93860"},{"taxonomy":"product_tag","embeddable":true,"href":"https:\/\/www.ecommerceupdate.com.br\/pl\/wp-json\/wp\/v2\/product_tag?post=93860"}],"curies":[{"name":"wp","href":"https:\/\/api.w.org\/{rel}","templated":true}]}}