{"id":94177,"date":"2026-03-09T04:16:56","date_gmt":"2026-03-09T07:16:56","guid":{"rendered":"https:\/\/www.ecommerceupdate.com.br\/produto\/um-pouco-de-marketing-para-vender-na-shopee\/"},"modified":"2026-03-13T15:53:19","modified_gmt":"2026-03-13T18:53:19","slug":"um-pouco-de-marketing-para-vender-na-shopee","status":"publish","type":"product","link":"https:\/\/www.ecommerceupdate.com.br\/pl\/produto\/um-pouco-de-marketing-para-vender-na-shopee\/","title":{"rendered":"Ma\u0142y marketing do sprzedania w Shopee"},"content":{"rendered":"<div class=\"woocommerce-product-details\">\n<h3>Szczeg\u00f3\u0142y produktu<\/h3>\n<ul>\n<li>ASIN: B0GCVFNYL5<\/li>\n<li>Wydawca: Moon<\/li>\n<li>Dost\u0119pno\u015b\u0107: Dowiedz si\u0119 wi\u0119cej<\/li>\n<li>Data publikacji: 27 grudnia 2025 r<\/li>\n<li>Wydanie: 1a<\/li>\n<li>J\u0119zyk: Portugalski<\/li>\n<li>Rozmiar pliku: 475 KB<\/li>\n<li>Czytnik ekranu: Kompatybilny<\/li>\n<li>Konfiguracja czcionki: W\u0142\u0105czone<\/li>\n<li>Wskaz\u00f3wki dotycz\u0105ce s\u0142ownictwa: Nie w\u0142\u0105czono<\/li>\n<li>Przerzucanie strony: W\u0142\u0105czone<\/li>\n<li>Wiek czytania: 16 18 lat<\/li>\n<li>Ranking bestseller\u00f3w: nr 440 962 w Kindle Store (spotkaj si\u0119 ze 100 najlepszych w kategorii Kindle Store) nr 4412 w e-bookach o sukcesie nr 7570 w kategorii Motywacja i inspiracja nr 16193 w biznesie i ekonomii<\/li>\n<li>4412 w eBookach o sukcesie<\/li>\n<li>7570 w Motywacyjne i Inspiruj\u0105ce<\/li>\n<li>16 193 w biznesie i ekonomii<\/li>\n<\/ul><\/div>","protected":false},"excerpt":{"rendered":"<p>Wszyscy zaczynamy od systemu CLT, ale to nie znaczy, \u017ce musimy tak zako\u0144czy\u0107 nasze \u017cycie Dzi\u0119ki technologiom obecnego pokolenia ka\u017cdego dnia w naszym \u017cyciu pojawia si\u0119 kilka mo\u017cliwo\u015bci.<\/p>\n<p>Przedsi\u0119biorczo\u015b\u0107 jest idealna dla tych, kt\u00f3rzy chc\u0105 osi\u0105gn\u0105\u0107 wolno\u015b\u0107 finansow\u0105, a jedn\u0105 z platform, kt\u00f3ra otwiera drzwi do rzeczywisto\u015bci, jest shopee. Ka\u017cdy, kto chce sprzedawa\u0107, mo\u017ce zacz\u0105\u0107 od tej strony.<\/p>\n<p>Czy kiedykolwiek wyobra\u017ca\u0142e\u015b sobie zarabianie poprzez sprzeda\u017c online? i my\u015bl\u0105c d\u0142ugoterminowo, wyobra\u017ca\u0142e\u015b sobie otwarcie firmy i stanie si\u0119 odnosz\u0105cym sukcesy przedsi\u0119biorc\u0105, bez wi\u0119kszego polegania na szefie?<\/p>\n<p>W tej ksi\u0105\u017cce naucz\u0119 Ci\u0119, jak sprzedawa\u0107 poprzez strategie Shopee, kt\u00f3re stosuj\u0119 od pocz\u0105tku jako prosty sprzedawca, a\u017c stan\u0119 si\u0119 odnosz\u0105cym sukcesy podmiotem prawnym.<\/p>\n<p>Trudno\u015bci, jakie mog\u0105 napotka\u0107 nauki i wyniki, jakie mo\u017ce mie\u0107 ka\u017cdy sprzedawca, zostan\u0105 pokazane w tej pracy, kt\u00f3ra koncentruje si\u0119 na nauczaniu w najlepszy i najprostszy mo\u017cliwy spos\u00f3b sprzeda\u017cy i zarabiania pieni\u0119dzy dla Shopee.<\/p>\n<p>Zaraz zostaniesz przedsi\u0119biorczym sprzedawc\u0105, kt\u00f3ry zarobi wi\u0119cej ni\u017c my\u015blisz Czy jeste\u015b gotowy na t\u0119 przygod\u0119?<\/p>","protected":false},"featured_media":94177,"comment_status":"open","ping_status":"closed","template":"","meta":[],"product_cat":[1627,1608,1607],"product_tag":[],"class_list":{"0":"post-94177","1":"product","2":"type-product","3":"status-publish","4":"has-post-thumbnail","6":"product_brand-por-stefen-moonwalker-autor-formato-ebook-kindle","7":"product_cat-autoajuda","8":"product_cat-ebooks-kindle","9":"product_cat-loja-kindle","11":"first","12":"instock","13":"shipping-taxable","14":"purchasable","15":"product-type-simple"},"aioseo_notices":[],"_links":{"self":[{"href":"https:\/\/www.ecommerceupdate.com.br\/pl\/wp-json\/wp\/v2\/product\/94177","targetHints":{"allow":["GET"]}}],"collection":[{"href":"https:\/\/www.ecommerceupdate.com.br\/pl\/wp-json\/wp\/v2\/product"}],"about":[{"href":"https:\/\/www.ecommerceupdate.com.br\/pl\/wp-json\/wp\/v2\/types\/product"}],"replies":[{"embeddable":true,"href":"https:\/\/www.ecommerceupdate.com.br\/pl\/wp-json\/wp\/v2\/comments?post=94177"}],"wp:featuredmedia":[{"embeddable":true,"href":"https:\/\/www.ecommerceupdate.com.br\/pl\/wp-json\/wp\/v2\/product\/94177"}],"wp:attachment":[{"href":"https:\/\/www.ecommerceupdate.com.br\/pl\/wp-json\/wp\/v2\/media?parent=94177"}],"wp:term":[{"taxonomy":"product_cat","embeddable":true,"href":"https:\/\/www.ecommerceupdate.com.br\/pl\/wp-json\/wp\/v2\/product_cat?post=94177"},{"taxonomy":"product_tag","embeddable":true,"href":"https:\/\/www.ecommerceupdate.com.br\/pl\/wp-json\/wp\/v2\/product_tag?post=94177"}],"curies":[{"name":"wp","href":"https:\/\/api.w.org\/{rel}","templated":true}]}}