{"id":94354,"date":"2026-03-12T13:40:08","date_gmt":"2026-03-12T16:40:08","guid":{"rendered":"https:\/\/www.ecommerceupdate.com.br\/produto\/e-commerce-conceitos-implementacao-e-gestao\/"},"modified":"2026-03-13T15:57:10","modified_gmt":"2026-03-13T18:57:10","slug":"e-commerce-conceitos-implementacao-e-gestao","status":"publish","type":"product","link":"https:\/\/www.ecommerceupdate.com.br\/pl\/produto\/e-commerce-conceitos-implementacao-e-gestao\/","title":{"rendered":"E-commerce: koncepcje, wdro\u017cenie i zarz\u0105dzanie"},"content":{"rendered":"<div class=\"woocommerce-product-details\">\n<h3>Szczeg\u00f3\u0142y produktu<\/h3>\n<ul>\n<li>Wydawca: InterSaberes<\/li>\n<li>Data publikacji: 1 sierpnia 2016 r<\/li>\n<li>Wydanie: 1a<\/li>\n<li>J\u0119zyk: Portugalski<\/li>\n<li>Liczba stron: 310 stron<\/li>\n<li>ISBN-10:8559722084<\/li>\n<li>ISBN-13:978-8559722086<\/li>\n<li>Waga produktu: 350g<\/li>\n<li>Wiek czytania: 12 lat i wi\u0119cej<\/li>\n<li>Wymiary: 20,8 x 14,2 x 1,6 cm<\/li>\n<li>Ranking bestseller\u00f3w: nr 157 849 w kategorii ksi\u0105\u017cki (spotkaj si\u0119 ze 100 najlepszymi w kategorii ksi\u0105\u017cki) nr 3428 w dziedzinie zarz\u0105dzania i przyw\u00f3dztwa<\/li>\n<li>3428 w zarz\u0105dzaniu i przyw\u00f3dztwie<\/li>\n<li>Opinie klient\u00f3w: 4.7 4.7 z 5 gwiazdek (34)<\/li>\n<\/ul><\/div>","protected":false},"excerpt":{"rendered":"<p>Wraz z przyspieszonym post\u0119pem technologii informacyjno-komunikacyjnych opanowanie koncepcji, strategii i narz\u0119dzi sk\u0142adaj\u0105cych si\u0119 na wszech\u015bwiat handlu elektronicznego sta\u0142o si\u0119 fundamentalne dla wszystkich, kt\u00f3rzy chc\u0105 osi\u0105gn\u0105\u0107 sukces w \u015brodowisku biznesowym Przyjd\u017a zastanowi\u0107 si\u0119 z nami nad zaletami i wyzwaniami, kt\u00f3re zwykle wyst\u0119puj\u0105 w handlu elektronicznym i lepiej pozna\u0107 dzia\u0142anie technologii zaanga\u017cowanych w t\u0119 dzia\u0142alno\u015b\u0107 Pod koniec tej lektury b\u0119dziesz m\u00f3g\u0142 dostrzec aspekty odr\u00f3\u017cniaj\u0105ce rynek cyfrowy od tradycyjnego i mo\u017cesz zastosowa\u0107 t\u0119 wiedz\u0119 w praktyce swojej codziennej pracy.<\/p>","protected":false},"featured_media":0,"comment_status":"open","ping_status":"closed","template":"","meta":[],"product_cat":[1611,1621,1595],"product_tag":[],"class_list":{"0":"post-94354","1":"product","2":"type-product","3":"status-publish","5":"product_brand-edicao-portugus-por-nara-stefano-autor-izabel-cristina-zattar-autor","6":"product_cat-administracao-negocios-e-economia","7":"product_cat-gestao-e-lideranca","8":"product_cat-livros","10":"first","11":"instock","12":"sale","13":"shipping-taxable","14":"purchasable","15":"product-type-simple"},"aioseo_notices":[],"_links":{"self":[{"href":"https:\/\/www.ecommerceupdate.com.br\/pl\/wp-json\/wp\/v2\/product\/94354","targetHints":{"allow":["GET"]}}],"collection":[{"href":"https:\/\/www.ecommerceupdate.com.br\/pl\/wp-json\/wp\/v2\/product"}],"about":[{"href":"https:\/\/www.ecommerceupdate.com.br\/pl\/wp-json\/wp\/v2\/types\/product"}],"replies":[{"embeddable":true,"href":"https:\/\/www.ecommerceupdate.com.br\/pl\/wp-json\/wp\/v2\/comments?post=94354"}],"wp:attachment":[{"href":"https:\/\/www.ecommerceupdate.com.br\/pl\/wp-json\/wp\/v2\/media?parent=94354"}],"wp:term":[{"taxonomy":"product_cat","embeddable":true,"href":"https:\/\/www.ecommerceupdate.com.br\/pl\/wp-json\/wp\/v2\/product_cat?post=94354"},{"taxonomy":"product_tag","embeddable":true,"href":"https:\/\/www.ecommerceupdate.com.br\/pl\/wp-json\/wp\/v2\/product_tag?post=94354"}],"curies":[{"name":"wp","href":"https:\/\/api.w.org\/{rel}","templated":true}]}}