{"id":94357,"date":"2026-03-12T13:40:51","date_gmt":"2026-03-12T16:40:51","guid":{"rendered":"https:\/\/www.ecommerceupdate.com.br\/produto\/e-commerce-uma-via-de-mao-dupla\/"},"modified":"2026-03-13T15:57:33","modified_gmt":"2026-03-13T18:57:33","slug":"e-commerce-uma-via-de-mao-dupla","status":"publish","type":"product","link":"https:\/\/www.ecommerceupdate.com.br\/pl\/produto\/e-commerce-uma-via-de-mao-dupla\/","title":{"rendered":"E-commerce: ulica dwukierunkowa."},"content":{"rendered":"<div class=\"woocommerce-product-details\"><\/div>","protected":false},"excerpt":{"rendered":"<p>Dzi\u0119ki wieloletniemu do\u015bwiadczeniu na r\u00f3\u017cnych frontach handlu elektronicznego czterech profesjonalist\u00f3w z r\u00f3\u017cnych dziedzin zebra\u0142o si\u0119, aby udokumentowa\u0107 swoj\u0105 wiedz\u0119 i do\u015bwiadczenia w pracy ze sprzeda\u017c\u0105 online, Ta praca przynosi 360. scenariusz na temat tego, czego potrzeba do zarz\u0105dzania r\u00f3\u017cnymi zespo\u0142ami i strategiami handlu elektronicznego, poprzez tematy takie jak planowanie biznesowe, marketing cyfrowy, biurokracja, logistyka, platforma sprzeda\u017cy, systemy p\u0142atno\u015bci, mi\u0119dzy innymi. Jest to przewodnik od A do Z, kt\u00f3ry pomaga profesjonalistom, kt\u00f3rzy rozpoczynaj\u0105 sw\u00f3j handel elektroniczny, lub kt\u00f3rzy s\u0105 w kierownictwie jednego, albo w og\u00f3lnej administracji sklepu lub okre\u015blonego zespo\u0142u.<\/p>","protected":false},"featured_media":0,"comment_status":"open","ping_status":"closed","template":"","meta":[],"product_cat":[1611,1621,1595],"product_tag":[],"class_list":{"0":"post-94357","1":"product","2":"type-product","3":"status-publish","5":"product_brand-por-denis-andrade-e-gabriela-schilling-edmilson-maleski-jessica-fragoso-autor-viseu-editor","6":"product_cat-administracao-negocios-e-economia","7":"product_cat-gestao-e-lideranca","8":"product_cat-livros","10":"first","11":"instock","12":"shipping-taxable","13":"purchasable","14":"product-type-simple"},"aioseo_notices":[],"_links":{"self":[{"href":"https:\/\/www.ecommerceupdate.com.br\/pl\/wp-json\/wp\/v2\/product\/94357","targetHints":{"allow":["GET"]}}],"collection":[{"href":"https:\/\/www.ecommerceupdate.com.br\/pl\/wp-json\/wp\/v2\/product"}],"about":[{"href":"https:\/\/www.ecommerceupdate.com.br\/pl\/wp-json\/wp\/v2\/types\/product"}],"replies":[{"embeddable":true,"href":"https:\/\/www.ecommerceupdate.com.br\/pl\/wp-json\/wp\/v2\/comments?post=94357"}],"wp:attachment":[{"href":"https:\/\/www.ecommerceupdate.com.br\/pl\/wp-json\/wp\/v2\/media?parent=94357"}],"wp:term":[{"taxonomy":"product_cat","embeddable":true,"href":"https:\/\/www.ecommerceupdate.com.br\/pl\/wp-json\/wp\/v2\/product_cat?post=94357"},{"taxonomy":"product_tag","embeddable":true,"href":"https:\/\/www.ecommerceupdate.com.br\/pl\/wp-json\/wp\/v2\/product_tag?post=94357"}],"curies":[{"name":"wp","href":"https:\/\/api.w.org\/{rel}","templated":true}]}}