{"id":94368,"date":"2026-03-12T13:43:31","date_gmt":"2026-03-12T16:43:31","guid":{"rendered":"https:\/\/www.ecommerceupdate.com.br\/produto\/nos-bastidores-da-entrega-a-logistica-dos-gigantes-do-e-commerce-no-brasil\/"},"modified":"2026-03-12T13:43:32","modified_gmt":"2026-03-12T16:43:32","slug":"nos-bastidores-da-entrega-a-logistica-dos-gigantes-do-e-commerce-no-brasil","status":"publish","type":"product","link":"https:\/\/www.ecommerceupdate.com.br\/pl\/produto\/nos-bastidores-da-entrega-a-logistica-dos-gigantes-do-e-commerce-no-brasil\/","title":{"rendered":"Za kulisami Dostawy: Logistyka gigant\u00f3w handlu elektronicznego w Brazylii"},"content":{"rendered":"<div class=\"woocommerce-product-details\">\n<h3>Szczeg\u00f3\u0142y produktu<\/h3>\n<ul>\n<li>ASIN: B0FF3R6HLK<\/li>\n<li>Dost\u0119pno\u015b\u0107: Dowiedz si\u0119 wi\u0119cej<\/li>\n<li>Data publikacji: 22 czerwca 2025 r<\/li>\n<li>J\u0119zyk: Portugalski<\/li>\n<li>Rozmiar pliku: 1.5 MB<\/li>\n<li>Konfiguracja czcionki: W\u0142\u0105czone<\/li>\n<li>Wskaz\u00f3wki dotycz\u0105ce s\u0142ownictwa: Nie w\u0142\u0105czono<\/li>\n<li>Liczba stron: 20 stron<\/li>\n<li>Przerzucanie strony: W\u0142\u0105czone<\/li>\n<\/ul><\/div>","protected":false},"excerpt":{"rendered":"<p>Odkryj, jak najwi\u0119ksze witryny e-commerce w Brazylii, Mercado Livre, Amazon, Magalu, Shopee i inne, organizuj\u0105 swoje operacje logistyczne, aby dostarcza\u0107 produkty z szybko\u015bci\u0105, wydajno\u015bci\u0105 i inteligencj\u0105 na jednym z najtrudniejszych rynk\u00f3w na \u015bwiecie.<\/p>","protected":false},"featured_media":94368,"comment_status":"open","ping_status":"closed","template":"","meta":[],"product_cat":[1611,1621,1595],"product_tag":[],"class_list":{"0":"post-94368","1":"product","2":"type-product","3":"status-publish","4":"has-post-thumbnail","6":"product_brand-por-lucas-santana-autor-formato-ebook-kindle","7":"product_cat-administracao-negocios-e-economia","8":"product_cat-gestao-e-lideranca","9":"product_cat-livros","11":"first","12":"instock","13":"shipping-taxable","14":"purchasable","15":"product-type-simple"},"aioseo_notices":[],"_links":{"self":[{"href":"https:\/\/www.ecommerceupdate.com.br\/pl\/wp-json\/wp\/v2\/product\/94368","targetHints":{"allow":["GET"]}}],"collection":[{"href":"https:\/\/www.ecommerceupdate.com.br\/pl\/wp-json\/wp\/v2\/product"}],"about":[{"href":"https:\/\/www.ecommerceupdate.com.br\/pl\/wp-json\/wp\/v2\/types\/product"}],"replies":[{"embeddable":true,"href":"https:\/\/www.ecommerceupdate.com.br\/pl\/wp-json\/wp\/v2\/comments?post=94368"}],"wp:featuredmedia":[{"embeddable":true,"href":"https:\/\/www.ecommerceupdate.com.br\/pl\/wp-json\/wp\/v2\/product\/94368"}],"wp:attachment":[{"href":"https:\/\/www.ecommerceupdate.com.br\/pl\/wp-json\/wp\/v2\/media?parent=94368"}],"wp:term":[{"taxonomy":"product_cat","embeddable":true,"href":"https:\/\/www.ecommerceupdate.com.br\/pl\/wp-json\/wp\/v2\/product_cat?post=94368"},{"taxonomy":"product_tag","embeddable":true,"href":"https:\/\/www.ecommerceupdate.com.br\/pl\/wp-json\/wp\/v2\/product_tag?post=94368"}],"curies":[{"name":"wp","href":"https:\/\/api.w.org\/{rel}","templated":true}]}}