{"id":94404,"date":"2026-03-13T08:58:28","date_gmt":"2026-03-13T11:58:28","guid":{"rendered":"https:\/\/www.ecommerceupdate.com.br\/produto\/pelicula-para-kindle-11a-geracao-2024-e-2022-rs23cv-e-c2v2l3-6-polegadas-antirreflexo-fosca\/"},"modified":"2026-03-13T16:01:09","modified_gmt":"2026-03-13T19:01:09","slug":"pelicula-para-kindle-11a-geracao-2024-e-2022-rs23cv-e-c2v2l3-6-polegadas-antirreflexo-fosca","status":"publish","type":"product","link":"https:\/\/www.ecommerceupdate.com.br\/pl\/produto\/pelicula-para-kindle-11a-geracao-2024-e-2022-rs23cv-e-c2v2l3-6-polegadas-antirreflexo-fosca\/","title":{"rendered":"Film dla Kindle 11. generacji 2024 i 2022 (RS23CV i C2V2L3) 6 cali i antyrefleksyjny 2024 i 2022"},"content":{"rendered":"<div class=\"woocommerce-product-details\">\n<h3>Marki<\/h3>\n<div><img decoding=\"async\" src=\"https:\/\/m.media-amazon.com\/images\/S\/aplus-media-library-service-media\/c248faf5-b8a4-4f2f-9d05-4692cdf55ae9.__CR0,0,1464,625_PT0_SX1464_V1___.png\" alt=\"Obraz marki\" style=\"max-width: 100%\"><\/div>\n<p>Kindle Case Mavife<\/p>\n<p> Kolorowe, przypinane na pasek, origami lub przezroczyste pokrowce w stylu TPU, \u0142\u0105cz\u0105ce ochron\u0119, styl i praktyczno\u015b\u0107 Twojego Kindle.<\/p>\n<div id=\"aplus_feature_div\" class=\"celwidget pd_rd_w-sZOhP pd_rd_r-41A6RBH7B2A4ZK3E04Q4 pd_rd_wg-O5GHa\" data-feature-name=\"aplus\" data-csa-c-type=\"widget\" data-csa-c-content-id=\"aplus\" data-csa-c-slot-id=\"aplus_feature_div\" data-csa-c-asin=\"\" data-csa-c-is-in-initial-active-row=\"false\">\n<div id=\"aplus\" class=\"a-section a-spacing-large bucket\">\n<h3 class=\"\">Opis produktu<\/h3>\n<div lang=\"pt_BR\">\n<div class=\"aplus-v2 desktop celwidget\">\n<div class=\"celwidget aplus-module premium-module-2-fullbackground-image aplus-premium\">\n<div class=\"a-section a-spacing-none premium-aplus premium-aplus-module-2\">\n<div class=\"a-section a-spacing-none premium-background-wrapper\">\n<div class=\"a-section a-spacing-none background-image\"> <img decoding=\"async\" alt=\"Film Kindle\u2019a\" src=\"https:\/\/m.media-amazon.com\/images\/S\/aplus-media-library-service-media\/0e96fd38-c98c-488c-9f77-9ce03f03f7e9.__CR0,0,1464,600_PT0_SX1464_V1___.png\" \/> <\/div>\n<\/p>\n<\/div>\n<\/div>\n<\/div>\n<div class=\"celwidget aplus-module premium-module-3-four-column-images aplus-premium\">\n<div class=\"a-section a-spacing-none premium-aplus premium-aplus-module-3 aplus-container-1\">\n<div class=\"a-section a-spacing-none premium-aplus-four-column\">\n<div class=\"a-section a-spacing-none premium-aplus-column\">\n<div class=\"a-section a-spacing-none {'column-image'}\"> <img decoding=\"async\" alt=\"Obraz 1\" src=\"https:\/\/m.media-amazon.com\/images\/S\/aplus-media-library-service-media\/ac0b63d2-54c8-48cc-8471-8a93c8657693.__CR0,251,2008,1506_PT0_SX300_V1___.png\" \/> <\/div>\n<div class=\"a-section a-spacing-none column-heading\">\n<h1 class=\"aplus-h3 a-text-bold\"> 1 'Opu\u015b\u0107 ekran <\/h1>\n<\/p>\n<\/div>\n<div class=\"a-section a-spacing-none column-description\">\n<p class=\"aplus-p3\"> Usu\u0144 brud czyst\u0105 szmatk\u0105 i alkoholem. <\/p>\n<\/p>\n<\/div>\n<\/div>\n<div class=\"a-section a-spacing-none premium-aplus-column\">\n<div class=\"a-section a-spacing-none {'column-image'}\"> <img decoding=\"async\" alt=\"obraz 2\" src=\"https:\/\/m.media-amazon.com\/images\/S\/aplus-media-library-service-media\/c23ba00b-35b1-4102-8be8-3a58ac5d83a2.__CR0,250,1996,1497_PT0_SX300_V1___.png\" \/> <\/div>\n<div class=\"a-section a-spacing-none column-heading\">\n<h1 class=\"aplus-h3 a-text-bold\"> 2 ^ Usu\u0144 czerwon\u0105 naklejk\u0119 <\/h1>\n<\/p>\n<\/div>\n<div class=\"a-section a-spacing-none column-description\">\n<p class=\"aplus-p3\"> Usu\u0144 foli\u0119 klej\u0105c\u0105 i na\u0142\u00f3\u017c na ekran <\/p>\n<\/p>\n<\/div>\n<\/div>\n<div class=\"a-section a-spacing-none premium-aplus-column\">\n<div class=\"a-section a-spacing-none {'column-image'}\"> <img decoding=\"async\" alt=\"Obraz 3\" src=\"https:\/\/m.media-amazon.com\/images\/S\/aplus-media-library-service-media\/e8de632f-5c7d-417c-afa8-524ea3d604ba.__CR0,253,2024,1518_PT0_SX300_V1___.png\" \/> <\/div>\n<div class=\"a-section a-spacing-none column-heading\">\n<h1 class=\"aplus-h3 a-text-bold\"> 3 ^ Usu\u0144 czarny klej <\/h1>\n<\/p>\n<\/div>\n<div class=\"a-section a-spacing-none column-description\">\n<p class=\"aplus-p3\"> Usu\u0144 inn\u0105 foli\u0119 klej\u0105c\u0105. <\/p>\n<\/p>\n<\/div>\n<\/div>\n<div class=\"a-section a-spacing-none premium-aplus-column\">\n<div class=\"a-section a-spacing-none {'column-image'}\"> <img decoding=\"async\" alt=\"Obraz 4\" src=\"https:\/\/m.media-amazon.com\/images\/S\/aplus-media-library-service-media\/c26adb2a-42d7-4b00-a990-c1494ae910c5.__CR0,248,1980,1485_PT0_SX300_V1___.png\" \/> <\/div>\n<div class=\"a-section a-spacing-none column-heading\">\n<h1 class=\"aplus-h3 a-text-bold\"> 4 \u201eUsu\u0144 ba\u0144ki <\/h1>\n<\/p>\n<\/div>\n<div class=\"a-section a-spacing-none column-description\">\n<p class=\"aplus-p3\"> U\u017cyj skrobaka, aby usun\u0105\u0107 p\u0119cherzyki powietrza i \u015blady pozostawione przez alkohol. <\/p>\n<\/p>\n<\/div>\n<\/div>\n<\/div>\n<\/div>\n<\/div>\n<div class=\"celwidget aplus-module premium-module-8-hero-video aplus-premium\">\n<div class=\"a-section a-spacing-none premium-aplus premium-aplus-module-8\">\n<div class=\"a-section a-spacing-none premium-aplus-module-8-video\">\n<div class=\"a-section a-spacing-none video-container\">\n<div id=\"163ecb4e-7c63-493d-9e59-a4bf6bd27248\" style=\"width:100%;height:100%\">\n<div class=\"vse-airy-container vse-player-container none\">\n<div id=\"ive-aplus-22018-player-label-container\" data-element-id=\"ive-player-label-container\" class=\"a-section a-spacing-none ive-player-label-container\"><span class=\"a-declarative\" data-action=\"a-popover\" data-a-popover=\"{&quot;name&quot;:&quot;ive-aplus-22018-label-type-tooltip&quot;,&quot;width&quot;:&quot;300&quot;,&quot;position&quot;:&quot;triggerRight&quot;,&quot;dataStrategy&quot;:&quot;preload&quot;}\"><a href=\"\/pl\/void(0)\/\" role=\"button\" class=\"a-popover-trigger a-declarative ive-player-label-name aok-hidden\"><i class=\"a-icon a-icon-popover\"><\/i><\/a><\/span><\/p>\n<div class=\"a-popover-preload\" id=\"a-popover-ive-aplus-22018-label-type-tooltip\"><span class=\"ive-demo-label-tooltip ive-player-label-tooltip aok-hidden\">Film pokazuje u\u017cywany produkt.<\/span><span class=\"ive-assembly-label-tooltip ive-player-label-tooltip aok-hidden\">Film prowadzi Ci\u0119 przez konfiguracj\u0119 produktu.<\/span><span class=\"ive-comparison-label-tooltip ive-player-label-tooltip aok-hidden\">Film por\u00f3wnuje r\u00f3\u017cne produkty.<\/span><span class=\"ive-unboxing-label-tooltip ive-player-label-tooltip aok-hidden\">Film pokazuje rozpakowywanie produktu.<\/span><\/div>\n<\/p><\/div>\n<\/p><\/div>\n<\/div>\n<\/div>\n<\/div>\n<\/div>\n<\/div>\n<div class=\"celwidget aplus-module premium-module-12-nav-carousel aplus-premium\">\n<div class=\"a-section a-spacing-none premium-aplus premium-aplus-module-12 premium-aplus-module-12--top-nav\">\n<div data-module-id=\"3\" class=\"a-section a-spacing-none aplus-carousel-container\">\n<div id=\"premium-aplus-12-carousel-3-id\" data-a-carousel-options=\"{&quot;peek_percentage&quot;:0,&quot;minimum_gutter_width&quot;:0,&quot;show_partial_next&quot;:false,&quot;name&quot;:&quot;premium-aplus-12-carousel-3&quot;}\" aria-label=\"Karuzela polecanych tre\u015bci\" data-a-display-strategy=\"single\" data-a-transition-strategy=\"slideCircular\" role=\"group\" class=\"a-begin a-carousel-container a-carousel-static a-carousel-display-single a-carousel-transition-slideCircular aplus-image-carousel-container\">\n<div class=\"a-row a-carousel-controls a-carousel-row a-carousel-has-buttons a-carousel-overlay-buttons a-carousel-rounded-buttons\">\n<div class=\"a-carousel-row-inner\">\n<div class=\"a-carousel-col a-carousel-left\"><a class=\"a-carousel-goto-prevpage\" role=\"button\" href=\"#\"><i class=\"a-icon a-icon-previous-rounded\"><span class=\"a-icon-alt\">Poprzednia strona<\/span><\/i><\/a><\/div>\n<div class=\"a-carousel-col a-carousel-center\">\n<div class=\"a-carousel-viewport\" role=\"group\">\n<ol class=\"a-carousel\" role=\"list\">\n<li class=\"a-carousel-card aplus-carousel-card\">\n<div class=\"a-section a-spacing-none aplus-card-image\"> <img decoding=\"async\" alt=\"Materia\u0142 wysokiej jako\u015bci\" src=\"https:\/\/m.media-amazon.com\/images\/S\/aplus-media-library-service-media\/0e9d4f8e-f694-4e6f-b06b-19561b4a7a4f.__CR0,0,1464,600_PT0_SX1464_V1___.png\" \/> <\/div>\n<\/li>\n<li class=\"a-carousel-card aplus-carousel-card\">\n<div class=\"a-section a-spacing-none aplus-card-image\"> <img decoding=\"async\" alt=\"Przeciw ryzyku\" src=\"https:\/\/m.media-amazon.com\/images\/S\/aplus-media-library-service-media\/35d7f37e-9cb9-46bb-acec-14c433cfe7ec.__CR0,0,1464,600_PT0_SX1464_V1___.png\" \/> <\/div>\n<\/li>\n<li class=\"a-carousel-card aplus-carousel-card\">\n<div class=\"a-section a-spacing-none aplus-card-image\"> <img decoding=\"async\" alt=\"Ochrona\" src=\"https:\/\/m.media-amazon.com\/images\/S\/aplus-media-library-service-media\/f737e049-db59-437a-8853-2483b8a0a8f0.__CR0,0,1464,600_PT0_SX1464_V1___.png\" \/> <\/div>\n<\/li>\n<\/ol><\/div>\n<\/p><\/div>\n<div class=\"a-carousel-col a-carousel-right\"><a class=\"a-carousel-goto-nextpage\" role=\"button\" href=\"#\"><i class=\"a-icon a-icon-next-rounded\"><span class=\"a-icon-alt\">Nast\u0119pna strona<\/span><\/i><\/a><\/div>\n<\/p><\/div>\n<\/p><\/div>\n<\/div>\n<\/div>\n<\/div>\n<\/div>\n<div class=\"celwidget aplus-module premium-module-13-carousel aplus-premium\">\n<div class=\"a-section a-spacing-none premium-aplus premium-aplus-module-13\">\n<h1 class=\"aplus-container-3 aplus-h1 a-text-bold\"> Mo\u017ce ci si\u0119 spodoba\u0107: <\/h1>\n<div class=\"a-section a-spacing-none aplus-carousel-container\">\n<div id=\"premium-aplus-13-carousel-4-id\" data-a-carousel-options=\"{&quot;peek_percentage&quot;:0,&quot;minimum_gutter_width&quot;:0,&quot;show_partial_next&quot;:false,&quot;name&quot;:&quot;premium-aplus-13-carousel-4&quot;}\" aria-label=\"Karuzela polecanych tre\u015bci\" data-a-display-strategy=\"single\" data-a-transition-strategy=\"slideCircular\" role=\"group\" class=\"a-begin a-carousel-container a-carousel-static a-carousel-display-single a-carousel-transition-slideCircular\">\n<div class=\"a-row a-carousel-controls a-carousel-row a-carousel-has-buttons a-carousel-overlay-buttons a-carousel-rounded-buttons\">\n<div class=\"a-carousel-row-inner\">\n<div class=\"a-carousel-col a-carousel-left\"><a class=\"a-carousel-goto-prevpage\" role=\"button\" href=\"#\"><i class=\"a-icon a-icon-previous-rounded\"><span class=\"a-icon-alt\">Poprzednia strona<\/span><\/i><\/a><\/div>\n<div class=\"a-carousel-col a-carousel-center\">\n<div class=\"a-carousel-viewport\" role=\"group\">\n<ol class=\"a-carousel\" role=\"list\">\n<li class=\"a-carousel-card aplus-carousel-element\">\n<div id=\"premium-aplus-13-carousel-4-slide-0\">\n<div class=\"a-section a-spacing-none aplus-card-image\"> <img decoding=\"async\" alt=\"CZARNY\" src=\"https:\/\/m.media-amazon.com\/images\/S\/aplus-media-library-service-media\/8f1029ce-f1ce-47e1-a4fb-9765c6849c02.__CR0,0,1464,600_PT0_SX1464_V1___.png\" \/> <\/div>\n<div class=\"a-section a-spacing-none aplus-card-description-wrapper\">\n<div class=\"a-section a-spacing-none aplus-card-description aplus-container-1-2\">\n<div class=\"a-section a-spacing-none aplus-card-table-cell\">\n<div class=\"a-section a-spacing-none aplus-text-background aplus-container-1\">\n<div class=\"a-section a-spacing-none aplus-card-title\">\n<h1 class=\"aplus-h2 a-text-bold\"> obudowa Kindle 11 generacji (C2V2L3 i RS23CV) czarna <\/h1>\n<\/p>\n<\/div>\n<div class=\"a-section a-spacing-none aplus-card-body\">\n<p class=\"aplus-p3\"> Pe\u0142na ochrona z funkcj\u0105 automatycznej hibernacji i czujnikiem magnetycznym Zabierz Kindle bezpiecznie wsz\u0119dzie. <\/p>\n<\/p>\n<\/div>\n<div class=\"a-section a-spacing-none aplus-card-link-button\"> <span class=\"a-button a-button-toggle aplus-comparison-table-carousel-link-button\"><span class=\"a-button-inner\"><a href=\"\/pl\/dp\/B0DBFKYYBP\/?ref=emc_p_m_13_b\" aria-label=\"Dowiedz si\u0119 wi\u0119cej o produkcie: Kindle 11th Generation Case (C2V2L3 i RS23CV) Black\" class=\"a-button-text\"> Wi\u0119cej informacji <\/a><\/span><\/span> <\/div>\n<\/p>\n<\/div>\n<\/div>\n<\/div>\n<\/div>\n<\/div>\n<\/li>\n<li class=\"a-carousel-card aplus-carousel-element\">\n<div id=\"premium-aplus-13-carousel-4-slide-1\">\n<div class=\"a-section a-spacing-none aplus-card-image\"> <img decoding=\"async\" alt=\"Granatowy\" src=\"https:\/\/m.media-amazon.com\/images\/S\/aplus-media-library-service-media\/78612073-1335-442f-9e4a-96fefa745a54.__CR0,0,1464,600_PT0_SX1464_V1___.png\" \/> <\/div>\n<div class=\"a-section a-spacing-none aplus-card-description-wrapper\">\n<div class=\"a-section a-spacing-none aplus-card-description aplus-container-1-2\">\n<div class=\"a-section a-spacing-none aplus-card-table-cell\">\n<div class=\"a-section a-spacing-none aplus-text-background aplus-container-1\">\n<div class=\"a-section a-spacing-none aplus-card-title\">\n<h1 class=\"aplus-h2 a-text-bold\"> obudowa Kindle 11 generacji (C2V2L3 i RS23CV) Niebieska <\/h1>\n<\/p>\n<\/div>\n<div class=\"a-section a-spacing-none aplus-card-body\">\n<p class=\"aplus-p3\"> Pe\u0142na ochrona z funkcj\u0105 automatycznej hibernacji i czujnikiem magnetycznym Zabierz Kindle bezpiecznie wsz\u0119dzie. <\/p>\n<\/p>\n<\/div>\n<div class=\"a-section a-spacing-none aplus-card-link-button\"> <span class=\"a-button a-button-toggle aplus-comparison-table-carousel-link-button\"><span class=\"a-button-inner\"><a href=\"\/pl\/dp\/B0DBFK2LLD\/?ref=emc_p_m_13_b\" aria-label=\"Dowiedz si\u0119 wi\u0119cej o produkcie: 11th Generation Kindle Case (C2V2L3 i RS23CV) Niebieski\" class=\"a-button-text\"> Wi\u0119cej informacji <\/a><\/span><\/span> <\/div>\n<\/p>\n<\/div>\n<\/div>\n<\/div>\n<\/div>\n<\/div>\n<\/li>\n<li class=\"a-carousel-card aplus-carousel-element\">\n<div id=\"premium-aplus-13-carousel-4-slide-2\">\n<div class=\"a-section a-spacing-none aplus-card-image\"> <img decoding=\"async\" alt=\"R\u00f3\u017ca\" src=\"https:\/\/m.media-amazon.com\/images\/S\/aplus-media-library-service-media\/74576a5d-9b4b-4e13-b110-60731da13da3.__CR0,0,1464,600_PT0_SX1464_V1___.png\" \/> <\/div>\n<div class=\"a-section a-spacing-none aplus-card-description-wrapper\">\n<div class=\"a-section a-spacing-none aplus-card-description aplus-container-1-2\">\n<div class=\"a-section a-spacing-none aplus-card-table-cell\">\n<div class=\"a-section a-spacing-none aplus-text-background aplus-container-1\">\n<div class=\"a-section a-spacing-none aplus-card-title\">\n<h1 class=\"aplus-h2 a-text-bold\"> obudowa Kindle 11 generacji (C2V2L3 i RS23CV) R\u00f3\u017cowa <\/h1>\n<\/p>\n<\/div>\n<div class=\"a-section a-spacing-none aplus-card-body\">\n<p class=\"aplus-p3\"> Pe\u0142na ochrona z funkcj\u0105 automatycznej hibernacji i czujnikiem magnetycznym Zabierz Kindle bezpiecznie wsz\u0119dzie. <\/p>\n<\/p>\n<\/div>\n<div class=\"a-section a-spacing-none aplus-card-link-button\"> <span class=\"a-button a-button-toggle aplus-comparison-table-carousel-link-button\"><span class=\"a-button-inner\"><a href=\"\/pl\/dp\/B0DBFLD6WG\/?ref=emc_p_m_13_b\" aria-label=\"Dowiedz si\u0119 wi\u0119cej o produkcie: R\u00f3\u017cowa obudowa Kindle 11. generacji (C2V2L3 i RS23CV)\" class=\"a-button-text\"> Wi\u0119cej informacji <\/a><\/span><\/span> <\/div>\n<\/p>\n<\/div>\n<\/div>\n<\/div>\n<\/div>\n<\/div>\n<\/li>\n<li class=\"a-carousel-card aplus-carousel-element\">\n<div id=\"premium-aplus-13-carousel-4-slide-3\">\n<div class=\"a-section a-spacing-none aplus-card-image\"> <img decoding=\"async\" alt=\"CZARNY\" src=\"https:\/\/m.media-amazon.com\/images\/S\/aplus-media-library-service-media\/596f6351-3480-4eb4-ae2d-371a04b1d4e8.__CR0,0,1464,600_PT0_SX1464_V1___.png\" \/> <\/div>\n<div class=\"a-section a-spacing-none aplus-card-description-wrapper\">\n<div class=\"a-section a-spacing-none aplus-card-description aplus-container-1-2\">\n<div class=\"a-section a-spacing-none aplus-card-table-cell\">\n<div class=\"a-section a-spacing-none aplus-text-background aplus-container-1\">\n<div class=\"a-section a-spacing-none aplus-card-title\">\n<h1 class=\"aplus-h2 a-text-bold\"> Obudowa Kindle 11 generacji (C2V2L3 i RS23CV) Origami <\/h1>\n<\/p>\n<\/div>\n<div class=\"a-section a-spacing-none aplus-card-body\">\n<p class=\"aplus-p3\"> Pe\u0142na ochrona z funkcj\u0105 automatycznej hibernacji i czujnikiem magnetycznym Zabierz Kindle bezpiecznie wsz\u0119dzie. <\/p>\n<\/p>\n<\/div>\n<div class=\"a-section a-spacing-none aplus-card-link-button\"> <span class=\"a-button a-button-toggle aplus-comparison-table-carousel-link-button\"><span class=\"a-button-inner\"><a href=\"\/pl\/dp\/B0DKV79YJK\/?ref=emc_p_m_13_b\" aria-label=\"Dowiedz si\u0119 wi\u0119cej o produkcie: Obudowa Kindle 11. generacji Origami (C2V2L3 i RS23CV)\" class=\"a-button-text\"> Wi\u0119cej informacji <\/a><\/span><\/span> <\/div>\n<\/p>\n<\/div>\n<\/div>\n<\/div>\n<\/div>\n<\/div>\n<\/li>\n<li class=\"a-carousel-card aplus-carousel-element\">\n<div id=\"premium-aplus-13-carousel-4-slide-4\">\n<div class=\"a-section a-spacing-none aplus-card-image\"> <img decoding=\"async\" alt=\"Gwia\u017adzista noc\" src=\"https:\/\/m.media-amazon.com\/images\/S\/aplus-media-library-service-media\/c0fde90a-a3ab-45eb-9e4a-ccdfea109c05.__CR0,0,1464,600_PT0_SX1464_V1___.png\" \/> <\/div>\n<div class=\"a-section a-spacing-none aplus-card-description-wrapper\">\n<div class=\"a-section a-spacing-none aplus-card-description aplus-container-1-2\">\n<div class=\"a-section a-spacing-none aplus-card-table-cell\">\n<div class=\"a-section a-spacing-none aplus-text-background aplus-container-1\">\n<div class=\"a-section a-spacing-none aplus-card-title\">\n<h1 class=\"aplus-h2 a-text-bold\"> Futera\u0142 Kindle 11. generacji Van Gogha (C2V2L3 i RS23CV) <\/h1>\n<\/p>\n<\/div>\n<div class=\"a-section a-spacing-none aplus-card-body\">\n<p class=\"aplus-p3\"> Pe\u0142na ochrona z funkcj\u0105 automatycznej hibernacji i czujnikiem magnetycznym Zabierz Kindle bezpiecznie wsz\u0119dzie. <\/p>\n<\/p>\n<\/div>\n<div class=\"a-section a-spacing-none aplus-card-link-button\"> <span class=\"a-button a-button-toggle aplus-comparison-table-carousel-link-button\"><span class=\"a-button-inner\"><a href=\"\/pl\/dp\/B0DBLZ3QBY\/?ref=emc_p_m_13_b\" aria-label=\"Dowiedz si\u0119 wi\u0119cej o produkcie: Van Gogh 11th Generation Kindle Case (C2V2L3 i RS23 CV)\" class=\"a-button-text\"> Wi\u0119cej informacji <\/a><\/span><\/span> <\/div>\n<\/p>\n<\/div>\n<\/div>\n<\/div>\n<\/div>\n<\/div>\n<\/li>\n<\/ol><\/div>\n<\/p><\/div>\n<div class=\"a-carousel-col a-carousel-right\"><a class=\"a-carousel-goto-nextpage\" role=\"button\" href=\"#\"><i class=\"a-icon a-icon-next-rounded\"><span class=\"a-icon-alt\">Nast\u0119pna strona<\/span><\/i><\/a><\/div>\n<\/p><\/div>\n<\/p><\/div>\n<\/div>\n<div class=\"a-section a-spacing-none aplus-pagination-wrapper\">\n<div class=\"aplus-mantle aplus-module\">\n<div class=\"aplus-carousel-nav\">\n<ul id=\"aplus-pagination-group-4-premium-aplus-13-carousel-4\" class=\"aplus-pagination-dots\" aria-label=\"sekcja tablist\u00f3w\" role=\"tablist\">\n<li class=\"aplus-pagination-dot\"> <\/li>\n<li class=\"aplus-pagination-dot\"> <\/li>\n<li class=\"aplus-pagination-dot\"> <\/li>\n<li class=\"aplus-pagination-dot\"> <\/li>\n<li class=\"aplus-pagination-dot\"> <\/li>\n<\/ul>\n<\/div>\n<\/div>\n<\/div>\n<\/div>\n<\/div>\n<\/div>\n<div class=\"celwidget aplus-module premium-module-11-faq aplus-premium\">\n<div class=\"a-section a-spacing-none premium-aplus premium-aplus-module-11\">\n<div data-faq-block=\"5\" class=\"a-section a-spacing-none aplus-container-2 faqs-container 5\">\n<ul class=\"faq-list\">\n<li id=\"faq-qa-pair-0\" class=\"faq-block\">\n<h3> <span data-faq-question role=\"button\" aria-controls=\"faq-0\" aria-expanded=\"false\"> <\/p>\n<p class=\"aplus-question aplus-p1\"> Jak znale\u017a\u0107 model mojego Kindle? <\/p>\n<p> <\/span> <\/h3>\n<p class=\"aplus-answer aplus-p2\"> Na odwrocie urz\u0105dzenia, drobnym drukiem, mo\u017cna znale\u017a\u0107 MODEL NO: C2V2L3 lub RS23CV (Model 2022 i 2024), wskazuj\u0105c, \u017ce jest to Kindle 11. generacji kompatybilny z t\u0105 foli\u0105. <\/p>\n<\/li>\n<li id=\"faq-qa-pair-1\" class=\"faq-block\">\n<h3> <span data-faq-question role=\"button\" aria-controls=\"faq-1\" aria-expanded=\"false\"> <\/p>\n<p class=\"aplus-question aplus-p1\"> Czy film jest prosty do usuni\u0119cia? <\/p>\n<p> <\/span> <\/h3>\n<p class=\"aplus-answer aplus-p2\"> Tak, konstrukcja z zaokr\u0105glonymi naro\u017cnikami u\u0142atwia nak\u0142adanie i usuwanie. <\/p>\n<\/li>\n<li id=\"faq-qa-pair-2\" class=\"faq-block\">\n<h3> <span data-faq-question role=\"button\" aria-controls=\"faq-2\" aria-expanded=\"false\"> <\/p>\n<p class=\"aplus-question aplus-p1\"> Czy s\u0105 opcje os\u0142ony dla mojego Kindle? <\/p>\n<p> <\/span> <\/h3>\n<p class=\"aplus-answer aplus-p2\"> Tak, oferujemy r\u00f3\u017cnorodne opcje pokrowc\u00f3w, w tym modele z wyra\u017anymi wzorami TPU, paski i pokrowce Odwied\u017a nasz sklep, aby sprawdzi\u0107 wszystkie dost\u0119pne produkty. <\/p>\n<\/li>\n<li id=\"faq-qa-pair-3\" class=\"faq-block\">\n<h3> <span data-faq-question role=\"button\" aria-controls=\"faq-3\" aria-expanded=\"false\"> <\/p>\n<p class=\"aplus-question aplus-p1\"> Kiedy zostanie zrealizowana dostawa? <\/p>\n<p> <\/span> <\/h3>\n<p class=\"aplus-answer aplus-p2\"> Sprawd\u017a szacunkow\u0105 dostaw\u0119 w momencie zakupu. Nasze produkty s\u0105 przechowywane i wysy\u0142ane przez Amazon, co zapewnia niezwykle szybk\u0105 dostaw\u0119 i doskona\u0142\u0105 obs\u0142ug\u0119 dla Ciebie. <\/p>\n<\/li>\n<\/ul>\n<\/div>\n<\/div>\n<\/div>\n<\/div>\n<\/div>\n<\/div>\n<\/div>\n<table id=\"productDetails_techSpec_section_1\" class=\"a-keyvalue prodDetTable\">\n<tr>\n<th class=\"a-color-secondary a-size-base prodDetSectionEntry\"> Certyfikat <\/th>\n<td class=\"a-size-base prodDetAttrValue\"> Nie dotyczy <\/td>\n<\/tr>\n<tr>\n<th class=\"a-color-secondary a-size-base prodDetSectionEntry\"> Charakterystyka specjalna <\/th>\n<td class=\"a-size-base prodDetAttrValue\"> Antyrefleksyjny, Zaokr\u0105glona kraw\u0119d\u017a, Odporny na plamy, Odporny na zarysowania, Wysoka czu\u0142o\u015b\u0107 dotyku <\/td>\n<\/tr>\n<tr>\n<th class=\"a-color-secondary a-size-base prodDetSectionEntry\"> Pionowy rozmiar ekranu <\/th>\n<td class=\"a-size-base prodDetAttrValue\"> 6 cali <\/td>\n<\/tr>\n<tr>\n<th class=\"a-color-secondary a-size-base prodDetSectionEntry\"> Kolor <\/th>\n<td class=\"a-size-base prodDetAttrValue\"> Przezroczysty <\/td>\n<\/tr>\n<tr>\n<th class=\"a-color-secondary a-size-base prodDetSectionEntry\"> W zestawie komponenty <\/th>\n<td class=\"a-size-base prodDetAttrValue\"> Kindle Film 11. generacji <\/td>\n<\/tr>\n<tr>\n<th class=\"a-color-secondary a-size-base prodDetSectionEntry\"> Liczba jednostek <\/th>\n<td class=\"a-size-base prodDetAttrValue\"> 1 <\/td>\n<\/tr>\n<tr>\n<th class=\"a-color-secondary a-size-base prodDetSectionEntry\"> Materia\u0142 <\/th>\n<td class=\"a-size-base prodDetAttrValue\"> Termoplastyczny poliuretan <\/td>\n<\/tr>\n<tr>\n<th class=\"a-color-secondary a-size-base prodDetSectionEntry\"> Kompatybilne modele <\/th>\n<td class=\"a-size-base prodDetAttrValue\"> Kindle 6 cali 2022 i 2024 <\/td>\n<\/tr>\n<tr>\n<th class=\"a-color-secondary a-size-base prodDetSectionEntry\"> Waga produktu <\/th>\n<td class=\"a-size-base prodDetAttrValue\"> 20 GR <\/td>\n<\/tr>\n<tr>\n<th class=\"a-color-secondary a-size-base prodDetSectionEntry\"> Wymiary produktu <\/th>\n<td class=\"a-size-base prodDetAttrValue\"> 12 X 9 x 1,27 cm; 20g <\/td>\n<\/tr>\n<tr>\n<th class=\"a-color-secondary a-size-base prodDetSectionEntry\"> Marka <\/th>\n<td class=\"a-size-base prodDetAttrValue\"> Mavif <\/td>\n<\/tr>\n<tr>\n<th class=\"a-color-secondary a-size-base prodDetSectionEntry\"> Czy bateria lub bateria dzia\u0142a? <\/th>\n<td class=\"a-size-base prodDetAttrValue\"> Nie <\/td>\n<\/tr>\n<\/table><\/div>","protected":false},"excerpt":{"rendered":"<ul>\n<li> Kompatybilno\u015b\u0107: Precyzyjnie zaprojektowany, aby by\u0142 kompatybilny z Kindle 11th Generation (2024 i 2022) 6 \"Col\u00f3w  <\/li>\n<li> Perfect Fit: Ultraprecyzyjna technika ci\u0119cia zapewniaj\u0105ca doskona\u0142e przycinanie, oferuj\u0105ca maksymaln\u0105 ochron\u0119 przy pe\u0142nym pokryciu od kraw\u0119dzi do kraw\u0119dzi.  <\/li>\n<li> Antyrefleksyjny: matowa powierzchnia zapobiega \u015bladom i plamom palc\u00f3w, zmniejsza odbicia i oferuje komfortowy odczyt.  <\/li>\n<li> Materia\u0142 premium: Wykonany z wysokiej jako\u015bci materia\u0142u, ten ochraniacz nie pozostawia pozosta\u0142o\u015bci po usuni\u0119ciu.  <\/li>\n<li> Doskona\u0142a ochrona: Chro\u0144 ekran przed zadrapaniami, kurzem i codziennym zu\u017cyciem.  <\/li>\n<\/ul>","protected":false},"featured_media":0,"comment_status":"open","ping_status":"closed","template":"","meta":[],"product_cat":[1897,1898,1896],"product_tag":[],"class_list":{"0":"post-94404","1":"product","2":"type-product","3":"status-publish","5":"product_brand-visite-a-loja-mavife","6":"product_cat-acessorios","7":"product_cat-acessorios-para-tablets","8":"product_cat-computadores-e-informatica","10":"first","11":"instock","12":"sale","13":"shipping-taxable","14":"purchasable","15":"product-type-simple"},"aioseo_notices":[],"_links":{"self":[{"href":"https:\/\/www.ecommerceupdate.com.br\/pl\/wp-json\/wp\/v2\/product\/94404","targetHints":{"allow":["GET"]}}],"collection":[{"href":"https:\/\/www.ecommerceupdate.com.br\/pl\/wp-json\/wp\/v2\/product"}],"about":[{"href":"https:\/\/www.ecommerceupdate.com.br\/pl\/wp-json\/wp\/v2\/types\/product"}],"replies":[{"embeddable":true,"href":"https:\/\/www.ecommerceupdate.com.br\/pl\/wp-json\/wp\/v2\/comments?post=94404"}],"wp:attachment":[{"href":"https:\/\/www.ecommerceupdate.com.br\/pl\/wp-json\/wp\/v2\/media?parent=94404"}],"wp:term":[{"taxonomy":"product_cat","embeddable":true,"href":"https:\/\/www.ecommerceupdate.com.br\/pl\/wp-json\/wp\/v2\/product_cat?post=94404"},{"taxonomy":"product_tag","embeddable":true,"href":"https:\/\/www.ecommerceupdate.com.br\/pl\/wp-json\/wp\/v2\/product_tag?post=94404"}],"curies":[{"name":"wp","href":"https:\/\/api.w.org\/{rel}","templated":true}]}}