{"id":91273,"date":"2026-02-05T07:17:23","date_gmt":"2026-02-05T10:17:23","guid":{"rendered":"https:\/\/www.ecommerceupdate.org\/produto\/e-marketplace-e-contratacoes-publicas\/"},"modified":"2026-04-19T23:29:52","modified_gmt":"2026-04-20T02:29:52","slug":"e-marketplace-e-contratacoes-publicas","status":"publish","type":"product","link":"https:\/\/www.ecommerceupdate.com.br\/produto\/e-marketplace-e-contratacoes-publicas\/","title":{"rendered":"E-Marketplace e Contrata\u00e7\u00f5es P\u00fablicas"},"content":{"rendered":"<div class=\"woocommerce-product-details\">\n<h3>Detalhes do produto<\/h3>\n<ul>\n<li>Editora : JusPodivm<\/li>\n<li>Data da publica\u00e7\u00e3o : 31 mar\u00e7o 2025<\/li>\n<li>Edi\u00e7\u00e3o : 1\u00aa<\/li>\n<li>Idioma : Portugu\u00eas<\/li>\n<li>N\u00famero de p\u00e1ginas : 336 p\u00e1ginas<\/li>\n<li>ISBN-10 : 8544257739<\/li>\n<li>ISBN-13 : 978-8544257739<\/li>\n<li>Peso do produto : 420 g<\/li>\n<li>Idade de leitura : 14 anos e acima<\/li>\n<li>Dimens\u00f5es : 23 x 16 x 2 cm<\/li>\n<li>Ranking dos mais vendidos: N\u00ba 188.657 em Livros (Conhe\u00e7a o Top 100 na categoria Livros) N\u00ba 6.793 em Direito Profissional e T\u00e9cnico<\/li>\n<li>N\u00ba 6.793 em Direito Profissional e T\u00e9cnico<\/li>\n<\/ul><\/div>\n","protected":false},"excerpt":{"rendered":"<p>E-Marketplace e Contrata\u00e7\u00f5es P\u00fablicas<\/p>\n","protected":false},"featured_media":91273,"comment_status":"open","ping_status":"closed","template":"","meta":{"_aipt_faq_data":""},"product_cat":[1609,1595],"product_tag":[],"class_list":{"0":"post-91273","1":"product","2":"type-product","3":"status-publish","4":"has-post-thumbnail","6":"product_brand-edicao-portugus-por-ronny-charles-lopes-de-torres-autor","7":"product_cat-direito","8":"product_cat-livros","10":"first","11":"instock","12":"shipping-taxable","13":"purchasable","14":"product-type-simple"},"aioseo_notices":[],"_links":{"self":[{"href":"https:\/\/www.ecommerceupdate.com.br\/wp-json\/wp\/v2\/product\/91273","targetHints":{"allow":["GET"]}}],"collection":[{"href":"https:\/\/www.ecommerceupdate.com.br\/wp-json\/wp\/v2\/product"}],"about":[{"href":"https:\/\/www.ecommerceupdate.com.br\/wp-json\/wp\/v2\/types\/product"}],"replies":[{"embeddable":true,"href":"https:\/\/www.ecommerceupdate.com.br\/wp-json\/wp\/v2\/comments?post=91273"}],"wp:featuredmedia":[{"embeddable":true,"href":"https:\/\/www.ecommerceupdate.com.br\/wp-json\/wp\/v2\/product\/91273"}],"wp:attachment":[{"href":"https:\/\/www.ecommerceupdate.com.br\/wp-json\/wp\/v2\/media?parent=91273"}],"wp:term":[{"taxonomy":"product_cat","embeddable":true,"href":"https:\/\/www.ecommerceupdate.com.br\/wp-json\/wp\/v2\/product_cat?post=91273"},{"taxonomy":"product_tag","embeddable":true,"href":"https:\/\/www.ecommerceupdate.com.br\/wp-json\/wp\/v2\/product_tag?post=91273"}],"curies":[{"name":"wp","href":"https:\/\/api.w.org\/{rel}","templated":true}]}}