{"id":91651,"date":"2026-02-07T11:46:23","date_gmt":"2026-02-07T14:46:23","guid":{"rendered":"https:\/\/www.ecommerceupdate.org\/produto\/domina-airbnb-desde-cero-la-guia-definitiva-para-triunfar-en-las-rentas-a-corto-plazo\/"},"modified":"2026-03-13T15:22:40","modified_gmt":"2026-03-13T18:22:40","slug":"domina-airbnb-desde-cero-la-guia-definitiva-para-triunfar-en-las-rentas-a-corto-plazo","status":"publish","type":"product","link":"https:\/\/www.ecommerceupdate.com.br\/pt\/produto\/domina-airbnb-desde-cero-la-guia-definitiva-para-triunfar-en-las-rentas-a-corto-plazo\/","title":{"rendered":"Domina Airbnb desde Cero: La gu\u00eda definitiva para triunfar en las rentas a corto plazo"},"content":{"rendered":"<div class=\"woocommerce-product-details\">\n<h3>Detalhes do produto<\/h3>\n<ul>\n<li>Editora : Panhouse<\/li>\n<li>Data da publica\u00e7\u00e3o : 8 dezembro 2025<\/li>\n<li>Idioma : Espanhol<\/li>\n<li>N\u00famero de p\u00e1ginas : 188 p\u00e1ginas<\/li>\n<li>ISBN-10 : 9804376164<\/li>\n<li>ISBN-13 : 978-9804376160<\/li>\n<li>Peso do produto : 259 g<\/li>\n<li>Dimens\u00f5es : 15.24 x 1.09 x 22.86 cm<\/li>\n<li>Avalia\u00e7\u00f5es dos clientes: 5,0 5,0 de 5 estrelas (31)<\/li>\n<\/ul><\/div>","protected":false},"excerpt":{"rendered":"<p>Desde una casa que se ca\u00eda a pedazos en el coraz\u00f3n de Centro Habana hasta liderar exitosas empresas de gesti\u00f3n de propiedades y consultor\u00eda en la Florida, Mario Otero no solo transform\u00f3 su vida: dise\u00f1\u00f3 un camino real y posible para que otros tambi\u00e9n lo recorran.Este libro no es una promesa vac\u00eda ni una f\u00f3rmula m\u00e1gica, es un testimonio de resiliencia y perseverancia convertido en gu\u00eda pr\u00e1ctica. Es la historia de alguien que empez\u00f3 desde cero -sin capital, sin contactos, sin privilegios- y logr\u00f3 convertir las limitaciones en prop\u00f3sito, la incertidumbre en estrategia y el miedo en acci\u00f3n.En estas p\u00e1ginas descubrir\u00e1s c\u00f3mo funciona de verdad el negocio de las rentas a corto plazo, explicado con claridad, cercan\u00eda y experiencia propia. Aprender\u00e1s a comenzar incluso si no tienes una propiedad, a dise\u00f1ar espacios que enamoren, a destacarte en un mercado competitivo y a convertir tu talento en ingresos sostenibles.<br \/>Pero, sobre todo, este libro fue escrito con un objetivo: darte el impulso que necesitas para dejar de mirar desde afuera y atreverte a dar tu primer paso en Airbnb.Mario ha acompa\u00f1ado a cientos de emprendedores y familias latinas a lanzar y escalar sus negocios de Airbnb hasta alcanzar ingresos de seis cifras al a\u00f1o. Y no te habla desde una torre de \u00e9xito, sino desde la autenticidad de quien ha vivido el esfuerzo, las ca\u00eddas, los milagros y las decisiones dif\u00edciles. Su estilo directo, humano y lleno de verdad convierte cada cap\u00edtulo en una conversaci\u00f3n \u00edntima con un amigo que informa, inspira y transforma. Aqu\u00ed no solo vas a descubrir c\u00f3mo emprender; tambi\u00e9n vas a reconectar con tu esencia, recordar por qu\u00e9 comenzaste y decidir que historia quieres construir con tu vida.Este libro no es el final de una historia de \u00e9xito. Es la chispa que puede encender la tuya.<\/p>","protected":false},"featured_media":91651,"comment_status":"open","ping_status":"closed","template":"","meta":[],"product_cat":[1611,1595,1610],"product_tag":[],"class_list":{"0":"post-91651","1":"product","2":"type-product","3":"status-publish","4":"has-post-thumbnail","6":"product_brand-edicao-espanhol-por-mario-otero-autor","7":"product_cat-administracao-negocios-e-economia","8":"product_cat-livros","9":"product_cat-livros-internacionais","11":"first","12":"instock","13":"shipping-taxable","14":"purchasable","15":"product-type-simple"},"aioseo_notices":[],"_links":{"self":[{"href":"https:\/\/www.ecommerceupdate.com.br\/pt\/wp-json\/wp\/v2\/product\/91651","targetHints":{"allow":["GET"]}}],"collection":[{"href":"https:\/\/www.ecommerceupdate.com.br\/pt\/wp-json\/wp\/v2\/product"}],"about":[{"href":"https:\/\/www.ecommerceupdate.com.br\/pt\/wp-json\/wp\/v2\/types\/product"}],"replies":[{"embeddable":true,"href":"https:\/\/www.ecommerceupdate.com.br\/pt\/wp-json\/wp\/v2\/comments?post=91651"}],"wp:featuredmedia":[{"embeddable":true,"href":"https:\/\/www.ecommerceupdate.com.br\/pt\/wp-json\/wp\/v2\/product\/91651"}],"wp:attachment":[{"href":"https:\/\/www.ecommerceupdate.com.br\/pt\/wp-json\/wp\/v2\/media?parent=91651"}],"wp:term":[{"taxonomy":"product_cat","embeddable":true,"href":"https:\/\/www.ecommerceupdate.com.br\/pt\/wp-json\/wp\/v2\/product_cat?post=91651"},{"taxonomy":"product_tag","embeddable":true,"href":"https:\/\/www.ecommerceupdate.com.br\/pt\/wp-json\/wp\/v2\/product_tag?post=91651"}],"curies":[{"name":"wp","href":"https:\/\/api.w.org\/{rel}","templated":true}]}}