{"id":91660,"date":"2026-02-07T12:37:33","date_gmt":"2026-02-07T15:37:33","guid":{"rendered":"https:\/\/www.ecommerceupdate.org\/produto\/logistica-de-e-commerce\/"},"modified":"2026-03-13T15:23:37","modified_gmt":"2026-03-13T18:23:37","slug":"logistica-de-e-commerce","status":"publish","type":"product","link":"https:\/\/www.ecommerceupdate.com.br\/pt\/produto\/logistica-de-e-commerce\/","title":{"rendered":"Log\u00edstica de E-commerce"},"content":{"rendered":"<div class=\"woocommerce-product-details\"><\/div>","protected":false},"excerpt":{"rendered":"<p>Prezado(a) aluno(a), O com\u00e9rcio eletr\u00f4nico tem transformado a maneira como as pessoas se relacionam com as empresas. Se antes elas precisavam se deslocar at\u00e9 o estabelecimento para realizar sua compra, hoje qualquer pessoa com um smartphone com acesso \u00e0 internet pode, com toda conveni\u00eancia, realizar uma compra e acompanhar o status de seu pedido online. De um lado, o consumidor passou a ter mais poder e comodidade na rela\u00e7\u00e3o com a empresa; de outro, incorporou no cotidiano empresarial um enorme desafio na ger\u00eancia de toda a cadeia de suprimentos para que o produto seja entregue pelo canal mais r\u00e1pido, no tempo mais curto, no local certo e em conformidade com o pedido do cliente. Essa obra procura demonstrar, em profundidade, como as empresas devem atuar no com\u00e9rcio eletr\u00f4nico, levando em considera\u00e7\u00e3o todos os aspectos envolvidos na gest\u00e3o log\u00edstica em um mercado cada vez mais desafiador. Espero que voc\u00ea aprecie a leitura e tenha bons estudos!<\/p>","protected":false},"featured_media":91660,"comment_status":"open","ping_status":"closed","template":"","meta":[],"product_cat":[1653,1595],"product_tag":[],"class_list":{"0":"post-91660","1":"product","2":"type-product","3":"status-publish","4":"has-post-thumbnail","6":"product_brand-por-elson-hazelski-teixeira-autor","7":"product_cat-educacao-referencia-e-didaticos","8":"product_cat-livros","10":"first","11":"instock","12":"shipping-taxable","13":"purchasable","14":"product-type-simple"},"aioseo_notices":[],"_links":{"self":[{"href":"https:\/\/www.ecommerceupdate.com.br\/pt\/wp-json\/wp\/v2\/product\/91660","targetHints":{"allow":["GET"]}}],"collection":[{"href":"https:\/\/www.ecommerceupdate.com.br\/pt\/wp-json\/wp\/v2\/product"}],"about":[{"href":"https:\/\/www.ecommerceupdate.com.br\/pt\/wp-json\/wp\/v2\/types\/product"}],"replies":[{"embeddable":true,"href":"https:\/\/www.ecommerceupdate.com.br\/pt\/wp-json\/wp\/v2\/comments?post=91660"}],"wp:featuredmedia":[{"embeddable":true,"href":"https:\/\/www.ecommerceupdate.com.br\/pt\/wp-json\/wp\/v2\/product\/91660"}],"wp:attachment":[{"href":"https:\/\/www.ecommerceupdate.com.br\/pt\/wp-json\/wp\/v2\/media?parent=91660"}],"wp:term":[{"taxonomy":"product_cat","embeddable":true,"href":"https:\/\/www.ecommerceupdate.com.br\/pt\/wp-json\/wp\/v2\/product_cat?post=91660"},{"taxonomy":"product_tag","embeddable":true,"href":"https:\/\/www.ecommerceupdate.com.br\/pt\/wp-json\/wp\/v2\/product_tag?post=91660"}],"curies":[{"name":"wp","href":"https:\/\/api.w.org\/{rel}","templated":true}]}}