{"id":91664,"date":"2026-02-07T12:40:16","date_gmt":"2026-02-07T15:40:16","guid":{"rendered":"https:\/\/www.ecommerceupdate.org\/produto\/e-commerce-na-pratica\/"},"modified":"2026-03-13T15:23:55","modified_gmt":"2026-03-13T18:23:55","slug":"e-commerce-na-pratica","status":"publish","type":"product","link":"https:\/\/www.ecommerceupdate.com.br\/pt\/produto\/e-commerce-na-pratica\/","title":{"rendered":"E-Commerce na Pratica"},"content":{"rendered":"<div class=\"woocommerce-product-details\">\n<h3>Detalhes do produto<\/h3>\n<ul>\n<li>ASIN : B09W35JWMQ<\/li>\n<li>Editora : Clube de Autores<\/li>\n<li>Data da publica\u00e7\u00e3o : 15 mar\u00e7o 2022<\/li>\n<li>Idioma : Portugu\u00eas<\/li>\n<li>N\u00famero de p\u00e1ginas : 190 p\u00e1ginas<\/li>\n<li>Peso do produto : 240 g<\/li>\n<li>Ranking dos mais vendidos: N\u00ba 343.633 em Livros (Conhe\u00e7a o Top 100 na categoria Livros) N\u00ba 18.379 em Administra\u00e7\u00e3o, Neg\u00f3cios e Economia (Livros)<\/li>\n<li>N\u00ba 18.379 em Administra\u00e7\u00e3o, Neg\u00f3cios e Economia (Livros)<\/li>\n<\/ul><\/div>","protected":false},"excerpt":{"rendered":"<p>Montar uma loja na internet pode ser a sua chance de ter um grande neg\u00f3cio e competir com as maiores empresas do mercado, isso \u00e9 poss\u00edvel devido a facilidade em segmentar seu p\u00fablico alvo e oferecer exatamente o que esse grupo precisa, este livro \u00e9 um guia repleto de informa\u00e7\u00f5es atualizadas sobre o varejo virtual, m\u00eddias sociais, log\u00edstica e tecnologia.<\/p>","protected":false},"featured_media":0,"comment_status":"open","ping_status":"closed","template":"","meta":[],"product_cat":[1611,1595],"product_tag":[],"class_list":{"0":"post-91664","1":"product","2":"type-product","3":"status-publish","5":"product_brand-edicao-portugus-por-roberto-de-jesus-oliveira-autor","6":"product_cat-administracao-negocios-e-economia","7":"product_cat-livros","9":"first","10":"instock","11":"shipping-taxable","12":"purchasable","13":"product-type-simple"},"aioseo_notices":[],"_links":{"self":[{"href":"https:\/\/www.ecommerceupdate.com.br\/pt\/wp-json\/wp\/v2\/product\/91664","targetHints":{"allow":["GET"]}}],"collection":[{"href":"https:\/\/www.ecommerceupdate.com.br\/pt\/wp-json\/wp\/v2\/product"}],"about":[{"href":"https:\/\/www.ecommerceupdate.com.br\/pt\/wp-json\/wp\/v2\/types\/product"}],"replies":[{"embeddable":true,"href":"https:\/\/www.ecommerceupdate.com.br\/pt\/wp-json\/wp\/v2\/comments?post=91664"}],"wp:attachment":[{"href":"https:\/\/www.ecommerceupdate.com.br\/pt\/wp-json\/wp\/v2\/media?parent=91664"}],"wp:term":[{"taxonomy":"product_cat","embeddable":true,"href":"https:\/\/www.ecommerceupdate.com.br\/pt\/wp-json\/wp\/v2\/product_cat?post=91664"},{"taxonomy":"product_tag","embeddable":true,"href":"https:\/\/www.ecommerceupdate.com.br\/pt\/wp-json\/wp\/v2\/product_tag?post=91664"}],"curies":[{"name":"wp","href":"https:\/\/api.w.org\/{rel}","templated":true}]}}