{"id":93372,"date":"2026-03-03T23:00:48","date_gmt":"2026-03-04T02:00:48","guid":{"rendered":"https:\/\/www.ecommerceupdate.com.br\/produto\/marketplace-teoria-e-pratica-2\/"},"modified":"2026-03-13T15:28:34","modified_gmt":"2026-03-13T18:28:34","slug":"marketplace-teoria-e-pratica-2","status":"publish","type":"product","link":"https:\/\/www.ecommerceupdate.com.br\/pt\/produto\/marketplace-teoria-e-pratica-2\/","title":{"rendered":"Marketplace: Teoria e Pr\u00e1tica"},"content":{"rendered":"<div class=\"woocommerce-product-details\">\n<h3>Detalhes do produto<\/h3>\n<ul>\n<li>ASIN : B0BY5DPNLS<\/li>\n<li>Editora : Alexandre Villar\/ Soul Editora<\/li>\n<li>Acessibilidade : Saiba mais<\/li>\n<li>Data da publica\u00e7\u00e3o : 10 mar\u00e7o 2023<\/li>\n<li>Edi\u00e7\u00e3o : 2\u00ba<\/li>\n<li>Idioma : Portugu\u00eas<\/li>\n<li>Tamanho do arquivo : 2.1 MB<\/li>\n<li>Leitor de tela : Compat\u00edvel<\/li>\n<li>Configura\u00e7\u00e3o de fonte : Habilitado<\/li>\n<li>Dicas de vocabul\u00e1rio : N\u00e3o habilitado<\/li>\n<li>N\u00famero de p\u00e1ginas : 282 p\u00e1ginas<\/li>\n<li>ISBN-13 : 978-6586178906<\/li>\n<li>Page Flip : Habilitado<\/li>\n<li>Idade de leitura : 13 &#8211; 18 anos<\/li>\n<li>Ranking dos mais vendidos: N\u00ba 278.659 em Loja Kindle (Conhe\u00e7a o Top 100 na categoria Loja Kindle) N\u00ba 124 em Atendimento ao Cliente N\u00ba 294 em Web Marketing N\u00ba 1.720 em Marketing e Vendas<\/li>\n<li>N\u00ba 124 em Atendimento ao Cliente<\/li>\n<li>N\u00ba 294 em Web Marketing<\/li>\n<li>N\u00ba 1.720 em Marketing e Vendas<\/li>\n<\/ul><\/div>","protected":false},"excerpt":{"rendered":"<p>Diante de um mundo cheio de inova\u00e7\u00f5es e um mercado de varejo buscando novos rumos para suas vendas, vender em marketplace se tornou um caminho muito interessante para milhares de empresas. Aproveitando a visibilidade que grandes portais possuem para capta\u00e7\u00e3o de cliente, entrar neste mercado inovador tem suas fa\u00e7anhas e riscos. Entender sobre cada detalhe do mercado e suas dificuldades tornar\u00e1 o seu trabalho muito mais f\u00e1cil. Neste livro, voc\u00ea poder\u00e1 encontrar a solu\u00e7\u00e3o para v\u00e1rias delas e se tornar um empreendedor de sucesso.<\/p>","protected":false},"featured_media":93372,"comment_status":"open","ping_status":"closed","template":"","meta":[],"product_cat":[1611,1613,1595],"product_tag":[],"class_list":{"0":"post-93372","1":"product","2":"type-product","3":"status-publish","4":"has-post-thumbnail","6":"product_brand-por-alexandre-villar-autor-formato-ebook-kindle","7":"product_cat-administracao-negocios-e-economia","8":"product_cat-industrias-e-profissoes","9":"product_cat-livros","11":"first","12":"instock","13":"shipping-taxable","14":"purchasable","15":"product-type-simple"},"aioseo_notices":[],"_links":{"self":[{"href":"https:\/\/www.ecommerceupdate.com.br\/pt\/wp-json\/wp\/v2\/product\/93372","targetHints":{"allow":["GET"]}}],"collection":[{"href":"https:\/\/www.ecommerceupdate.com.br\/pt\/wp-json\/wp\/v2\/product"}],"about":[{"href":"https:\/\/www.ecommerceupdate.com.br\/pt\/wp-json\/wp\/v2\/types\/product"}],"replies":[{"embeddable":true,"href":"https:\/\/www.ecommerceupdate.com.br\/pt\/wp-json\/wp\/v2\/comments?post=93372"}],"wp:featuredmedia":[{"embeddable":true,"href":"https:\/\/www.ecommerceupdate.com.br\/pt\/wp-json\/wp\/v2\/product\/93372"}],"wp:attachment":[{"href":"https:\/\/www.ecommerceupdate.com.br\/pt\/wp-json\/wp\/v2\/media?parent=93372"}],"wp:term":[{"taxonomy":"product_cat","embeddable":true,"href":"https:\/\/www.ecommerceupdate.com.br\/pt\/wp-json\/wp\/v2\/product_cat?post=93372"},{"taxonomy":"product_tag","embeddable":true,"href":"https:\/\/www.ecommerceupdate.com.br\/pt\/wp-json\/wp\/v2\/product_tag?post=93372"}],"curies":[{"name":"wp","href":"https:\/\/api.w.org\/{rel}","templated":true}]}}